{"id":1357,"date":"2022-06-10T09:17:46","date_gmt":"2022-06-10T09:17:46","guid":{"rendered":"https:\/\/kolnberg.com.tr\/?page_id=1357"},"modified":"2024-10-13T14:33:44","modified_gmt":"2024-10-13T14:33:44","slug":"hakkimizda","status":"publish","type":"page","link":"https:\/\/kolnberg.com.tr\/ru\/hakkimizda\/","title":{"rendered":"\u041e \u043d\u0430\u0441"},"content":{"rendered":"<p>[vc_row][vc_column width=&#187;1\/2&#8243;][vc_column_text]\u041a\u043e\u043c\u043f\u0430\u043d\u0438\u044f K\u00d6LNBERG Debriyaj \u0431\u044b\u043b\u0430 \u043e\u0441\u043d\u043e\u0432\u0430\u043d\u0430 \u0432 \u0418\u0437\u043c\u0438\u0440\u0435. K\u00d6LNBERG \u043f\u0440\u043e\u0438\u0437\u0432\u043e\u0434\u0438\u0442 \u043a\u043e\u043c\u043f\u043b\u0435\u043a\u0442\u044b \u0441\u0446\u0435\u043f\u043b\u0435\u043d\u0438\u044f, \u043e\u0434\u043d\u043e\u043c\u0430\u0441\u0441\u043e\u0432\u044b\u0435 \u043c\u0430\u0445\u043e\u0432\u0438\u043a\u0438, \u0434\u0432\u0443\u0445\u043c\u0430\u0441\u0441\u043e\u0432\u044b\u0435 \u043c\u0430\u0445\u043e\u0432\u0438\u043a\u0438 (DMF) \u0438 \u043f\u0435\u0440\u0435\u043e\u0431\u043e\u0440\u0443\u0434\u043e\u0432\u0430\u043d\u043d\u044b\u0435 \u043a\u043e\u043c\u043f\u043b\u0435\u043a\u0442\u044b, \u043f\u043e\u0434\u0445\u043e\u0434\u044f\u0449\u0438\u0435 \u0434\u043b\u044f \u0442\u044f\u0436\u0435\u043b\u044b\u0445 \u0442\u0440\u0430\u043d\u0441\u043f\u043e\u0440\u0442\u043d\u044b\u0445 \u0441\u0440\u0435\u0434\u0441\u0442\u0432 (\u0442\u0440\u0430\u043a\u0442\u043e\u0440\u043e\u0432, \u0433\u0440\u0443\u0437\u043e\u0432\u0438\u043a\u043e\u0432 \u0438 \u0430\u0432\u0442\u043e\u0431\u0443\u0441\u043e\u0432), \u043b\u0435\u0433\u043a\u0438\u0445 \u043a\u043e\u043c\u043c\u0435\u0440\u0447\u0435\u0441\u043a\u0438\u0445 \u0430\u0432\u0442\u043e\u043c\u043e\u0431\u0438\u043b\u0435\u0439, \u043b\u0435\u0433\u043a\u043e\u0432\u044b\u0445 \u0430\u0432\u0442\u043e\u043c\u043e\u0431\u0438\u043b\u0435\u0439 \u0438 \u0442\u0440\u0430\u043a\u0442\u043e\u0440\u043e\u0432 \u0434\u043b\u044f \u0440\u044b\u043d\u043a\u0430 \u0437\u0430\u043c\u0435\u043d\u044b \u0441\u0446\u0435\u043f\u043b\u0435\u043d\u0438\u044f. \u0421 \u043c\u043e\u043c\u0435\u043d\u0442\u0430 \u0441\u0432\u043e\u0435\u0433\u043e \u043e\u0441\u043d\u043e\u0432\u0430\u043d\u0438\u044f \u043a\u043e\u043c\u043f\u0430\u043d\u0438\u044f \u043f\u0435\u0440\u0435\u043d\u043e\u0441\u0438\u0442 \u043a\u0443\u043b\u044c\u0442\u0443\u0440\u0443 \u0438 \u043e\u043f\u044b\u0442, \u043f\u043e\u043b\u0443\u0447\u0435\u043d\u043d\u044b\u0435 \u043e\u0442 \u0433\u0440\u0443\u043f\u043f OEM \u0438 OES \u0430\u0432\u0442\u043e\u043c\u043e\u0431\u0438\u043b\u044c\u043d\u043e\u0439 \u043f\u0440\u043e\u043c\u044b\u0448\u043b\u0435\u043d\u043d\u043e\u0441\u0442\u0438, \u043d\u0430 \u0440\u044b\u043d\u043e\u043a \u043f\u043e\u0441\u043b\u0435\u043f\u0440\u043e\u0434\u0430\u0436\u043d\u043e\u0433\u043e \u043e\u0431\u0441\u043b\u0443\u0436\u0438\u0432\u0430\u043d\u0438\u044f \u043f\u043e\u0434 \u0431\u0440\u0435\u043d\u0434\u043e\u043c K\u00d6LNBERG Clutch. \u0411\u043b\u0430\u0433\u043e\u0434\u0430\u0440\u044f \u0441\u0432\u043e\u0435\u0439 \u0442\u0435\u0445\u043d\u043e\u043b\u043e\u0433\u0438\u0447\u0435\u0441\u043a\u043e\u0439 \u0438\u043d\u0444\u0440\u0430\u0441\u0442\u0440\u0443\u043a\u0442\u0443\u0440\u0435 \u0438 \u043e\u043f\u044b\u0442\u043d\u043e\u043c\u0443 \u043f\u0435\u0440\u0441\u043e\u043d\u0430\u043b\u0443 \u043a\u043e\u043c\u043f\u0430\u043d\u0438\u044f \u043e\u0441\u0443\u0449\u0435\u0441\u0442\u0432\u043b\u044f\u0435\u0442 \u043f\u0440\u043e\u0435\u043a\u0442\u0438\u0440\u043e\u0432\u0430\u043d\u0438\u0435 \u0438 \u0442\u0435\u0441\u0442\u0438\u0440\u043e\u0432\u0430\u043d\u0438\u0435 \u043f\u0440\u043e\u0434\u0443\u043a\u0446\u0438\u0438 \u0432 \u0441\u043e\u043e\u0442\u0432\u0435\u0442\u0441\u0442\u0432\u0438\u0438 \u0441\u043e \u0441\u0442\u0430\u043d\u0434\u0430\u0440\u0442\u0430\u043c\u0438 \u0430\u0432\u0442\u043e\u043c\u043e\u0431\u0438\u043b\u044c\u043d\u043e\u0439 \u043f\u0440\u043e\u043c\u044b\u0448\u043b\u0435\u043d\u043d\u043e\u0441\u0442\u0438. \u041a\u0430\u0436\u0434\u044b\u0439 \u0434\u0435\u043d\u044c \u043a\u043e\u043c\u043f\u0430\u043d\u0438\u044f \u0434\u043e\u0431\u0430\u0432\u043b\u044f\u0435\u0442 \u043d\u043e\u0432\u044b\u0435 \u043f\u0440\u043e\u0434\u0443\u043a\u0442\u044b \u0432 \u0441\u0432\u043e\u0439 \u0430\u0441\u0441\u043e\u0440\u0442\u0438\u043c\u0435\u043d\u0442 \u0432 \u0441\u043e\u043e\u0442\u0432\u0435\u0442\u0441\u0442\u0432\u0438\u0438 \u0441 \u0438\u0441\u0441\u043b\u0435\u0434\u043e\u0432\u0430\u043d\u0438\u044f\u043c\u0438 \u0432 \u043e\u0431\u043b\u0430\u0441\u0442\u0438 \u0438\u0441\u0441\u043b\u0435\u0434\u043e\u0432\u0430\u043d\u0438\u0439 \u0438 \u0440\u0430\u0437\u0440\u0430\u0431\u043e\u0442\u043e\u043a \u0438 \u0438\u0441\u0441\u043b\u0435\u0434\u043e\u0432\u0430\u043d\u0438\u0439 \u0438 \u0440\u0430\u0437\u0440\u0430\u0431\u043e\u0442\u043e\u043a.<\/p>\n<p style=\"text-align: justify;\"><span style=\"color: black;\"><strong>\u041d\u0430\u0448\u0430 \u041c\u0438\u0441\u0441\u0438\u044f:<\/strong> \u041f\u0440\u0435\u0434\u043b\u0430\u0433\u0430\u0442\u044c \u044d\u0444\u0444\u0435\u043a\u0442\u0438\u0432\u043d\u044b\u0435 \u0430\u043b\u044c\u0442\u0435\u0440\u043d\u0430\u0442\u0438\u0432\u044b \u0432\u043d\u0443\u0442\u0440\u0435\u043d\u043d\u0435\u043c\u0443 \u0438 \u043c\u0435\u0436\u0434\u0443\u043d\u0430\u0440\u043e\u0434\u043d\u043e\u043c\u0443 \u0430\u0432\u0442\u043e\u043c\u043e\u0431\u0438\u043b\u044c\u043d\u043e\u043c\u0443 \u0432\u0442\u043e\u0440\u0438\u0447\u043d\u043e\u043c\u0443 \u0440\u044b\u043d\u043a\u0443, \u0440\u0430\u0437\u0440\u0430\u0431\u0430\u0442\u044b\u0432\u0430\u044f \u0438 \u043f\u0440\u043e\u0438\u0437\u0432\u043e\u0434\u044f \u0432\u044b\u0441\u043e\u043a\u043e\u043a\u0430\u0447\u0435\u0441\u0442\u0432\u0435\u043d\u043d\u044b\u0435 \u0438 \u0434\u043e\u0441\u0442\u0443\u043f\u043d\u044b\u0435 \u0437\u0430\u043f\u0430\u0441\u043d\u044b\u0435 \u0447\u0430\u0441\u0442\u0438 \u0431\u0435\u0437 \u0443\u0449\u0435\u0440\u0431\u0430 \u0434\u043b\u044f \u0438\u0445 \u0441\u0442\u043e\u0438\u043c\u043e\u0441\u0442\u0438.<\/span><\/p>\n<p style=\"text-align: justify;\"><span style=\"color: black;\"><strong>\u041d\u0430\u0448\u0435 \u0432\u0438\u0434\u0435\u043d\u0438\u0435:\u00a0<\/strong> \u0431\u044b\u0442\u044c \u043d\u0430\u0434\u0435\u0436\u043d\u044b\u043c \u0434\u043b\u044f \u0432\u0441\u0435\u0445 \u0434\u0435\u043b\u043e\u0432\u044b\u0445 \u043f\u0430\u0440\u0442\u043d\u0435\u0440\u043e\u0432 \u0438 \u043a\u043e\u043d\u0435\u0447\u043d\u044b\u0445 \u043f\u043e\u043b\u044c\u0437\u043e\u0432\u0430\u0442\u0435\u043b\u0435\u0439 \u0432 \u044d\u0442\u043e\u043c \u0441\u0435\u043a\u0442\u043e\u0440\u0435. \u041f\u0440\u0435\u0434\u043b\u0430\u0433\u0430\u0442\u044c \u043d\u0430 \u0432\u0442\u043e\u0440\u0438\u0447\u043d\u044b\u0439 \u0440\u044b\u043d\u043e\u043a \u0432\u044b\u0441\u043e\u043a\u043e\u043a\u0430\u0447\u0435\u0441\u0442\u0432\u0435\u043d\u043d\u044b\u0435 \u0437\u0430\u043f\u0447\u0430\u0441\u0442\u0438 \u043d\u0430 \u0441\u0430\u043c\u044b\u0445 \u0432\u044b\u0433\u043e\u0434\u043d\u044b\u0445 \u0443\u0441\u043b\u043e\u0432\u0438\u044f\u0445 \u0441 \u043e\u0440\u0438\u0433\u0438\u043d\u0430\u043b\u044c\u043d\u044b\u043c\u0438 \u043a\u043e\u043d\u0441\u0442\u0440\u0443\u043a\u0446\u0438\u044f\u043c\u0438 \u0438 \u0440\u0435\u0448\u0435\u043d\u0438\u044f\u043c\u0438.<\/span><\/p>\n<p>[\/vc_column_text][\/vc_column][vc_column width=&#187;1\/2&#8243;][vc_empty_space height=&#187;20px&#187;][vc_single_image image=&#187;1838&#8243; img_size=&#187;full&#187;][vc_empty_space height=&#187;20px&#187;][\/vc_column][\/vc_row][vc_row][vc_column][vc_column_text]<\/p>\n<p>[\/vc_column_text][\/vc_column][\/vc_row]<\/p>\n","protected":false},"excerpt":{"rendered":"<p>[vc_row][vc_column width=&#187;1\/2&#8243;][vc_column_text]\u041a\u043e\u043c\u043f\u0430\u043d\u0438\u044f K\u00d6LNBERG Debriyaj \u0431\u044b\u043b\u0430 \u043e\u0441\u043d\u043e\u0432\u0430\u043d\u0430 \u0432 \u0418\u0437\u043c\u0438\u0440\u0435. K\u00d6LNBERG \u043f\u0440\u043e\u0438\u0437\u0432\u043e\u0434\u0438\u0442 \u043a\u043e\u043c\u043f\u043b\u0435\u043a\u0442\u044b \u0441\u0446\u0435\u043f\u043b\u0435\u043d\u0438\u044f, \u043e\u0434\u043d\u043e\u043c\u0430\u0441\u0441\u043e\u0432\u044b\u0435 \u043c\u0430\u0445\u043e\u0432\u0438\u043a\u0438, \u0434\u0432\u0443\u0445\u043c\u0430\u0441\u0441\u043e\u0432\u044b\u0435 \u043c\u0430\u0445\u043e\u0432\u0438\u043a\u0438 (DMF) \u0438 \u043f\u0435\u0440\u0435\u043e\u0431\u043e\u0440\u0443\u0434\u043e\u0432\u0430\u043d\u043d\u044b\u0435 \u043a\u043e\u043c\u043f\u043b\u0435\u043a\u0442\u044b, \u043f\u043e\u0434\u0445\u043e\u0434\u044f\u0449\u0438\u0435 \u0434\u043b\u044f \u0442\u044f\u0436\u0435\u043b\u044b\u0445 \u0442\u0440\u0430\u043d\u0441\u043f\u043e\u0440\u0442\u043d\u044b\u0445 \u0441\u0440\u0435\u0434\u0441\u0442\u0432 (\u0442\u0440\u0430\u043a\u0442\u043e\u0440\u043e\u0432, \u0433\u0440\u0443\u0437\u043e\u0432\u0438\u043a\u043e\u0432 \u0438 \u0430\u0432\u0442\u043e\u0431\u0443\u0441\u043e\u0432), \u043b\u0435\u0433\u043a\u0438\u0445 \u043a\u043e\u043c\u043c\u0435\u0440\u0447\u0435\u0441\u043a\u0438\u0445 \u0430\u0432\u0442\u043e\u043c\u043e\u0431\u0438\u043b\u0435\u0439, \u043b\u0435\u0433\u043a\u043e\u0432\u044b\u0445 \u0430\u0432\u0442\u043e\u043c\u043e\u0431\u0438\u043b\u0435\u0439 \u0438 \u0442\u0440\u0430\u043a\u0442\u043e\u0440\u043e\u0432 \u0434\u043b\u044f \u0440\u044b\u043d\u043a\u0430 \u0437\u0430\u043c\u0435\u043d\u044b \u0441\u0446\u0435\u043f\u043b\u0435\u043d\u0438\u044f. \u0421 \u043c\u043e\u043c\u0435\u043d\u0442\u0430 \u0441\u0432\u043e\u0435\u0433\u043e \u043e\u0441\u043d\u043e\u0432\u0430\u043d\u0438\u044f \u043a\u043e\u043c\u043f\u0430\u043d\u0438\u044f \u043f\u0435\u0440\u0435\u043d\u043e\u0441\u0438\u0442 \u043a\u0443\u043b\u044c\u0442\u0443\u0440\u0443 \u0438 \u043e\u043f\u044b\u0442, \u043f\u043e\u043b\u0443\u0447\u0435\u043d\u043d\u044b\u0435 \u043e\u0442 \u0433\u0440\u0443\u043f\u043f OEM \u0438 OES [&hellip;]<\/p>\n","protected":false},"author":3,"featured_media":0,"parent":0,"menu_order":0,"comment_status":"closed","ping_status":"closed","template":"","meta":[],"yoast_head":"<!-- This site is optimized with the Yoast SEO plugin v19.7.2 - https:\/\/yoast.com\/wordpress\/plugins\/seo\/ -->\n<title>\u041e \u043d\u0430\u0441 - K\u00f6lnberg Clutch<\/title>\n<meta name=\"robots\" content=\"index, follow, max-snippet:-1, max-image-preview:large, max-video-preview:-1\" \/>\n<link rel=\"canonical\" href=\"https:\/\/kolnberg.com.tr\/fr\/hakkimizda\/\" \/>\n<meta property=\"og:locale\" content=\"ru_RU\" \/>\n<meta property=\"og:type\" content=\"article\" \/>\n<meta property=\"og:title\" content=\"\u041e \u043d\u0430\u0441\" \/>\n<meta property=\"og:description\" content=\"[vc_row][vc_column width=&#187;1\/2&#8243;][vc_column_text]\u041a\u043e\u043c\u043f\u0430\u043d\u0438\u044f K\u00d6LNBERG Debriyaj \u0431\u044b\u043b\u0430 \u043e\u0441\u043d\u043e\u0432\u0430\u043d\u0430 \u0432 \u0418\u0437\u043c\u0438\u0440\u0435. K\u00d6LNBERG \u043f\u0440\u043e\u0438\u0437\u0432\u043e\u0434\u0438\u0442 \u043a\u043e\u043c\u043f\u043b\u0435\u043a\u0442\u044b \u0441\u0446\u0435\u043f\u043b\u0435\u043d\u0438\u044f, \u043e\u0434\u043d\u043e\u043c\u0430\u0441\u0441\u043e\u0432\u044b\u0435 \u043c\u0430\u0445\u043e\u0432\u0438\u043a\u0438, \u0434\u0432\u0443\u0445\u043c\u0430\u0441\u0441\u043e\u0432\u044b\u0435 \u043c\u0430\u0445\u043e\u0432\u0438\u043a\u0438 (DMF) \u0438 \u043f\u0435\u0440\u0435\u043e\u0431\u043e\u0440\u0443\u0434\u043e\u0432\u0430\u043d\u043d\u044b\u0435 \u043a\u043e\u043c\u043f\u043b\u0435\u043a\u0442\u044b, \u043f\u043e\u0434\u0445\u043e\u0434\u044f\u0449\u0438\u0435 \u0434\u043b\u044f \u0442\u044f\u0436\u0435\u043b\u044b\u0445 \u0442\u0440\u0430\u043d\u0441\u043f\u043e\u0440\u0442\u043d\u044b\u0445 \u0441\u0440\u0435\u0434\u0441\u0442\u0432 (\u0442\u0440\u0430\u043a\u0442\u043e\u0440\u043e\u0432, \u0433\u0440\u0443\u0437\u043e\u0432\u0438\u043a\u043e\u0432 \u0438 \u0430\u0432\u0442\u043e\u0431\u0443\u0441\u043e\u0432), \u043b\u0435\u0433\u043a\u0438\u0445 \u043a\u043e\u043c\u043c\u0435\u0440\u0447\u0435\u0441\u043a\u0438\u0445 \u0430\u0432\u0442\u043e\u043c\u043e\u0431\u0438\u043b\u0435\u0439, \u043b\u0435\u0433\u043a\u043e\u0432\u044b\u0445 \u0430\u0432\u0442\u043e\u043c\u043e\u0431\u0438\u043b\u0435\u0439 \u0438 \u0442\u0440\u0430\u043a\u0442\u043e\u0440\u043e\u0432 \u0434\u043b\u044f \u0440\u044b\u043d\u043a\u0430 \u0437\u0430\u043c\u0435\u043d\u044b \u0441\u0446\u0435\u043f\u043b\u0435\u043d\u0438\u044f. \u0421 \u043c\u043e\u043c\u0435\u043d\u0442\u0430 \u0441\u0432\u043e\u0435\u0433\u043e \u043e\u0441\u043d\u043e\u0432\u0430\u043d\u0438\u044f \u043a\u043e\u043c\u043f\u0430\u043d\u0438\u044f \u043f\u0435\u0440\u0435\u043d\u043e\u0441\u0438\u0442 \u043a\u0443\u043b\u044c\u0442\u0443\u0440\u0443 \u0438 \u043e\u043f\u044b\u0442, \u043f\u043e\u043b\u0443\u0447\u0435\u043d\u043d\u044b\u0435 \u043e\u0442 \u0433\u0440\u0443\u043f\u043f OEM \u0438 OES [&hellip;]\" \/>\n<meta property=\"og:url\" content=\"https:\/\/kolnberg.com.tr\/fr\/hakkimizda\/\" \/>\n<meta property=\"og:site_name\" content=\"K\u00f6lnberg Clutch\" \/>\n<meta property=\"article:modified_time\" content=\"2024-10-13T14:33:44+00:00\" \/>\n<meta name=\"twitter:card\" content=\"summary_large_image\" \/>\n<meta name=\"twitter:label1\" content=\"\u041f\u0440\u0438\u043c\u0435\u0440\u043d\u043e\u0435 \u0432\u0440\u0435\u043c\u044f \u0434\u043b\u044f \u0447\u0442\u0435\u043d\u0438\u044f\" \/>\n\t<meta name=\"twitter:data1\" content=\"2 \u043c\u0438\u043d\u0443\u0442\u044b\" \/>\n<script type=\"application\/ld+json\" class=\"yoast-schema-graph\">{\"@context\":\"https:\/\/schema.org\",\"@graph\":[{\"@type\":\"WebPage\",\"@id\":\"https:\/\/kolnberg.com.tr\/fr\/hakkimizda\/\",\"url\":\"https:\/\/kolnberg.com.tr\/fr\/hakkimizda\/\",\"name\":\"[:tr]Hakk\u0131m\u0131zda[:en]About Us[:fr]\u00c2 propos de nous[:es]Sobre Nosotros[:ru]\u041e \u043d\u0430\u0441[:] - K\u00f6lnberg Clutch\",\"isPartOf\":{\"@id\":\"https:\/\/kolnberg.com.tr\/#website\"},\"datePublished\":\"2022-06-10T09:17:46+00:00\",\"dateModified\":\"2024-10-13T14:33:44+00:00\",\"breadcrumb\":{\"@id\":\"https:\/\/kolnberg.com.tr\/fr\/hakkimizda\/#breadcrumb\"},\"inLanguage\":\"ru-RU\",\"potentialAction\":[{\"@type\":\"ReadAction\",\"target\":[\"https:\/\/kolnberg.com.tr\/fr\/hakkimizda\/\"]}]},{\"@type\":\"BreadcrumbList\",\"@id\":\"https:\/\/kolnberg.com.tr\/fr\/hakkimizda\/#breadcrumb\",\"itemListElement\":[{\"@type\":\"ListItem\",\"position\":1,\"name\":\"Anasayfa\",\"item\":\"https:\/\/kolnberg.com.tr\/es\/\"},{\"@type\":\"ListItem\",\"position\":2,\"name\":\"\u00c2 propos de nous\"}]},{\"@type\":\"WebSite\",\"@id\":\"https:\/\/kolnberg.com.tr\/#website\",\"url\":\"https:\/\/kolnberg.com.tr\/\",\"name\":\"K\u00f6lnberg Clutch\",\"description\":\"Smart Solutions\",\"publisher\":{\"@id\":\"https:\/\/kolnberg.com.tr\/#organization\"},\"potentialAction\":[{\"@type\":\"SearchAction\",\"target\":{\"@type\":\"EntryPoint\",\"urlTemplate\":\"https:\/\/kolnberg.com.tr\/?s={search_term_string}\"},\"query-input\":\"required name=search_term_string\"}],\"inLanguage\":\"ru-RU\"},{\"@type\":\"Organization\",\"@id\":\"https:\/\/kolnberg.com.tr\/#organization\",\"name\":\"K\u00f6lnberg Clutch\",\"url\":\"https:\/\/kolnberg.com.tr\/\",\"sameAs\":[],\"logo\":{\"@type\":\"ImageObject\",\"inLanguage\":\"ru-RU\",\"@id\":\"https:\/\/kolnberg.com.tr\/#\/schema\/logo\/image\/\",\"url\":\"https:\/\/kolnberg.com.tr\/wp-content\/uploads\/2022\/06\/kolnberg-kurumsal-logo.png\",\"contentUrl\":\"https:\/\/kolnberg.com.tr\/wp-content\/uploads\/2022\/06\/kolnberg-kurumsal-logo.png\",\"width\":270,\"height\":70,\"caption\":\"K\u00f6lnberg Clutch\"},\"image\":{\"@id\":\"https:\/\/kolnberg.com.tr\/#\/schema\/logo\/image\/\"}}]}<\/script>\n<!-- \/ Yoast SEO plugin. -->","yoast_head_json":{"title":"\u041e \u043d\u0430\u0441 - K\u00f6lnberg Clutch","robots":{"index":"index","follow":"follow","max-snippet":"max-snippet:-1","max-image-preview":"max-image-preview:large","max-video-preview":"max-video-preview:-1"},"canonical":"https:\/\/kolnberg.com.tr\/fr\/hakkimizda\/","og_locale":"ru_RU","og_type":"article","og_title":"[:tr]Hakk\u0131m\u0131zda[:en]About Us[:fr]\u00c2 propos de nous[:es]Sobre Nosotros[:ru]\u041e \u043d\u0430\u0441[:] - K\u00f6lnberg Clutch","og_description":"[vc_row][vc_column width=&#187;1\/2&#8243;][vc_column_text]\u041a\u043e\u043c\u043f\u0430\u043d\u0438\u044f K\u00d6LNBERG Debriyaj \u0431\u044b\u043b\u0430 \u043e\u0441\u043d\u043e\u0432\u0430\u043d\u0430 \u0432 \u0418\u0437\u043c\u0438\u0440\u0435. K\u00d6LNBERG \u043f\u0440\u043e\u0438\u0437\u0432\u043e\u0434\u0438\u0442 \u043a\u043e\u043c\u043f\u043b\u0435\u043a\u0442\u044b \u0441\u0446\u0435\u043f\u043b\u0435\u043d\u0438\u044f, \u043e\u0434\u043d\u043e\u043c\u0430\u0441\u0441\u043e\u0432\u044b\u0435 \u043c\u0430\u0445\u043e\u0432\u0438\u043a\u0438, \u0434\u0432\u0443\u0445\u043c\u0430\u0441\u0441\u043e\u0432\u044b\u0435 \u043c\u0430\u0445\u043e\u0432\u0438\u043a\u0438 (DMF) \u0438 \u043f\u0435\u0440\u0435\u043e\u0431\u043e\u0440\u0443\u0434\u043e\u0432\u0430\u043d\u043d\u044b\u0435 \u043a\u043e\u043c\u043f\u043b\u0435\u043a\u0442\u044b, \u043f\u043e\u0434\u0445\u043e\u0434\u044f\u0449\u0438\u0435 \u0434\u043b\u044f \u0442\u044f\u0436\u0435\u043b\u044b\u0445 \u0442\u0440\u0430\u043d\u0441\u043f\u043e\u0440\u0442\u043d\u044b\u0445 \u0441\u0440\u0435\u0434\u0441\u0442\u0432 (\u0442\u0440\u0430\u043a\u0442\u043e\u0440\u043e\u0432, \u0433\u0440\u0443\u0437\u043e\u0432\u0438\u043a\u043e\u0432 \u0438 \u0430\u0432\u0442\u043e\u0431\u0443\u0441\u043e\u0432), \u043b\u0435\u0433\u043a\u0438\u0445 \u043a\u043e\u043c\u043c\u0435\u0440\u0447\u0435\u0441\u043a\u0438\u0445 \u0430\u0432\u0442\u043e\u043c\u043e\u0431\u0438\u043b\u0435\u0439, \u043b\u0435\u0433\u043a\u043e\u0432\u044b\u0445 \u0430\u0432\u0442\u043e\u043c\u043e\u0431\u0438\u043b\u0435\u0439 \u0438 \u0442\u0440\u0430\u043a\u0442\u043e\u0440\u043e\u0432 \u0434\u043b\u044f \u0440\u044b\u043d\u043a\u0430 \u0437\u0430\u043c\u0435\u043d\u044b \u0441\u0446\u0435\u043f\u043b\u0435\u043d\u0438\u044f. \u0421 \u043c\u043e\u043c\u0435\u043d\u0442\u0430 \u0441\u0432\u043e\u0435\u0433\u043e \u043e\u0441\u043d\u043e\u0432\u0430\u043d\u0438\u044f \u043a\u043e\u043c\u043f\u0430\u043d\u0438\u044f \u043f\u0435\u0440\u0435\u043d\u043e\u0441\u0438\u0442 \u043a\u0443\u043b\u044c\u0442\u0443\u0440\u0443 \u0438 \u043e\u043f\u044b\u0442, \u043f\u043e\u043b\u0443\u0447\u0435\u043d\u043d\u044b\u0435 \u043e\u0442 \u0433\u0440\u0443\u043f\u043f OEM \u0438 OES [&hellip;]","og_url":"https:\/\/kolnberg.com.tr\/fr\/hakkimizda\/","og_site_name":"K\u00f6lnberg Clutch","article_modified_time":"2024-10-13T14:33:44+00:00","twitter_card":"summary_large_image","twitter_misc":{"\u041f\u0440\u0438\u043c\u0435\u0440\u043d\u043e\u0435 \u0432\u0440\u0435\u043c\u044f \u0434\u043b\u044f \u0447\u0442\u0435\u043d\u0438\u044f":"2 \u043c\u0438\u043d\u0443\u0442\u044b"},"schema":{"@context":"https:\/\/schema.org","@graph":[{"@type":"WebPage","@id":"https:\/\/kolnberg.com.tr\/fr\/hakkimizda\/","url":"https:\/\/kolnberg.com.tr\/fr\/hakkimizda\/","name":"[:tr]Hakk\u0131m\u0131zda[:en]About Us[:fr]\u00c2 propos de nous[:es]Sobre Nosotros[:ru]\u041e \u043d\u0430\u0441[:] - K\u00f6lnberg Clutch","isPartOf":{"@id":"https:\/\/kolnberg.com.tr\/#website"},"datePublished":"2022-06-10T09:17:46+00:00","dateModified":"2024-10-13T14:33:44+00:00","breadcrumb":{"@id":"https:\/\/kolnberg.com.tr\/fr\/hakkimizda\/#breadcrumb"},"inLanguage":"ru-RU","potentialAction":[{"@type":"ReadAction","target":["https:\/\/kolnberg.com.tr\/fr\/hakkimizda\/"]}]},{"@type":"BreadcrumbList","@id":"https:\/\/kolnberg.com.tr\/fr\/hakkimizda\/#breadcrumb","itemListElement":[{"@type":"ListItem","position":1,"name":"Anasayfa","item":"https:\/\/kolnberg.com.tr\/es\/"},{"@type":"ListItem","position":2,"name":"\u00c2 propos de nous"}]},{"@type":"WebSite","@id":"https:\/\/kolnberg.com.tr\/#website","url":"https:\/\/kolnberg.com.tr\/","name":"K\u00f6lnberg Clutch","description":"Smart Solutions","publisher":{"@id":"https:\/\/kolnberg.com.tr\/#organization"},"potentialAction":[{"@type":"SearchAction","target":{"@type":"EntryPoint","urlTemplate":"https:\/\/kolnberg.com.tr\/?s={search_term_string}"},"query-input":"required name=search_term_string"}],"inLanguage":"ru-RU"},{"@type":"Organization","@id":"https:\/\/kolnberg.com.tr\/#organization","name":"K\u00f6lnberg Clutch","url":"https:\/\/kolnberg.com.tr\/","sameAs":[],"logo":{"@type":"ImageObject","inLanguage":"ru-RU","@id":"https:\/\/kolnberg.com.tr\/#\/schema\/logo\/image\/","url":"https:\/\/kolnberg.com.tr\/wp-content\/uploads\/2022\/06\/kolnberg-kurumsal-logo.png","contentUrl":"https:\/\/kolnberg.com.tr\/wp-content\/uploads\/2022\/06\/kolnberg-kurumsal-logo.png","width":270,"height":70,"caption":"K\u00f6lnberg Clutch"},"image":{"@id":"https:\/\/kolnberg.com.tr\/#\/schema\/logo\/image\/"}}]}},"_links":{"self":[{"href":"https:\/\/kolnberg.com.tr\/ru\/wp-json\/wp\/v2\/pages\/1357"}],"collection":[{"href":"https:\/\/kolnberg.com.tr\/ru\/wp-json\/wp\/v2\/pages"}],"about":[{"href":"https:\/\/kolnberg.com.tr\/ru\/wp-json\/wp\/v2\/types\/page"}],"author":[{"embeddable":true,"href":"https:\/\/kolnberg.com.tr\/ru\/wp-json\/wp\/v2\/users\/3"}],"replies":[{"embeddable":true,"href":"https:\/\/kolnberg.com.tr\/ru\/wp-json\/wp\/v2\/comments?post=1357"}],"version-history":[{"count":45,"href":"https:\/\/kolnberg.com.tr\/ru\/wp-json\/wp\/v2\/pages\/1357\/revisions"}],"predecessor-version":[{"id":2001,"href":"https:\/\/kolnberg.com.tr\/ru\/wp-json\/wp\/v2\/pages\/1357\/revisions\/2001"}],"wp:attachment":[{"href":"https:\/\/kolnberg.com.tr\/ru\/wp-json\/wp\/v2\/media?parent=1357"}],"curies":[{"name":"wp","href":"https:\/\/api.w.org\/{rel}","templated":true}]}}