{"id":20,"date":"2016-05-19T06:50:06","date_gmt":"2016-05-19T06:50:06","guid":{"rendered":"http:\/\/themes.g5plus.net\/pithree\/?page_id=20"},"modified":"2024-10-13T14:27:31","modified_gmt":"2024-10-13T14:27:31","slug":"home-1","status":"publish","type":"page","link":"https:\/\/kolnberg.com.tr\/fr\/","title":{"rendered":"Page D&#039;accueil"},"content":{"rendered":"<p>[vc_row][vc_column][rev_slider_vc alias=\u00a0\u00bbpithree-slider\u00a0\u00bb][\/vc_column][\/vc_row][vc_row layout=\u00a0\u00bbcontainer\u00a0\u00bb][vc_column][vc_empty_space][vc_custom_heading text=\u00a0\u00bbNOS PRODUITS\u00a0\u00bb font_container=\u00a0\u00bbtag:h1|font_size:60|text_align:center|color:%23000000&Prime; google_fonts=\u00a0\u00bbfont_family:Basic%3Aregular|font_style:400%20regular%3A400%3Anormal\u00a0\u00bb][vc_separator color=\u00a0\u00bbblack\u00a0\u00bb style=\u00a0\u00bbshadow\u00a0\u00bb][vc_empty_space height=\u00a0\u00bb20&Prime;][\/vc_column][vc_column width=\u00a0\u00bb1\/4&Prime;][vc_single_image image=\u00a0\u00bb1825&Prime; img_size=\u00a0\u00bbmedium\u00a0\u00bb alignment=\u00a0\u00bbcenter\u00a0\u00bb style=\u00a0\u00bbvc_box_shadow_3d\u00a0\u00bb][vc_custom_heading text=\u00a0\u00bbKit d\u2019embrayage\u00a0\u00bb font_container=\u00a0\u00bbtag:h2|font_size:35|text_align:center|color:%23000000&Prime; google_fonts=\u00a0\u00bbfont_family:Basic%3Aregular|font_style:400%20regular%3A400%3Anormal\u00a0\u00bb][vc_custom_heading text=\u00a0\u00bbExaminer en d\u00e9tail\u00a0\u00bb font_container=\u00a0\u00bbtag:h4|font_size:18|text_align:center|color:%23f0ce11&Prime; link=\u00a0\u00bburl:https%3A%2F%2Fkolnberg.com.tr%2Ffr%2Furunlerimiz%2F|||\u00a0\u00bb][\/vc_column][vc_column width=\u00a0\u00bb1\/4&Prime;][vc_single_image image=\u00a0\u00bb1827&Prime; img_size=\u00a0\u00bbmedium\u00a0\u00bb alignment=\u00a0\u00bbcenter\u00a0\u00bb style=\u00a0\u00bbvc_box_shadow_3d\u00a0\u00bb][vc_custom_heading text=\u00a0\u00bbVolant Monomasse\u00a0\u00bb font_container=\u00a0\u00bbtag:h2|font_size:29|text_align:center|color:%23000000&Prime; google_fonts=\u00a0\u00bbfont_family:Basic%3Aregular|font_style:400%20regular%3A400%3Anormal\u00a0\u00bb][vc_custom_heading text=\u00a0\u00bbExaminer en d\u00e9tail\u00a0\u00bb font_container=\u00a0\u00bbtag:h4|font_size:18|text_align:center|color:%23f0ce11&Prime; link=\u00a0\u00bburl:https%3A%2F%2Fkolnberg.com.tr%2Ffr%2Furunlerimiz%2F|||\u00a0\u00bb][\/vc_column][vc_column width=\u00a0\u00bb1\/4&Prime;][vc_single_image image=\u00a0\u00bb1831&Prime; img_size=\u00a0\u00bbmedium\u00a0\u00bb alignment=\u00a0\u00bbcenter\u00a0\u00bb style=\u00a0\u00bbvc_box_shadow_3d\u00a0\u00bb][vc_custom_heading text=\u00a0\u00bbKit d\u2019embrayage + Volant\u00a0\u00bb font_container=\u00a0\u00bbtag:h2|font_size:25|text_align:center|color:%23000000&Prime; google_fonts=\u00a0\u00bbfont_family:Basic%3Aregular|font_style:400%20regular%3A400%3Anormal\u00a0\u00bb][vc_custom_heading text=\u00a0\u00bbExaminer en d\u00e9tail\u00a0\u00bb font_container=\u00a0\u00bbtag:h4|font_size:18|text_align:center|color:%23f0ce11&Prime; link=\u00a0\u00bburl:https%3A%2F%2Fkolnberg.com.tr%2Ffr%2Furunlerimiz%2F|||\u00a0\u00bb][\/vc_column][vc_column width=\u00a0\u00bb1\/4&Prime;][vc_single_image image=\u00a0\u00bb1828&Prime; img_size=\u00a0\u00bbmedium\u00a0\u00bb alignment=\u00a0\u00bbcenter\u00a0\u00bb style=\u00a0\u00bbvc_box_shadow_3d\u00a0\u00bb][vc_custom_heading text=\u00a0\u00bbVolant Bimasse DMF\u00a0\u00bb font_container=\u00a0\u00bbtag:h2|font_size:30|text_align:center|color:%23000000&Prime; google_fonts=\u00a0\u00bbfont_family:Basic%3Aregular|font_style:400%20regular%3A400%3Anormal\u00a0\u00bb][vc_custom_heading text=\u00a0\u00bbExaminer en d\u00e9tail\u00a0\u00bb font_container=\u00a0\u00bbtag:h4|font_size:18|text_align:center|color:%23f0ce11&Prime; link=\u00a0\u00bburl:https%3A%2F%2Fkolnberg.com.tr%2Ffr%2Furunlerimiz%2F|||\u00a0\u00bb][\/vc_column][\/vc_row][vc_row layout=\u00a0\u00bbcontainer\u00a0\u00bb el_class=\u00a0\u00bbmg-top-60 mg-bottom-60&Prime;][vc_column][vc_empty_space height=\u00a0\u00bb20px\u00a0\u00bb][vc_custom_heading text=\u00a0\u00bbENTREPRISE\u00a0\u00bb font_container=\u00a0\u00bbtag:h1|font_size:60|text_align:center|color:%23000000&Prime; google_fonts=\u00a0\u00bbfont_family:Basic%3Aregular|font_style:400%20regular%3A400%3Anormal\u00a0\u00bb][vc_separator color=\u00a0\u00bbblack\u00a0\u00bb style=\u00a0\u00bbshadow\u00a0\u00bb][vc_empty_space height=\u00a0\u00bb20px\u00a0\u00bb][\/vc_column][vc_column width=\u00a0\u00bb1\/2&Prime;][vc_custom_heading text=\u00a0\u00bb\u00c0 propos de nous\u00a0\u00bb font_container=\u00a0\u00bbtag:h2|font_size:18|text_align:left|color:%23000000&Prime; google_fonts=\u00a0\u00bbfont_family:Basic%3Aregular|font_style:400%20regular%3A400%3Anormal\u00a0\u00bb][vc_column_text]K\u00d6LNBERG Clutch a \u00e9t\u00e9 fond\u00e9e \u00e0 Izmir. K\u00d6LNBERG Clutch fabrique des kits d&#8217;embrayage, des volants monomasse, des volants bimasse (DMF) et des kits transform\u00e9s adapt\u00e9s aux v\u00e9hicules lourds (camions, poids lourds et bus), aux v\u00e9hicules utilitaires l\u00e9gers, aux voitures particuli\u00e8res et aux tracteurs pour le march\u00e9 de la rechange. Depuis sa cr\u00e9ation, elle a transf\u00e9r\u00e9 la culture et l&rsquo;exp\u00e9rience acquises aupr\u00e8s des groupes OEM et OES du secteur automobile au march\u00e9 de la rechange avec la marque K\u00d6LNBERG Clutch. Gr\u00e2ce \u00e0 son infrastructure technologique et \u00e0 son personnel expert, elle r\u00e9alise la conception et les tests de produits conform\u00e9ment aux normes du secteur automobile au sein de sa propre structure. Elle ajoute chaque jour de nouveaux produits \u00e0 sa gamme de produits en fonction des \u00e9tudes de R&#038;D et de P&#038;D.<\/p>\n<p><a href=\"https:\/\/kolnberg.com.tr\/fr\/hakkimizda\/\">>>> Apprenez \u00e0 nous conna\u00eetre de pr\u00e8s >>><\/a>[\/vc_column_text][\/vc_column][vc_column width=\u00a0\u00bb1\/2&Prime;][vc_column_text]<div id=\"wpfp_a451eff03cf33ce2692d09ad9ccd4fa4\" data-item=\"{&quot;sources&quot;:[{&quot;src&quot;:&quot;https:\\\/\\\/kolnberg.com.tr\\\/wp-content\\\/uploads\\\/2022\\\/10\\\/KOLNBERG-Video_De_Presentation.mp4&quot;,&quot;type&quot;:&quot;video\\\/mp4&quot;}],&quot;id&quot;:&quot;14&quot;,&quot;splash&quot;:&quot;https:\\\/\\\/kolnberg.com.tr\\\/wp-content\\\/uploads\\\/2022\\\/07\\\/ekran.png&quot;}\" class=\"flowplayer no-brand is-splash no-svg is-paused skin-slim fp-slim fp-edgy\" data-fv-embed=\"https:\/\/kolnberg.com.tr\/fr\/fvp-14\/\" style=\"position:relative; max-width: 1366px; max-height: 768px; \" data-ratio=\"0.5622\">\n\t<div class=\"fp-ratio\" style=\"padding-top: 56.22%\"><\/div>\n\t<img class=\"fp-splash\" alt=\"video\" src=\"https:\/\/kolnberg.com.tr\/wp-content\/uploads\/2022\/07\/ekran.png\" style=\"position:absolute;top:0;width:100%\" \/>\n\t<div class=\"fp-ui\"><noscript>Please enable JavaScript<\/noscript><div class=\"fp-play fp-visible\"><svg class=\"fp-play-sharp-fill\" xmlns=\"http:\/\/www.w3.org\/2000\/svg\" viewBox=\"0 0 100 100\"><defs><style>.fp-color-play{opacity:0.65;}.controlbutton{fill:#fff;}<\/style><\/defs><title>play-sharp-fill<\/title><path class=\"fp-color-play\" d=\"M49.9217-.078a50,50,0,1,0,50,50A50.0564,50.0564,0,0,0,49.9217-.078Z\"\/><polygon class=\"controlbutton\" points=\"73.601 50 37.968 70.573 37.968 29.427 73.601 50\" filter=\"url(#f1)\"\/><\/svg><\/div><div class=\"fp-preload\"><b><\/b><b><\/b><b><\/b><b><\/b><\/div><\/div>\n<div class='fvp-share-bar'><ul class=\"fvp-sharing\">\n    <li><a class=\"sharing-facebook\" href=\"https:\/\/www.facebook.com\/sharer\/sharer.php?u=https%3A%2F%2Fkolnberg.com.tr%2Ffr%2F\" target=\"_blank\"><\/a><\/li>\n    <li><a class=\"sharing-twitter\" href=\"https:\/\/twitter.com\/intent\/tweet?text=K%C3%B6lnberg+Clutch+&url=https%3A%2F%2Fkolnberg.com.tr%2Ffr%2F\" target=\"_blank\"><\/a><\/li>\n    <li><a class=\"sharing-email\" href=\"mailto:?body=Check%20out%20the%20amazing%20video%20here%3A%20https%3A%2F%2Fkolnberg.com.tr%2Ffr%2F\" target=\"_blank\"><\/a><\/li><\/ul><div><a class=\"sharing-link\" href=\"https:\/\/kolnberg.com.tr\/fr\/\" target=\"_blank\">Link<\/a><\/div><div><label><a class=\"embed-code-toggle\" href=\"#\"><strong>Embed<\/strong><\/a><\/label><\/div><div class=\"embed-code\"><label>Copy and paste this HTML code into your webpage to embed.<\/label><textarea><\/textarea><\/div><\/div>\n<\/div>\n[\/vc_column_text][vc_empty_space height=\u00a0\u00bb20px\u00a0\u00bb][vc_column_text]<a href=\"https:\/\/kolnberg.com.tr\/wp-content\/uploads\/2022\/10\/KOLNBERG-Video_De_Presentation.mp4\" target=\"_blank\" rel=\"noopener\"><strong><span style=\"color: #ff6600;\">T\u00c9L\u00c9CHARGER LA VID\u00c9O <\/span><\/strong><\/a>(Clic droit sur la<strong> \u00ab\u00a0Nouvelle page\u00a0\u00bb<\/strong> qui s&rsquo;ouvre)[\/vc_column_text][\/vc_column][\/vc_row][vc_row overlay_mode=\u00a0\u00bbcolor\u00a0\u00bb overlay_color=\u00a0\u00bbrgba(51,66,81,0.85)\u00a0\u00bb el_class=\u00a0\u00bbpd-top-90 pd-bottom-90&Prime; css=\u00a0\u00bb.vc_custom_1654900625171{background-image: url(https:\/\/kolnberg.com.tr\/wp-content\/uploads\/2022\/06\/slidde.jpg?id=1363) !important;background-position: center !important;background-repeat: no-repeat !important;background-size: cover !important;}\u00a0\u00bb][vc_column][vc_row_inner layout=\u00a0\u00bbcontainer\u00a0\u00bb][vc_column_inner width=\u00a0\u00bb1\/12&Prime;][vc_empty_space height=\u00a0\u00bb1px\u00a0\u00bb][\/vc_column_inner][vc_column_inner width=\u00a0\u00bb5\/6&Prime; offset=\u00a0\u00bbvc_col-lg-10&Prime;][vc_custom_heading text=\u00a0\u00bbContactez-nous maintenant\u00a0\u00bb font_container=\u00a0\u00bbtag:h2|font_size:40|text_align:center|color:%23ffffff\u00a0\u00bb google_fonts=\u00a0\u00bbfont_family:Basic%3Aregular|font_style:400%20regular%3A400%3Anormal\u00a0\u00bb][vc_custom_heading text=\u00a0\u00bbPour une commande de produit et des informations d\u00e9taill\u00e9es, remplissez le formulaire de contact.\u00a0\u00bb font_container=\u00a0\u00bbtag:h2|font_size:20|text_align:center|color:%23ffffff\u00a0\u00bb google_fonts=\u00a0\u00bbfont_family:Basic%3Aregular|font_style:400%20regular%3A400%3Anormal\u00a0\u00bb][vc_empty_space height=\u00a0\u00bb10px\u00a0\u00bb][vc_btn title=\u00a0\u00bbNous Contacter\u00a0\u00bb color=\u00a0\u00bbwarning\u00a0\u00bb align=\u00a0\u00bbcenter\u00a0\u00bb i_align=\u00a0\u00bbright\u00a0\u00bb i_icon_fontawesome=\u00a0\u00bbfa fa-phone\u00a0\u00bb add_icon=\u00a0\u00bbtrue\u00a0\u00bb][\/vc_column_inner][vc_column_inner width=\u00a0\u00bb1\/12&Prime;][vc_empty_space height=\u00a0\u00bb1px\u00a0\u00bb][\/vc_column_inner][\/vc_row_inner][vc_empty_space height=\u00a0\u00bb20&Prime;][\/vc_column][\/vc_row][vc_row layout=\u00a0\u00bbcontainer\u00a0\u00bb el_class=\u00a0\u00bbmg-top-60 mg-bottom-60&Prime;][vc_column][vc_separator color=\u00a0\u00bbblack\u00a0\u00bb style=\u00a0\u00bbshadow\u00a0\u00bb][vc_empty_space height=\u00a0\u00bb20px\u00a0\u00bb][\/vc_column][vc_column width=\u00a0\u00bb1\/3&Prime;][vc_custom_heading text=\u00a0\u00bbNouvelles | \u00c9quitable\u00a0\u00bb font_container=\u00a0\u00bbtag:h2|text_align:left|color:%23000000&Prime; google_fonts=\u00a0\u00bbfont_family:Basic%3Aregular|font_style:400%20regular%3A400%3Anormal\u00a0\u00bb][g5plus_posts number=\u00a0\u00bb5&Prime; columns=\u00a0\u00bb1&Prime; autoplaytimeout=\u00a0\u00bb5000&Prime;][\/vc_column][vc_column width=\u00a0\u00bb1\/3&Prime;][vc_custom_heading text=\u00a0\u00bbGalerie photo\u00a0\u00bb font_container=\u00a0\u00bbtag:h2|text_align:left|color:%23000000&Prime; google_fonts=\u00a0\u00bbfont_family:Basic%3Aregular|font_style:400%20regular%3A400%3Anormal\u00a0\u00bb][vc_images_carousel images=\u00a0\u00bb1891&Prime; img_size=\u00a0\u00bbmedium\u00a0\u00bb][\/vc_column][vc_column width=\u00a0\u00bb1\/3&Prime;][\/vc_column][\/vc_row]<\/p>\n","protected":false},"excerpt":{"rendered":"<p>[vc_row][vc_column][rev_slider_vc alias=\u00a0\u00bbpithree-slider\u00a0\u00bb][\/vc_column][\/vc_row][vc_row layout=\u00a0\u00bbcontainer\u00a0\u00bb][vc_column][vc_empty_space][vc_custom_heading text=\u00a0\u00bbNOS PRODUITS\u00a0\u00bb font_container=\u00a0\u00bbtag:h1|font_size:60|text_align:center|color:%23000000&Prime; google_fonts=\u00a0\u00bbfont_family:Basic%3Aregular|font_style:400%20regular%3A400%3Anormal\u00a0\u00bb][vc_separator color=\u00a0\u00bbblack\u00a0\u00bb style=\u00a0\u00bbshadow\u00a0\u00bb][vc_empty_space height=\u00a0\u00bb20&Prime;][\/vc_column][vc_column width=\u00a0\u00bb1\/4&Prime;][vc_single_image image=\u00a0\u00bb1825&Prime; img_size=\u00a0\u00bbmedium\u00a0\u00bb alignment=\u00a0\u00bbcenter\u00a0\u00bb style=\u00a0\u00bbvc_box_shadow_3d\u00a0\u00bb][vc_custom_heading text=\u00a0\u00bbKit d\u2019embrayage\u00a0\u00bb font_container=\u00a0\u00bbtag:h2|font_size:35|text_align:center|color:%23000000&Prime; google_fonts=\u00a0\u00bbfont_family:Basic%3Aregular|font_style:400%20regular%3A400%3Anormal\u00a0\u00bb][vc_custom_heading text=\u00a0\u00bbExaminer en d\u00e9tail\u00a0\u00bb font_container=\u00a0\u00bbtag:h4|font_size:18|text_align:center|color:%23f0ce11&Prime; link=\u00a0\u00bburl:https%3A%2F%2Fkolnberg.com.tr%2Ffr%2Furunlerimiz%2F|||\u00a0\u00bb][\/vc_column][vc_column width=\u00a0\u00bb1\/4&Prime;][vc_single_image image=\u00a0\u00bb1827&Prime; img_size=\u00a0\u00bbmedium\u00a0\u00bb alignment=\u00a0\u00bbcenter\u00a0\u00bb style=\u00a0\u00bbvc_box_shadow_3d\u00a0\u00bb][vc_custom_heading text=\u00a0\u00bbVolant Monomasse\u00a0\u00bb font_container=\u00a0\u00bbtag:h2|font_size:29|text_align:center|color:%23000000&Prime; google_fonts=\u00a0\u00bbfont_family:Basic%3Aregular|font_style:400%20regular%3A400%3Anormal\u00a0\u00bb][vc_custom_heading text=\u00a0\u00bbExaminer en d\u00e9tail\u00a0\u00bb font_container=\u00a0\u00bbtag:h4|font_size:18|text_align:center|color:%23f0ce11&Prime; link=\u00a0\u00bburl:https%3A%2F%2Fkolnberg.com.tr%2Ffr%2Furunlerimiz%2F|||\u00a0\u00bb][\/vc_column][vc_column width=\u00a0\u00bb1\/4&Prime;][vc_single_image image=\u00a0\u00bb1831&Prime; img_size=\u00a0\u00bbmedium\u00a0\u00bb alignment=\u00a0\u00bbcenter\u00a0\u00bb style=\u00a0\u00bbvc_box_shadow_3d\u00a0\u00bb][vc_custom_heading text=\u00a0\u00bbKit d\u2019embrayage + Volant\u00a0\u00bb font_container=\u00a0\u00bbtag:h2|font_size:25|text_align:center|color:%23000000&Prime; google_fonts=\u00a0\u00bbfont_family:Basic%3Aregular|font_style:400%20regular%3A400%3Anormal\u00a0\u00bb][vc_custom_heading text=\u00a0\u00bbExaminer en d\u00e9tail\u00a0\u00bb font_container=\u00a0\u00bbtag:h4|font_size:18|text_align:center|color:%23f0ce11&Prime; link=\u00a0\u00bburl:https%3A%2F%2Fkolnberg.com.tr%2Ffr%2Furunlerimiz%2F|||\u00a0\u00bb][\/vc_column][vc_column width=\u00a0\u00bb1\/4&Prime;][vc_single_image [&hellip;]<\/p>\n","protected":false},"author":3,"featured_media":1550,"parent":0,"menu_order":0,"comment_status":"closed","ping_status":"closed","template":"","meta":[],"yoast_head":"<!-- This site is optimized with the Yoast SEO plugin v19.7.2 - https:\/\/yoast.com\/wordpress\/plugins\/seo\/ -->\n<title>K\u00f6lnberg Debriyaj ve Volan<\/title>\n<meta name=\"description\" content=\"K\u00f6lnberg debriyaj fabrikam\u0131z \u0130zmir&#039;de \u00fcretim yapmaktad\u0131r. Aftermarket i\u00e7in debriyaj, tek k\u00fctleli volan, \u00e7ift k\u00fctleli volan (DMF), debriyaj seti ve d\u00f6n\u00fc\u015ft\u00fcr\u00fclm\u00fc\u015f set \u00fcreticisidir. Uzman kadroya ve teknolojik altyap\u0131ya sahiptir. Y\u00fcksek kalitede ve uygun fiyatta \u00fcretir. K\u00f6lnberg ve Volmerk markas\u0131 ile \u00fcretim yapmaktad\u0131r. Bast debriyaj.\" \/>\n<meta name=\"robots\" content=\"index, follow, max-snippet:-1, max-image-preview:large, max-video-preview:-1\" \/>\n<link rel=\"canonical\" href=\"https:\/\/kolnberg.com.tr\/es\/\" \/>\n<meta property=\"og:locale\" content=\"fr_FR\" \/>\n<meta property=\"og:type\" content=\"article\" \/>\n<meta property=\"og:title\" content=\"K\u00f6lnberg Debriyaj ve Volan\" \/>\n<meta property=\"og:description\" content=\"K\u00f6lnberg debriyaj fabrikam\u0131z \u0130zmir&#039;de \u00fcretim yapmaktad\u0131r. Aftermarket i\u00e7in debriyaj, tek k\u00fctleli volan, \u00e7ift k\u00fctleli volan (DMF), debriyaj seti ve d\u00f6n\u00fc\u015ft\u00fcr\u00fclm\u00fc\u015f set \u00fcreticisidir. Uzman kadroya ve teknolojik altyap\u0131ya sahiptir. Y\u00fcksek kalitede ve uygun fiyatta \u00fcretir. K\u00f6lnberg ve Volmerk markas\u0131 ile \u00fcretim yapmaktad\u0131r. Bast debriyaj.\" \/>\n<meta property=\"og:url\" content=\"https:\/\/kolnberg.com.tr\/es\/\" \/>\n<meta property=\"og:site_name\" content=\"K\u00f6lnberg Clutch\" \/>\n<meta property=\"article:modified_time\" content=\"2024-10-13T14:27:31+00:00\" \/>\n<meta property=\"og:image\" content=\"https:\/\/kolnberg.com.tr\/wp-content\/uploads\/2022\/07\/ekran.png\" \/>\n\t<meta property=\"og:image:width\" content=\"1366\" \/>\n\t<meta property=\"og:image:height\" content=\"768\" \/>\n\t<meta property=\"og:image:type\" content=\"image\/png\" \/>\n<meta name=\"twitter:card\" content=\"summary_large_image\" \/>\n<meta name=\"twitter:label1\" content=\"Dur\u00e9e de lecture estim\u00e9e\" \/>\n\t<meta name=\"twitter:data1\" content=\"2 minutes\" \/>\n<script type=\"application\/ld+json\" class=\"yoast-schema-graph\">{\"@context\":\"https:\/\/schema.org\",\"@graph\":[{\"@type\":\"WebPage\",\"@id\":\"https:\/\/kolnberg.com.tr\/es\/\",\"url\":\"https:\/\/kolnberg.com.tr\/es\/\",\"name\":\"K\u00f6lnberg Debriyaj ve Volan\",\"isPartOf\":{\"@id\":\"https:\/\/kolnberg.com.tr\/#website\"},\"datePublished\":\"2016-05-19T06:50:06+00:00\",\"dateModified\":\"2024-10-13T14:27:31+00:00\",\"description\":\"K\u00f6lnberg debriyaj fabrikam\u0131z \u0130zmir'de \u00fcretim yapmaktad\u0131r. Aftermarket i\u00e7in debriyaj, tek k\u00fctleli volan, \u00e7ift k\u00fctleli volan (DMF), debriyaj seti ve d\u00f6n\u00fc\u015ft\u00fcr\u00fclm\u00fc\u015f set \u00fcreticisidir. Uzman kadroya ve teknolojik altyap\u0131ya sahiptir. Y\u00fcksek kalitede ve uygun fiyatta \u00fcretir. K\u00f6lnberg ve Volmerk markas\u0131 ile \u00fcretim yapmaktad\u0131r. Bast debriyaj.\",\"breadcrumb\":{\"@id\":\"https:\/\/kolnberg.com.tr\/es\/#breadcrumb\"},\"inLanguage\":\"fr-FR\",\"potentialAction\":[{\"@type\":\"ReadAction\",\"target\":[\"https:\/\/kolnberg.com.tr\/es\/\"]}]},{\"@type\":\"BreadcrumbList\",\"@id\":\"https:\/\/kolnberg.com.tr\/es\/#breadcrumb\",\"itemListElement\":[{\"@type\":\"ListItem\",\"position\":1,\"name\":\"Anasayfa\",\"item\":\"https:\/\/kolnberg.com.tr\/es\/\"},{\"@type\":\"ListItem\",\"position\":2,\"name\":\"P\u00e1gina de inicio\"}]},{\"@type\":\"WebSite\",\"@id\":\"https:\/\/kolnberg.com.tr\/#website\",\"url\":\"https:\/\/kolnberg.com.tr\/\",\"name\":\"K\u00f6lnberg Clutch\",\"description\":\"Smart Solutions\",\"publisher\":{\"@id\":\"https:\/\/kolnberg.com.tr\/#organization\"},\"potentialAction\":[{\"@type\":\"SearchAction\",\"target\":{\"@type\":\"EntryPoint\",\"urlTemplate\":\"https:\/\/kolnberg.com.tr\/?s={search_term_string}\"},\"query-input\":\"required name=search_term_string\"}],\"inLanguage\":\"fr-FR\"},{\"@type\":\"Organization\",\"@id\":\"https:\/\/kolnberg.com.tr\/#organization\",\"name\":\"K\u00f6lnberg Clutch\",\"url\":\"https:\/\/kolnberg.com.tr\/\",\"sameAs\":[],\"logo\":{\"@type\":\"ImageObject\",\"inLanguage\":\"fr-FR\",\"@id\":\"https:\/\/kolnberg.com.tr\/#\/schema\/logo\/image\/\",\"url\":\"https:\/\/kolnberg.com.tr\/wp-content\/uploads\/2022\/06\/kolnberg-kurumsal-logo.png\",\"contentUrl\":\"https:\/\/kolnberg.com.tr\/wp-content\/uploads\/2022\/06\/kolnberg-kurumsal-logo.png\",\"width\":270,\"height\":70,\"caption\":\"K\u00f6lnberg Clutch\"},\"image\":{\"@id\":\"https:\/\/kolnberg.com.tr\/#\/schema\/logo\/image\/\"}}]}<\/script>\n<!-- \/ Yoast SEO plugin. -->","yoast_head_json":{"title":"K\u00f6lnberg Debriyaj ve Volan","description":"K\u00f6lnberg debriyaj fabrikam\u0131z \u0130zmir'de \u00fcretim yapmaktad\u0131r. Aftermarket i\u00e7in debriyaj, tek k\u00fctleli volan, \u00e7ift k\u00fctleli volan (DMF), debriyaj seti ve d\u00f6n\u00fc\u015ft\u00fcr\u00fclm\u00fc\u015f set \u00fcreticisidir. Uzman kadroya ve teknolojik altyap\u0131ya sahiptir. Y\u00fcksek kalitede ve uygun fiyatta \u00fcretir. K\u00f6lnberg ve Volmerk markas\u0131 ile \u00fcretim yapmaktad\u0131r. Bast debriyaj.","robots":{"index":"index","follow":"follow","max-snippet":"max-snippet:-1","max-image-preview":"max-image-preview:large","max-video-preview":"max-video-preview:-1"},"canonical":"https:\/\/kolnberg.com.tr\/es\/","og_locale":"fr_FR","og_type":"article","og_title":"K\u00f6lnberg Debriyaj ve Volan","og_description":"K\u00f6lnberg debriyaj fabrikam\u0131z \u0130zmir'de \u00fcretim yapmaktad\u0131r. Aftermarket i\u00e7in debriyaj, tek k\u00fctleli volan, \u00e7ift k\u00fctleli volan (DMF), debriyaj seti ve d\u00f6n\u00fc\u015ft\u00fcr\u00fclm\u00fc\u015f set \u00fcreticisidir. Uzman kadroya ve teknolojik altyap\u0131ya sahiptir. Y\u00fcksek kalitede ve uygun fiyatta \u00fcretir. K\u00f6lnberg ve Volmerk markas\u0131 ile \u00fcretim yapmaktad\u0131r. Bast debriyaj.","og_url":"https:\/\/kolnberg.com.tr\/es\/","og_site_name":"K\u00f6lnberg Clutch","article_modified_time":"2024-10-13T14:27:31+00:00","og_image":[{"width":1366,"height":768,"url":"https:\/\/kolnberg.com.tr\/wp-content\/uploads\/2022\/07\/ekran.png","type":"image\/png"}],"twitter_card":"summary_large_image","twitter_misc":{"Dur\u00e9e de lecture estim\u00e9e":"2 minutes"},"schema":{"@context":"https:\/\/schema.org","@graph":[{"@type":"WebPage","@id":"https:\/\/kolnberg.com.tr\/es\/","url":"https:\/\/kolnberg.com.tr\/es\/","name":"K\u00f6lnberg Debriyaj ve Volan","isPartOf":{"@id":"https:\/\/kolnberg.com.tr\/#website"},"datePublished":"2016-05-19T06:50:06+00:00","dateModified":"2024-10-13T14:27:31+00:00","description":"K\u00f6lnberg debriyaj fabrikam\u0131z \u0130zmir'de \u00fcretim yapmaktad\u0131r. Aftermarket i\u00e7in debriyaj, tek k\u00fctleli volan, \u00e7ift k\u00fctleli volan (DMF), debriyaj seti ve d\u00f6n\u00fc\u015ft\u00fcr\u00fclm\u00fc\u015f set \u00fcreticisidir. Uzman kadroya ve teknolojik altyap\u0131ya sahiptir. Y\u00fcksek kalitede ve uygun fiyatta \u00fcretir. K\u00f6lnberg ve Volmerk markas\u0131 ile \u00fcretim yapmaktad\u0131r. Bast debriyaj.","breadcrumb":{"@id":"https:\/\/kolnberg.com.tr\/es\/#breadcrumb"},"inLanguage":"fr-FR","potentialAction":[{"@type":"ReadAction","target":["https:\/\/kolnberg.com.tr\/es\/"]}]},{"@type":"BreadcrumbList","@id":"https:\/\/kolnberg.com.tr\/es\/#breadcrumb","itemListElement":[{"@type":"ListItem","position":1,"name":"Anasayfa","item":"https:\/\/kolnberg.com.tr\/es\/"},{"@type":"ListItem","position":2,"name":"P\u00e1gina de inicio"}]},{"@type":"WebSite","@id":"https:\/\/kolnberg.com.tr\/#website","url":"https:\/\/kolnberg.com.tr\/","name":"K\u00f6lnberg Clutch","description":"Smart Solutions","publisher":{"@id":"https:\/\/kolnberg.com.tr\/#organization"},"potentialAction":[{"@type":"SearchAction","target":{"@type":"EntryPoint","urlTemplate":"https:\/\/kolnberg.com.tr\/?s={search_term_string}"},"query-input":"required name=search_term_string"}],"inLanguage":"fr-FR"},{"@type":"Organization","@id":"https:\/\/kolnberg.com.tr\/#organization","name":"K\u00f6lnberg Clutch","url":"https:\/\/kolnberg.com.tr\/","sameAs":[],"logo":{"@type":"ImageObject","inLanguage":"fr-FR","@id":"https:\/\/kolnberg.com.tr\/#\/schema\/logo\/image\/","url":"https:\/\/kolnberg.com.tr\/wp-content\/uploads\/2022\/06\/kolnberg-kurumsal-logo.png","contentUrl":"https:\/\/kolnberg.com.tr\/wp-content\/uploads\/2022\/06\/kolnberg-kurumsal-logo.png","width":270,"height":70,"caption":"K\u00f6lnberg Clutch"},"image":{"@id":"https:\/\/kolnberg.com.tr\/#\/schema\/logo\/image\/"}}]}},"_links":{"self":[{"href":"https:\/\/kolnberg.com.tr\/fr\/wp-json\/wp\/v2\/pages\/20"}],"collection":[{"href":"https:\/\/kolnberg.com.tr\/fr\/wp-json\/wp\/v2\/pages"}],"about":[{"href":"https:\/\/kolnberg.com.tr\/fr\/wp-json\/wp\/v2\/types\/page"}],"author":[{"embeddable":true,"href":"https:\/\/kolnberg.com.tr\/fr\/wp-json\/wp\/v2\/users\/3"}],"replies":[{"embeddable":true,"href":"https:\/\/kolnberg.com.tr\/fr\/wp-json\/wp\/v2\/comments?post=20"}],"version-history":[{"count":175,"href":"https:\/\/kolnberg.com.tr\/fr\/wp-json\/wp\/v2\/pages\/20\/revisions"}],"predecessor-version":[{"id":1998,"href":"https:\/\/kolnberg.com.tr\/fr\/wp-json\/wp\/v2\/pages\/20\/revisions\/1998"}],"wp:featuredmedia":[{"embeddable":true,"href":"https:\/\/kolnberg.com.tr\/fr\/wp-json\/wp\/v2\/media\/1550"}],"wp:attachment":[{"href":"https:\/\/kolnberg.com.tr\/fr\/wp-json\/wp\/v2\/media?parent=20"}],"curies":[{"name":"wp","href":"https:\/\/api.w.org\/{rel}","templated":true}]}}