{"id":1357,"date":"2022-06-10T09:17:46","date_gmt":"2022-06-10T09:17:46","guid":{"rendered":"https:\/\/kolnberg.com.tr\/?page_id=1357"},"modified":"2024-10-13T14:33:44","modified_gmt":"2024-10-13T14:33:44","slug":"hakkimizda","status":"publish","type":"page","link":"https:\/\/kolnberg.com.tr\/fr\/hakkimizda\/","title":{"rendered":"\u00c2 propos de nous"},"content":{"rendered":"<p>[vc_row][vc_column width=\u00a0\u00bb1\/2&Prime;][vc_column_text]K\u00d6LNBERG Clutch a \u00e9t\u00e9 fond\u00e9e \u00e0 Izmir. K\u00d6LNBERG Clutch fabrique des kits d&#8217;embrayage, des volants monomasse, des volants bimasse (DMF) et des kits transform\u00e9s adapt\u00e9s aux v\u00e9hicules lourds (camions, poids lourds et bus), aux v\u00e9hicules utilitaires l\u00e9gers, aux voitures particuli\u00e8res et aux tracteurs pour le march\u00e9 de la rechange. Depuis sa cr\u00e9ation, elle a transf\u00e9r\u00e9 la culture et l&rsquo;exp\u00e9rience acquises aupr\u00e8s des groupes OEM et OES du secteur automobile au march\u00e9 de la rechange avec la marque K\u00d6LNBERG Clutch. Gr\u00e2ce \u00e0 son infrastructure technologique et \u00e0 son personnel expert, elle r\u00e9alise la conception et les tests de produits conform\u00e9ment aux normes du secteur automobile au sein de sa propre structure. Elle ajoute chaque jour de nouveaux produits \u00e0 sa gamme de produits en fonction des \u00e9tudes de R&#038;D et de P&#038;D.<\/p>\n<p style=\"text-align: justify;\"><span style=\"color: black;\"><strong>Mission:<\/strong> Offrir des alternatives efficaces au march\u00e9 de la rechange automobile dans notre pays et \u00e0 l&rsquo;\u00e9tranger en concevant et en produisant des pi\u00e8ces de rechange de haute qualit\u00e9 et abordables sans compromettre leurs valeurs.<\/span><\/p>\n<p style=\"text-align: justify;\"><span style=\"color: black;\"><strong>Vision:<\/strong> \u00catre fiable pour tous les partenaires commerciaux et utilisateurs finaux du secteur, avec la devise \u00ab Solutions rationnelles \u00bb et \u00ab \u00c9conomiques, pas bon march\u00e9 \u00bb. Devenir une marque recherch\u00e9e par la forte valeur ajout\u00e9e qu&rsquo;elle cr\u00e9e. Offrir des pi\u00e8ces de rechange de haute qualit\u00e9 au march\u00e9 de la rechange dans les conditions les plus favorables avec des conceptions et des solutions originales.<\/span><\/p>\n<p>[\/vc_column_text][\/vc_column][vc_column width=\u00a0\u00bb1\/2&Prime;][vc_empty_space height=\u00a0\u00bb20px\u00a0\u00bb][vc_single_image image=\u00a0\u00bb1838&Prime; img_size=\u00a0\u00bbfull\u00a0\u00bb alignment=\u00a0\u00bbcenter\u00a0\u00bb][vc_empty_space height=\u00a0\u00bb20px\u00a0\u00bb][\/vc_column][\/vc_row]<\/p>\n","protected":false},"excerpt":{"rendered":"<p>[vc_row][vc_column width=\u00a0\u00bb1\/2&Prime;][vc_column_text]K\u00d6LNBERG Clutch a \u00e9t\u00e9 fond\u00e9e \u00e0 Izmir. K\u00d6LNBERG Clutch fabrique des kits d&#8217;embrayage, des volants monomasse, des volants bimasse (DMF) et des kits transform\u00e9s adapt\u00e9s aux v\u00e9hicules lourds (camions, poids lourds et bus), aux v\u00e9hicules utilitaires l\u00e9gers, aux voitures particuli\u00e8res et aux tracteurs pour le march\u00e9 de la rechange. Depuis sa cr\u00e9ation, elle a [&hellip;]<\/p>\n","protected":false},"author":3,"featured_media":0,"parent":0,"menu_order":0,"comment_status":"closed","ping_status":"closed","template":"","meta":[],"yoast_head":"<!-- This site is optimized with the Yoast SEO plugin v19.7.2 - https:\/\/yoast.com\/wordpress\/plugins\/seo\/ -->\n<title>\u00c2 propos de nous - K\u00f6lnberg Clutch<\/title>\n<meta name=\"robots\" content=\"index, follow, max-snippet:-1, max-image-preview:large, max-video-preview:-1\" \/>\n<link rel=\"canonical\" href=\"https:\/\/kolnberg.com.tr\/fr\/hakkimizda\/\" \/>\n<meta property=\"og:locale\" content=\"fr_FR\" \/>\n<meta property=\"og:type\" content=\"article\" \/>\n<meta property=\"og:title\" content=\"\u00c2 propos de nous\" \/>\n<meta property=\"og:description\" content=\"[vc_row][vc_column width=\u00a0\u00bb1\/2&Prime;][vc_column_text]K\u00d6LNBERG Clutch a \u00e9t\u00e9 fond\u00e9e \u00e0 Izmir. K\u00d6LNBERG Clutch fabrique des kits d&#8217;embrayage, des volants monomasse, des volants bimasse (DMF) et des kits transform\u00e9s adapt\u00e9s aux v\u00e9hicules lourds (camions, poids lourds et bus), aux v\u00e9hicules utilitaires l\u00e9gers, aux voitures particuli\u00e8res et aux tracteurs pour le march\u00e9 de la rechange. Depuis sa cr\u00e9ation, elle a [&hellip;]\" \/>\n<meta property=\"og:url\" content=\"https:\/\/kolnberg.com.tr\/fr\/hakkimizda\/\" \/>\n<meta property=\"og:site_name\" content=\"K\u00f6lnberg Clutch\" \/>\n<meta property=\"article:modified_time\" content=\"2024-10-13T14:33:44+00:00\" \/>\n<meta name=\"twitter:card\" content=\"summary_large_image\" \/>\n<meta name=\"twitter:label1\" content=\"Dur\u00e9e de lecture estim\u00e9e\" \/>\n\t<meta name=\"twitter:data1\" content=\"2 minutes\" \/>\n<script type=\"application\/ld+json\" class=\"yoast-schema-graph\">{\"@context\":\"https:\/\/schema.org\",\"@graph\":[{\"@type\":\"WebPage\",\"@id\":\"https:\/\/kolnberg.com.tr\/fr\/hakkimizda\/\",\"url\":\"https:\/\/kolnberg.com.tr\/fr\/hakkimizda\/\",\"name\":\"[:tr]Hakk\u0131m\u0131zda[:en]About Us[:fr]\u00c2 propos de nous[:es]Sobre Nosotros[:ru]\u041e \u043d\u0430\u0441[:] - K\u00f6lnberg Clutch\",\"isPartOf\":{\"@id\":\"https:\/\/kolnberg.com.tr\/#website\"},\"datePublished\":\"2022-06-10T09:17:46+00:00\",\"dateModified\":\"2024-10-13T14:33:44+00:00\",\"breadcrumb\":{\"@id\":\"https:\/\/kolnberg.com.tr\/fr\/hakkimizda\/#breadcrumb\"},\"inLanguage\":\"fr-FR\",\"potentialAction\":[{\"@type\":\"ReadAction\",\"target\":[\"https:\/\/kolnberg.com.tr\/fr\/hakkimizda\/\"]}]},{\"@type\":\"BreadcrumbList\",\"@id\":\"https:\/\/kolnberg.com.tr\/fr\/hakkimizda\/#breadcrumb\",\"itemListElement\":[{\"@type\":\"ListItem\",\"position\":1,\"name\":\"Anasayfa\",\"item\":\"https:\/\/kolnberg.com.tr\/es\/\"},{\"@type\":\"ListItem\",\"position\":2,\"name\":\"\u00c2 propos de nous\"}]},{\"@type\":\"WebSite\",\"@id\":\"https:\/\/kolnberg.com.tr\/#website\",\"url\":\"https:\/\/kolnberg.com.tr\/\",\"name\":\"K\u00f6lnberg Clutch\",\"description\":\"Smart Solutions\",\"publisher\":{\"@id\":\"https:\/\/kolnberg.com.tr\/#organization\"},\"potentialAction\":[{\"@type\":\"SearchAction\",\"target\":{\"@type\":\"EntryPoint\",\"urlTemplate\":\"https:\/\/kolnberg.com.tr\/?s={search_term_string}\"},\"query-input\":\"required name=search_term_string\"}],\"inLanguage\":\"fr-FR\"},{\"@type\":\"Organization\",\"@id\":\"https:\/\/kolnberg.com.tr\/#organization\",\"name\":\"K\u00f6lnberg Clutch\",\"url\":\"https:\/\/kolnberg.com.tr\/\",\"sameAs\":[],\"logo\":{\"@type\":\"ImageObject\",\"inLanguage\":\"fr-FR\",\"@id\":\"https:\/\/kolnberg.com.tr\/#\/schema\/logo\/image\/\",\"url\":\"https:\/\/kolnberg.com.tr\/wp-content\/uploads\/2022\/06\/kolnberg-kurumsal-logo.png\",\"contentUrl\":\"https:\/\/kolnberg.com.tr\/wp-content\/uploads\/2022\/06\/kolnberg-kurumsal-logo.png\",\"width\":270,\"height\":70,\"caption\":\"K\u00f6lnberg Clutch\"},\"image\":{\"@id\":\"https:\/\/kolnberg.com.tr\/#\/schema\/logo\/image\/\"}}]}<\/script>\n<!-- \/ Yoast SEO plugin. -->","yoast_head_json":{"title":"\u00c2 propos de nous - K\u00f6lnberg Clutch","robots":{"index":"index","follow":"follow","max-snippet":"max-snippet:-1","max-image-preview":"max-image-preview:large","max-video-preview":"max-video-preview:-1"},"canonical":"https:\/\/kolnberg.com.tr\/fr\/hakkimizda\/","og_locale":"fr_FR","og_type":"article","og_title":"[:tr]Hakk\u0131m\u0131zda[:en]About Us[:fr]\u00c2 propos de nous[:es]Sobre Nosotros[:ru]\u041e \u043d\u0430\u0441[:] - K\u00f6lnberg Clutch","og_description":"[vc_row][vc_column width=\u00a0\u00bb1\/2&Prime;][vc_column_text]K\u00d6LNBERG Clutch a \u00e9t\u00e9 fond\u00e9e \u00e0 Izmir. K\u00d6LNBERG Clutch fabrique des kits d&#8217;embrayage, des volants monomasse, des volants bimasse (DMF) et des kits transform\u00e9s adapt\u00e9s aux v\u00e9hicules lourds (camions, poids lourds et bus), aux v\u00e9hicules utilitaires l\u00e9gers, aux voitures particuli\u00e8res et aux tracteurs pour le march\u00e9 de la rechange. Depuis sa cr\u00e9ation, elle a [&hellip;]","og_url":"https:\/\/kolnberg.com.tr\/fr\/hakkimizda\/","og_site_name":"K\u00f6lnberg Clutch","article_modified_time":"2024-10-13T14:33:44+00:00","twitter_card":"summary_large_image","twitter_misc":{"Dur\u00e9e de lecture estim\u00e9e":"2 minutes"},"schema":{"@context":"https:\/\/schema.org","@graph":[{"@type":"WebPage","@id":"https:\/\/kolnberg.com.tr\/fr\/hakkimizda\/","url":"https:\/\/kolnberg.com.tr\/fr\/hakkimizda\/","name":"[:tr]Hakk\u0131m\u0131zda[:en]About Us[:fr]\u00c2 propos de nous[:es]Sobre Nosotros[:ru]\u041e \u043d\u0430\u0441[:] - K\u00f6lnberg Clutch","isPartOf":{"@id":"https:\/\/kolnberg.com.tr\/#website"},"datePublished":"2022-06-10T09:17:46+00:00","dateModified":"2024-10-13T14:33:44+00:00","breadcrumb":{"@id":"https:\/\/kolnberg.com.tr\/fr\/hakkimizda\/#breadcrumb"},"inLanguage":"fr-FR","potentialAction":[{"@type":"ReadAction","target":["https:\/\/kolnberg.com.tr\/fr\/hakkimizda\/"]}]},{"@type":"BreadcrumbList","@id":"https:\/\/kolnberg.com.tr\/fr\/hakkimizda\/#breadcrumb","itemListElement":[{"@type":"ListItem","position":1,"name":"Anasayfa","item":"https:\/\/kolnberg.com.tr\/es\/"},{"@type":"ListItem","position":2,"name":"\u00c2 propos de nous"}]},{"@type":"WebSite","@id":"https:\/\/kolnberg.com.tr\/#website","url":"https:\/\/kolnberg.com.tr\/","name":"K\u00f6lnberg Clutch","description":"Smart Solutions","publisher":{"@id":"https:\/\/kolnberg.com.tr\/#organization"},"potentialAction":[{"@type":"SearchAction","target":{"@type":"EntryPoint","urlTemplate":"https:\/\/kolnberg.com.tr\/?s={search_term_string}"},"query-input":"required name=search_term_string"}],"inLanguage":"fr-FR"},{"@type":"Organization","@id":"https:\/\/kolnberg.com.tr\/#organization","name":"K\u00f6lnberg Clutch","url":"https:\/\/kolnberg.com.tr\/","sameAs":[],"logo":{"@type":"ImageObject","inLanguage":"fr-FR","@id":"https:\/\/kolnberg.com.tr\/#\/schema\/logo\/image\/","url":"https:\/\/kolnberg.com.tr\/wp-content\/uploads\/2022\/06\/kolnberg-kurumsal-logo.png","contentUrl":"https:\/\/kolnberg.com.tr\/wp-content\/uploads\/2022\/06\/kolnberg-kurumsal-logo.png","width":270,"height":70,"caption":"K\u00f6lnberg Clutch"},"image":{"@id":"https:\/\/kolnberg.com.tr\/#\/schema\/logo\/image\/"}}]}},"_links":{"self":[{"href":"https:\/\/kolnberg.com.tr\/fr\/wp-json\/wp\/v2\/pages\/1357"}],"collection":[{"href":"https:\/\/kolnberg.com.tr\/fr\/wp-json\/wp\/v2\/pages"}],"about":[{"href":"https:\/\/kolnberg.com.tr\/fr\/wp-json\/wp\/v2\/types\/page"}],"author":[{"embeddable":true,"href":"https:\/\/kolnberg.com.tr\/fr\/wp-json\/wp\/v2\/users\/3"}],"replies":[{"embeddable":true,"href":"https:\/\/kolnberg.com.tr\/fr\/wp-json\/wp\/v2\/comments?post=1357"}],"version-history":[{"count":45,"href":"https:\/\/kolnberg.com.tr\/fr\/wp-json\/wp\/v2\/pages\/1357\/revisions"}],"predecessor-version":[{"id":2001,"href":"https:\/\/kolnberg.com.tr\/fr\/wp-json\/wp\/v2\/pages\/1357\/revisions\/2001"}],"wp:attachment":[{"href":"https:\/\/kolnberg.com.tr\/fr\/wp-json\/wp\/v2\/media?parent=1357"}],"curies":[{"name":"wp","href":"https:\/\/api.w.org\/{rel}","templated":true}]}}