{"id":20,"date":"2016-05-19T06:50:06","date_gmt":"2016-05-19T06:50:06","guid":{"rendered":"http:\/\/themes.g5plus.net\/pithree\/?page_id=20"},"modified":"2024-10-13T14:27:31","modified_gmt":"2024-10-13T14:27:31","slug":"home-1","status":"publish","type":"page","link":"https:\/\/kolnberg.com.tr\/es\/","title":{"rendered":"P\u00e1gina de inicio"},"content":{"rendered":"<p>[vc_row][vc_column][rev_slider_vc alias=\u00bbpithree-slider\u00bb][\/vc_column][\/vc_row][vc_row layout=\u00bbcontainer\u00bb][vc_column][vc_empty_space][vc_custom_heading text=\u00bbNUESTROS PRODUCTOS\u00bb font_container=\u00bbtag:h1|font_size:60|text_align:center|color:%23000000&#8243; google_fonts=\u00bbfont_family:Basic%3Aregular|font_style:400%20regular%3A400%3Anormal\u00bb][vc_separator color=\u00bbblack\u00bb style=\u00bbshadow\u00bb][vc_empty_space][\/vc_column][vc_column width=\u00bb1\/3&#8243;][vc_single_image image=\u00bb1825&#8243; img_size=\u00bbmedium\u00bb alignment=\u00bbcenter\u00bb style=\u00bbvc_box_shadow_3d\u00bb][vc_custom_heading text=\u00bbKit de embrague\u00bb font_container=\u00bbtag:h2|font_size:30|text_align:center|color:%23000000&#8243; google_fonts=\u00bbfont_family:Basic%3Aregular|font_style:400%20regular%3A400%3Anormal\u00bb][vc_custom_heading text=\u00bbExaminer en detalle\u00bb font_container=\u00bbtag:h4|font_size:18|text_align:center|color:%23f0ce11&#8243; link=\u00bburl:https%3A%2F%2Fkolnberg.com.tr%2Fes%2Furunlerimiz%2F|||\u00bb][\/vc_column][vc_column width=\u00bb1\/3&#8243;][vc_single_image image=\u00bb1827&#8243; img_size=\u00bbmedium\u00bb alignment=\u00bbcenter\u00bb style=\u00bbvc_box_shadow_3d\u00bb][vc_custom_heading text=\u00bbVolante\u00bb font_container=\u00bbtag:h2|font_size:30|text_align:center|color:%23000000&#8243; google_fonts=\u00bbfont_family:Basic%3Aregular|font_style:400%20regular%3A400%3Anormal\u00bb][vc_custom_heading text=\u00bbExaminer en detalle\u00bb font_container=\u00bbtag:h4|font_size:18|text_align:center|color:%23f0ce11&#8243; link=\u00bburl:https%3A%2F%2Fkolnberg.com.tr%2Fes%2Furunlerimiz%2F|||\u00bb][\/vc_column][vc_column width=\u00bb1\/3&#8243;][vc_single_image image=\u00bb1831&#8243; img_size=\u00bbmedium\u00bb alignment=\u00bbcenter\u00bb style=\u00bbvc_box_shadow_3d\u00bb][vc_custom_heading text=\u00bbKit de embrague + Volante\u00bb font_container=\u00bbtag:h2|font_size:23|text_align:center|color:%23000000&#8243; google_fonts=\u00bbfont_family:Basic%3Aregular|font_style:400%20regular%3A400%3Anormal\u00bb][vc_custom_heading text=\u00bbExaminer en detalle\u00bb font_container=\u00bbtag:h4|font_size:18|text_align:center|color:%23f0ce11&#8243; link=\u00bburl:https%3A%2F%2Fkolnberg.com.tr%2Fes%2Furunlerimiz%2F|||\u00bb][\/vc_column][vc_column][vc_empty_space height=\u00bb20&#8243;][vc_separator][vc_empty_space height=\u00bb20&#8243;][\/vc_column][vc_column width=\u00bb1\/3&#8243;][vc_single_image image=\u00bb1828&#8243; img_size=\u00bbmedium\u00bb alignment=\u00bbcenter\u00bb style=\u00bbvc_box_shadow_3d\u00bb][vc_custom_heading text=\u00bbVolante Bimasa (DMF)\u00bb font_container=\u00bbtag:h2|font_size:24|text_align:center|color:%23000000&#8243; google_fonts=\u00bbfont_family:Basic%3Aregular|font_style:400%20regular%3A400%3Anormal\u00bb][vc_custom_heading text=\u00bbExaminer en detalle\u00bb font_container=\u00bbtag:h4|font_size:18|text_align:center|color:%23f0ce11&#8243; link=\u00bburl:https%3A%2F%2Fkolnberg.com.tr%2Fes%2Furunlerimiz%2F|||\u00bb][\/vc_column][vc_column width=\u00bb1\/3&#8243;][vc_single_image image=\u00bb1946&#8243; img_size=\u00bbmedium\u00bb alignment=\u00bbcenter\u00bb style=\u00bbvc_box_shadow_3d\u00bb][vc_custom_heading text=\u00bbGrupo de tractores\u00bb font_container=\u00bbtag:h2|font_size:24|text_align:center|color:%23000000&#8243; google_fonts=\u00bbfont_family:Basic%3Aregular|font_style:400%20regular%3A400%3Anormal\u00bb][vc_custom_heading text=\u00bbExaminer en detalle\u00bb font_container=\u00bbtag:h4|font_size:18|text_align:center|color:%23f0ce11&#8243; link=\u00bburl:https%3A%2F%2Fkolnberg.com.tr%2Fes%2Ftraktor-grubu%2F|||\u00bb][\/vc_column][\/vc_row][vc_row layout=\u00bbcontainer\u00bb el_class=\u00bbmg-top-60 mg-bottom-60&#8243;][vc_column][vc_empty_space height=\u00bb20px\u00bb][vc_custom_heading text=\u00bbCORPORATIVO\u00bb font_container=\u00bbtag:h1|font_size:60|text_align:center|color:%23000000&#8243; google_fonts=\u00bbfont_family:Basic%3Aregular|font_style:400%20regular%3A400%3Anormal\u00bb][vc_separator color=\u00bbblack\u00bb style=\u00bbshadow\u00bb][vc_empty_space][\/vc_column][vc_column width=\u00bb1\/2&#8243;][vc_custom_heading text=\u00bbSobre Nosotros\u00bb font_container=\u00bbtag:h4|font_size:18|text_align:left|color:%23000000&#8243; google_fonts=\u00bbfont_family:Basic%3Aregular|font_style:400%20regular%3A400%3Anormal\u00bb][vc_column_text]K\u00d6LNBERG Debriyaj se fund\u00f3 en Esmirna. K\u00d6LNBERG Clutch produce juegos de embrague, volantes monomasa, volantes bimasa (DMF) y kits reconvertidos adecuados para veh\u00edculos pesados \u200b\u200b(tractores, camiones y autobuses), veh\u00edculos comerciales ligeros, turismos y tractores para el mercado de posventa. Desde su creaci\u00f3n, ha estado transfiriendo la cultura y la experiencia adquirida de los grupos OEM y OES de la industria automotriz al mercado de posventa con la marca K\u00d6LNBERG Clutch. Con su infraestructura tecnol\u00f3gica y personal experto, lleva a cabo el dise\u00f1o y pruebas de productos de acuerdo con los est\u00e1ndares de la industria automotriz. Cada d\u00eda a\u00f1ade nuevos productos a su gama de productos en l\u00ednea con sus estudios de I+D y P&#038;D.<\/p>\n<p><a href=\"https:\/\/kolnberg.com.tr\/es\/hakkimizda\/\">>>> Con\u00f3cenos de cerca >>><\/a>[\/vc_column_text][\/vc_column][vc_column width=\u00bb1\/2&#8243;][vc_column_text]<div id=\"wpfp_4ea658470c98c42819d7dca44e0eb39a\" data-item=\"{&quot;sources&quot;:[{&quot;src&quot;:&quot;https:\\\/\\\/kolnberg.com.tr\\\/wp-content\\\/uploads\\\/2022\\\/10\\\/KOLNBERG-Video_De_Introduccion.mp4&quot;,&quot;type&quot;:&quot;video\\\/mp4&quot;}],&quot;id&quot;:&quot;15&quot;,&quot;splash&quot;:&quot;https:\\\/\\\/kolnberg.com.tr\\\/wp-content\\\/uploads\\\/2022\\\/07\\\/ekran.png&quot;}\" class=\"flowplayer no-brand is-splash no-svg is-paused skin-slim fp-slim fp-edgy\" data-fv-embed=\"https:\/\/kolnberg.com.tr\/es\/fvp-15\/\" style=\"position:relative; max-width: 1366px; max-height: 768px; \" data-ratio=\"0.5622\">\n\t<div class=\"fp-ratio\" style=\"padding-top: 56.22%\"><\/div>\n\t<img class=\"fp-splash\" alt=\"video\" src=\"https:\/\/kolnberg.com.tr\/wp-content\/uploads\/2022\/07\/ekran.png\" style=\"position:absolute;top:0;width:100%\" \/>\n\t<div class=\"fp-ui\"><noscript>Please enable JavaScript<\/noscript><div class=\"fp-play fp-visible\"><svg class=\"fp-play-sharp-fill\" xmlns=\"http:\/\/www.w3.org\/2000\/svg\" viewBox=\"0 0 100 100\"><defs><style>.fp-color-play{opacity:0.65;}.controlbutton{fill:#fff;}<\/style><\/defs><title>play-sharp-fill<\/title><path class=\"fp-color-play\" d=\"M49.9217-.078a50,50,0,1,0,50,50A50.0564,50.0564,0,0,0,49.9217-.078Z\"\/><polygon class=\"controlbutton\" points=\"73.601 50 37.968 70.573 37.968 29.427 73.601 50\" filter=\"url(#f1)\"\/><\/svg><\/div><div class=\"fp-preload\"><b><\/b><b><\/b><b><\/b><b><\/b><\/div><\/div>\n<div class='fvp-share-bar'><ul class=\"fvp-sharing\">\n    <li><a class=\"sharing-facebook\" href=\"https:\/\/www.facebook.com\/sharer\/sharer.php?u=https%3A%2F%2Fkolnberg.com.tr%2Fes%2F\" target=\"_blank\"><\/a><\/li>\n    <li><a class=\"sharing-twitter\" href=\"https:\/\/twitter.com\/intent\/tweet?text=K%C3%B6lnberg+Clutch+&url=https%3A%2F%2Fkolnberg.com.tr%2Fes%2F\" target=\"_blank\"><\/a><\/li>\n    <li><a class=\"sharing-email\" href=\"mailto:?body=Check%20out%20the%20amazing%20video%20here%3A%20https%3A%2F%2Fkolnberg.com.tr%2Fes%2F\" target=\"_blank\"><\/a><\/li><\/ul><div><a class=\"sharing-link\" href=\"https:\/\/kolnberg.com.tr\/es\/\" target=\"_blank\">Link<\/a><\/div><div><label><a class=\"embed-code-toggle\" href=\"#\"><strong>Embed<\/strong><\/a><\/label><\/div><div class=\"embed-code\"><label>Copy and paste this HTML code into your webpage to embed.<\/label><textarea><\/textarea><\/div><\/div>\n<\/div>\n[\/vc_column_text][vc_empty_space height=\u00bb20px\u00bb][vc_column_text]<a href=\"https:\/\/kolnberg.com.tr\/wp-content\/uploads\/2022\/10\/KOLNBERG-Video_De_Introduccion.mp4\" target=\"_blank\" rel=\"noopener\"><strong><span style=\"color: #ff6600;\">DESCARGAR VIDEO <\/span><\/strong><\/a> (Haga clic derecho en la <strong>\u00abnueva p\u00e1gina\u00bb<\/strong> que se abre)[\/vc_column_text][\/vc_column][\/vc_row][vc_row overlay_mode=\u00bbcolor\u00bb overlay_color=\u00bbrgba(51,66,81,0.85)\u00bb el_class=\u00bbpd-top-90 pd-bottom-90&#8243; css=\u00bb.vc_custom_1654900625171{background-image: url(https:\/\/kolnberg.com.tr\/wp-content\/uploads\/2022\/06\/slidde.jpg?id=1363) !important;background-position: center !important;background-repeat: no-repeat !important;background-size: cover !important;}\u00bb][vc_column][vc_row_inner layout=\u00bbcontainer\u00bb][vc_column_inner width=\u00bb1\/12&#8243;][vc_empty_space height=\u00bb1px\u00bb][\/vc_column_inner][vc_column_inner width=\u00bb5\/6&#8243; offset=\u00bbvc_col-lg-10&#8243;][vc_custom_heading text=\u00bbCont\u00e1ctanos Ahora\u00bb font_container=\u00bbtag:h2|font_size:40|text_align:center|color:%23ffffff\u00bb google_fonts=\u00bbfont_family:Basic%3Aregular|font_style:400%20regular%3A400%3Anormal\u00bb][vc_custom_heading text=\u00bbPara un pedido de productos e informaci\u00f3n detallada, complete el formulario de contacto.\u00bb font_container=\u00bbtag:h2|font_size:20|text_align:center|color:%23ffffff\u00bb google_fonts=\u00bbfont_family:Basic%3Aregular|font_style:400%20regular%3A400%3Anormal\u00bb][vc_empty_space height=\u00bb10px\u00bb][vc_btn title=\u00bbCont\u00e1ctenos\u00bb color=\u00bbwarning\u00bb align=\u00bbcenter\u00bb i_align=\u00bbright\u00bb i_icon_fontawesome=\u00bbfa fa-phone\u00bb add_icon=\u00bbtrue\u00bb link=\u00bburl:https%3A%2F%2Fkolnberg.com.tr%2Fhakkimizda%2F|||\u00bb][vc_empty_space height=\u00bb20px\u00bb][\/vc_column_inner][vc_column_inner width=\u00bb1\/12&#8243;][vc_empty_space height=\u00bb1px\u00bb][\/vc_column_inner][\/vc_row_inner][vc_empty_space height=\u00bb20&#8243;][\/vc_column][\/vc_row][vc_row layout=\u00bbcontainer\u00bb el_class=\u00bbmg-top-60 mg-bottom-60&#8243;][vc_column][vc_empty_space height=\u00bb20px\u00bb][vc_separator color=\u00bbblack\u00bb style=\u00bbshadow\u00bb][vc_empty_space][\/vc_column][vc_column width=\u00bb1\/3&#8243;][vc_custom_heading text=\u00bbNoticias | Justa\u00bb font_container=\u00bbtag:h1|font_size:20|text_align:left|color:%23000000&#8243; google_fonts=\u00bbfont_family:Basic%3Aregular|font_style:400%20regular%3A400%3Anormal\u00bb][g5plus_posts number=\u00bb5&#8243; columns=\u00bb1&#8243; autoplaytimeout=\u00bb5000&#8243;][\/vc_column][vc_column width=\u00bb1\/3&#8243;][vc_custom_heading text=\u00bbGaler\u00eda de Fotos\u00bb font_container=\u00bbtag:h1|font_size:20|text_align:left|color:%23000000&#8243; google_fonts=\u00bbfont_family:Basic%3Aregular|font_style:400%20regular%3A400%3Anormal\u00bb][vc_images_carousel images=\u00bb1891&#8243; img_size=\u00bbmedium\u00bb][\/vc_column][vc_column width=\u00bb1\/3&#8243;][\/vc_column][\/vc_row]<\/p>\n","protected":false},"excerpt":{"rendered":"<p>[vc_row][vc_column][rev_slider_vc alias=\u00bbpithree-slider\u00bb][\/vc_column][\/vc_row][vc_row layout=\u00bbcontainer\u00bb][vc_column][vc_empty_space][vc_custom_heading text=\u00bbNUESTROS PRODUCTOS\u00bb font_container=\u00bbtag:h1|font_size:60|text_align:center|color:%23000000&#8243; google_fonts=\u00bbfont_family:Basic%3Aregular|font_style:400%20regular%3A400%3Anormal\u00bb][vc_separator color=\u00bbblack\u00bb style=\u00bbshadow\u00bb][vc_empty_space][\/vc_column][vc_column width=\u00bb1\/3&#8243;][vc_single_image image=\u00bb1825&#8243; img_size=\u00bbmedium\u00bb alignment=\u00bbcenter\u00bb style=\u00bbvc_box_shadow_3d\u00bb][vc_custom_heading text=\u00bbKit de embrague\u00bb font_container=\u00bbtag:h2|font_size:30|text_align:center|color:%23000000&#8243; google_fonts=\u00bbfont_family:Basic%3Aregular|font_style:400%20regular%3A400%3Anormal\u00bb][vc_custom_heading text=\u00bbExaminer en detalle\u00bb font_container=\u00bbtag:h4|font_size:18|text_align:center|color:%23f0ce11&#8243; link=\u00bburl:https%3A%2F%2Fkolnberg.com.tr%2Fes%2Furunlerimiz%2F|||\u00bb][\/vc_column][vc_column width=\u00bb1\/3&#8243;][vc_single_image image=\u00bb1827&#8243; img_size=\u00bbmedium\u00bb alignment=\u00bbcenter\u00bb style=\u00bbvc_box_shadow_3d\u00bb][vc_custom_heading text=\u00bbVolante\u00bb font_container=\u00bbtag:h2|font_size:30|text_align:center|color:%23000000&#8243; google_fonts=\u00bbfont_family:Basic%3Aregular|font_style:400%20regular%3A400%3Anormal\u00bb][vc_custom_heading text=\u00bbExaminer en detalle\u00bb font_container=\u00bbtag:h4|font_size:18|text_align:center|color:%23f0ce11&#8243; link=\u00bburl:https%3A%2F%2Fkolnberg.com.tr%2Fes%2Furunlerimiz%2F|||\u00bb][\/vc_column][vc_column width=\u00bb1\/3&#8243;][vc_single_image image=\u00bb1831&#8243; img_size=\u00bbmedium\u00bb alignment=\u00bbcenter\u00bb style=\u00bbvc_box_shadow_3d\u00bb][vc_custom_heading text=\u00bbKit de embrague + Volante\u00bb font_container=\u00bbtag:h2|font_size:23|text_align:center|color:%23000000&#8243; google_fonts=\u00bbfont_family:Basic%3Aregular|font_style:400%20regular%3A400%3Anormal\u00bb][vc_custom_heading text=\u00bbExaminer en detalle\u00bb font_container=\u00bbtag:h4|font_size:18|text_align:center|color:%23f0ce11&#8243; link=\u00bburl:https%3A%2F%2Fkolnberg.com.tr%2Fes%2Furunlerimiz%2F|||\u00bb][\/vc_column][vc_column][vc_empty_space height=\u00bb20&#8243;][vc_separator][vc_empty_space [&hellip;]<\/p>\n","protected":false},"author":3,"featured_media":1550,"parent":0,"menu_order":0,"comment_status":"closed","ping_status":"closed","template":"","meta":[],"yoast_head":"<!-- This site is optimized with the Yoast SEO plugin v19.7.2 - https:\/\/yoast.com\/wordpress\/plugins\/seo\/ -->\n<title>K\u00f6lnberg Debriyaj ve Volan<\/title>\n<meta name=\"description\" content=\"K\u00f6lnberg debriyaj fabrikam\u0131z \u0130zmir&#039;de \u00fcretim yapmaktad\u0131r. Aftermarket i\u00e7in debriyaj, tek k\u00fctleli volan, \u00e7ift k\u00fctleli volan (DMF), debriyaj seti ve d\u00f6n\u00fc\u015ft\u00fcr\u00fclm\u00fc\u015f set \u00fcreticisidir. Uzman kadroya ve teknolojik altyap\u0131ya sahiptir. Y\u00fcksek kalitede ve uygun fiyatta \u00fcretir. K\u00f6lnberg ve Volmerk markas\u0131 ile \u00fcretim yapmaktad\u0131r. Bast debriyaj.\" \/>\n<meta name=\"robots\" content=\"index, follow, max-snippet:-1, max-image-preview:large, max-video-preview:-1\" \/>\n<link rel=\"canonical\" href=\"https:\/\/kolnberg.com.tr\/es\/\" \/>\n<meta property=\"og:locale\" content=\"es_ES\" \/>\n<meta property=\"og:type\" content=\"article\" \/>\n<meta property=\"og:title\" content=\"K\u00f6lnberg Debriyaj ve Volan\" \/>\n<meta property=\"og:description\" content=\"K\u00f6lnberg debriyaj fabrikam\u0131z \u0130zmir&#039;de \u00fcretim yapmaktad\u0131r. Aftermarket i\u00e7in debriyaj, tek k\u00fctleli volan, \u00e7ift k\u00fctleli volan (DMF), debriyaj seti ve d\u00f6n\u00fc\u015ft\u00fcr\u00fclm\u00fc\u015f set \u00fcreticisidir. Uzman kadroya ve teknolojik altyap\u0131ya sahiptir. Y\u00fcksek kalitede ve uygun fiyatta \u00fcretir. K\u00f6lnberg ve Volmerk markas\u0131 ile \u00fcretim yapmaktad\u0131r. Bast debriyaj.\" \/>\n<meta property=\"og:url\" content=\"https:\/\/kolnberg.com.tr\/es\/\" \/>\n<meta property=\"og:site_name\" content=\"K\u00f6lnberg Clutch\" \/>\n<meta property=\"article:modified_time\" content=\"2024-10-13T14:27:31+00:00\" \/>\n<meta property=\"og:image\" content=\"https:\/\/kolnberg.com.tr\/wp-content\/uploads\/2022\/07\/ekran.png\" \/>\n\t<meta property=\"og:image:width\" content=\"1366\" \/>\n\t<meta property=\"og:image:height\" content=\"768\" \/>\n\t<meta property=\"og:image:type\" content=\"image\/png\" \/>\n<meta name=\"twitter:card\" content=\"summary_large_image\" \/>\n<meta name=\"twitter:label1\" content=\"Tiempo de lectura\" \/>\n\t<meta name=\"twitter:data1\" content=\"2 minutos\" \/>\n<script type=\"application\/ld+json\" class=\"yoast-schema-graph\">{\"@context\":\"https:\/\/schema.org\",\"@graph\":[{\"@type\":\"WebPage\",\"@id\":\"https:\/\/kolnberg.com.tr\/es\/\",\"url\":\"https:\/\/kolnberg.com.tr\/es\/\",\"name\":\"K\u00f6lnberg Debriyaj ve Volan\",\"isPartOf\":{\"@id\":\"https:\/\/kolnberg.com.tr\/#website\"},\"datePublished\":\"2016-05-19T06:50:06+00:00\",\"dateModified\":\"2024-10-13T14:27:31+00:00\",\"description\":\"K\u00f6lnberg debriyaj fabrikam\u0131z \u0130zmir'de \u00fcretim yapmaktad\u0131r. Aftermarket i\u00e7in debriyaj, tek k\u00fctleli volan, \u00e7ift k\u00fctleli volan (DMF), debriyaj seti ve d\u00f6n\u00fc\u015ft\u00fcr\u00fclm\u00fc\u015f set \u00fcreticisidir. Uzman kadroya ve teknolojik altyap\u0131ya sahiptir. Y\u00fcksek kalitede ve uygun fiyatta \u00fcretir. K\u00f6lnberg ve Volmerk markas\u0131 ile \u00fcretim yapmaktad\u0131r. Bast debriyaj.\",\"breadcrumb\":{\"@id\":\"https:\/\/kolnberg.com.tr\/es\/#breadcrumb\"},\"inLanguage\":\"es-ESE\",\"potentialAction\":[{\"@type\":\"ReadAction\",\"target\":[\"https:\/\/kolnberg.com.tr\/es\/\"]}]},{\"@type\":\"BreadcrumbList\",\"@id\":\"https:\/\/kolnberg.com.tr\/es\/#breadcrumb\",\"itemListElement\":[{\"@type\":\"ListItem\",\"position\":1,\"name\":\"Anasayfa\",\"item\":\"https:\/\/kolnberg.com.tr\/es\/\"},{\"@type\":\"ListItem\",\"position\":2,\"name\":\"P\u00e1gina de inicio\"}]},{\"@type\":\"WebSite\",\"@id\":\"https:\/\/kolnberg.com.tr\/#website\",\"url\":\"https:\/\/kolnberg.com.tr\/\",\"name\":\"K\u00f6lnberg Clutch\",\"description\":\"Smart Solutions\",\"publisher\":{\"@id\":\"https:\/\/kolnberg.com.tr\/#organization\"},\"potentialAction\":[{\"@type\":\"SearchAction\",\"target\":{\"@type\":\"EntryPoint\",\"urlTemplate\":\"https:\/\/kolnberg.com.tr\/?s={search_term_string}\"},\"query-input\":\"required name=search_term_string\"}],\"inLanguage\":\"es-ESE\"},{\"@type\":\"Organization\",\"@id\":\"https:\/\/kolnberg.com.tr\/#organization\",\"name\":\"K\u00f6lnberg Clutch\",\"url\":\"https:\/\/kolnberg.com.tr\/\",\"sameAs\":[],\"logo\":{\"@type\":\"ImageObject\",\"inLanguage\":\"es-ESE\",\"@id\":\"https:\/\/kolnberg.com.tr\/#\/schema\/logo\/image\/\",\"url\":\"https:\/\/kolnberg.com.tr\/wp-content\/uploads\/2022\/06\/kolnberg-kurumsal-logo.png\",\"contentUrl\":\"https:\/\/kolnberg.com.tr\/wp-content\/uploads\/2022\/06\/kolnberg-kurumsal-logo.png\",\"width\":270,\"height\":70,\"caption\":\"K\u00f6lnberg Clutch\"},\"image\":{\"@id\":\"https:\/\/kolnberg.com.tr\/#\/schema\/logo\/image\/\"}}]}<\/script>\n<!-- \/ Yoast SEO plugin. -->","yoast_head_json":{"title":"K\u00f6lnberg Debriyaj ve Volan","description":"K\u00f6lnberg debriyaj fabrikam\u0131z \u0130zmir'de \u00fcretim yapmaktad\u0131r. Aftermarket i\u00e7in debriyaj, tek k\u00fctleli volan, \u00e7ift k\u00fctleli volan (DMF), debriyaj seti ve d\u00f6n\u00fc\u015ft\u00fcr\u00fclm\u00fc\u015f set \u00fcreticisidir. Uzman kadroya ve teknolojik altyap\u0131ya sahiptir. Y\u00fcksek kalitede ve uygun fiyatta \u00fcretir. K\u00f6lnberg ve Volmerk markas\u0131 ile \u00fcretim yapmaktad\u0131r. Bast debriyaj.","robots":{"index":"index","follow":"follow","max-snippet":"max-snippet:-1","max-image-preview":"max-image-preview:large","max-video-preview":"max-video-preview:-1"},"canonical":"https:\/\/kolnberg.com.tr\/es\/","og_locale":"es_ES","og_type":"article","og_title":"K\u00f6lnberg Debriyaj ve Volan","og_description":"K\u00f6lnberg debriyaj fabrikam\u0131z \u0130zmir'de \u00fcretim yapmaktad\u0131r. Aftermarket i\u00e7in debriyaj, tek k\u00fctleli volan, \u00e7ift k\u00fctleli volan (DMF), debriyaj seti ve d\u00f6n\u00fc\u015ft\u00fcr\u00fclm\u00fc\u015f set \u00fcreticisidir. Uzman kadroya ve teknolojik altyap\u0131ya sahiptir. Y\u00fcksek kalitede ve uygun fiyatta \u00fcretir. K\u00f6lnberg ve Volmerk markas\u0131 ile \u00fcretim yapmaktad\u0131r. Bast debriyaj.","og_url":"https:\/\/kolnberg.com.tr\/es\/","og_site_name":"K\u00f6lnberg Clutch","article_modified_time":"2024-10-13T14:27:31+00:00","og_image":[{"width":1366,"height":768,"url":"https:\/\/kolnberg.com.tr\/wp-content\/uploads\/2022\/07\/ekran.png","type":"image\/png"}],"twitter_card":"summary_large_image","twitter_misc":{"Tiempo de lectura":"2 minutos"},"schema":{"@context":"https:\/\/schema.org","@graph":[{"@type":"WebPage","@id":"https:\/\/kolnberg.com.tr\/es\/","url":"https:\/\/kolnberg.com.tr\/es\/","name":"K\u00f6lnberg Debriyaj ve Volan","isPartOf":{"@id":"https:\/\/kolnberg.com.tr\/#website"},"datePublished":"2016-05-19T06:50:06+00:00","dateModified":"2024-10-13T14:27:31+00:00","description":"K\u00f6lnberg debriyaj fabrikam\u0131z \u0130zmir'de \u00fcretim yapmaktad\u0131r. Aftermarket i\u00e7in debriyaj, tek k\u00fctleli volan, \u00e7ift k\u00fctleli volan (DMF), debriyaj seti ve d\u00f6n\u00fc\u015ft\u00fcr\u00fclm\u00fc\u015f set \u00fcreticisidir. Uzman kadroya ve teknolojik altyap\u0131ya sahiptir. Y\u00fcksek kalitede ve uygun fiyatta \u00fcretir. K\u00f6lnberg ve Volmerk markas\u0131 ile \u00fcretim yapmaktad\u0131r. Bast debriyaj.","breadcrumb":{"@id":"https:\/\/kolnberg.com.tr\/es\/#breadcrumb"},"inLanguage":"es-ESE","potentialAction":[{"@type":"ReadAction","target":["https:\/\/kolnberg.com.tr\/es\/"]}]},{"@type":"BreadcrumbList","@id":"https:\/\/kolnberg.com.tr\/es\/#breadcrumb","itemListElement":[{"@type":"ListItem","position":1,"name":"Anasayfa","item":"https:\/\/kolnberg.com.tr\/es\/"},{"@type":"ListItem","position":2,"name":"P\u00e1gina de inicio"}]},{"@type":"WebSite","@id":"https:\/\/kolnberg.com.tr\/#website","url":"https:\/\/kolnberg.com.tr\/","name":"K\u00f6lnberg Clutch","description":"Smart Solutions","publisher":{"@id":"https:\/\/kolnberg.com.tr\/#organization"},"potentialAction":[{"@type":"SearchAction","target":{"@type":"EntryPoint","urlTemplate":"https:\/\/kolnberg.com.tr\/?s={search_term_string}"},"query-input":"required name=search_term_string"}],"inLanguage":"es-ESE"},{"@type":"Organization","@id":"https:\/\/kolnberg.com.tr\/#organization","name":"K\u00f6lnberg Clutch","url":"https:\/\/kolnberg.com.tr\/","sameAs":[],"logo":{"@type":"ImageObject","inLanguage":"es-ESE","@id":"https:\/\/kolnberg.com.tr\/#\/schema\/logo\/image\/","url":"https:\/\/kolnberg.com.tr\/wp-content\/uploads\/2022\/06\/kolnberg-kurumsal-logo.png","contentUrl":"https:\/\/kolnberg.com.tr\/wp-content\/uploads\/2022\/06\/kolnberg-kurumsal-logo.png","width":270,"height":70,"caption":"K\u00f6lnberg Clutch"},"image":{"@id":"https:\/\/kolnberg.com.tr\/#\/schema\/logo\/image\/"}}]}},"_links":{"self":[{"href":"https:\/\/kolnberg.com.tr\/es\/wp-json\/wp\/v2\/pages\/20"}],"collection":[{"href":"https:\/\/kolnberg.com.tr\/es\/wp-json\/wp\/v2\/pages"}],"about":[{"href":"https:\/\/kolnberg.com.tr\/es\/wp-json\/wp\/v2\/types\/page"}],"author":[{"embeddable":true,"href":"https:\/\/kolnberg.com.tr\/es\/wp-json\/wp\/v2\/users\/3"}],"replies":[{"embeddable":true,"href":"https:\/\/kolnberg.com.tr\/es\/wp-json\/wp\/v2\/comments?post=20"}],"version-history":[{"count":175,"href":"https:\/\/kolnberg.com.tr\/es\/wp-json\/wp\/v2\/pages\/20\/revisions"}],"predecessor-version":[{"id":1998,"href":"https:\/\/kolnberg.com.tr\/es\/wp-json\/wp\/v2\/pages\/20\/revisions\/1998"}],"wp:featuredmedia":[{"embeddable":true,"href":"https:\/\/kolnberg.com.tr\/es\/wp-json\/wp\/v2\/media\/1550"}],"wp:attachment":[{"href":"https:\/\/kolnberg.com.tr\/es\/wp-json\/wp\/v2\/media?parent=20"}],"curies":[{"name":"wp","href":"https:\/\/api.w.org\/{rel}","templated":true}]}}