{"id":1368,"date":"2022-06-10T09:45:32","date_gmt":"2022-06-10T09:45:32","guid":{"rendered":"https:\/\/kolnberg.com.tr\/?page_id=1368"},"modified":"2024-10-13T14:39:39","modified_gmt":"2024-10-13T14:39:39","slug":"iletisim","status":"publish","type":"page","link":"https:\/\/kolnberg.com.tr\/es\/iletisim\/","title":{"rendered":"Comunicaci\u00f3n"},"content":{"rendered":"<p>[vc_row][vc_column width=\u00bb1\/2&#8243;][vc_custom_heading text=\u00bbInformaci\u00f3n del Contacto\u00bb font_container=\u00bbtag:h1|font_size:30|text_align:center|color:%23000000&#8243; google_fonts=\u00bbfont_family:Basic%3Aregular|font_style:400%20regular%3A400%3Anormal\u00bb][vc_separator color=\u00bbblack\u00bb style=\u00bbshadow\u00bb][vc_empty_space height=\u00bb10&#8243;][vc_column_text]<span style=\"color: #000000;\"><strong><span style=\"font-size: 14pt;\">F\u00e1brica<\/span><br \/>\nDirecci\u00f3n:<\/strong> Armutlu 85.Y\u0131l Cumhuriyet Mh. S\u00f6\u011f\u00fctl\u00fc \u00c7e\u015fme Sk. No: 6<br \/>\nKemalpa\u015fa &#8211; \u0130zmir \/ T\u00dcRK\u0130YE<\/span><\/p>\n<p><span style=\"color: #000000;\"><strong>Tel\u00e9fono:<\/strong> +90 232 878 70 07<\/span><\/p>\n<p><span style=\"color: #000000;\"><strong>Correo Electr\u00f3nico: <\/strong><a style=\"color: #000000;\" href=\"mailto:info@kolnberg.com.tr\">info@kolnberg.com.tr<\/a><\/span>[\/vc_column_text][vc_empty_space height=\u00bb10&#8243;][vc_custom_heading text=\u00bbPara direcciones\u00bb font_container=\u00bbtag:h1|font_size:30|text_align:center|color:%23000000&#8243; google_fonts=\u00bbfont_family:Basic%3Aregular|font_style:400%20regular%3A400%3Anormal\u00bb][vc_separator color=\u00bbblack\u00bb style=\u00bbshadow\u00bb][vc_empty_space height=\u00bb10&#8243;][vc_gmaps link=\u00bb#E-8_JTNDaWZyYW1lJTIwc3JjJTNEJTIyaHR0cHMlM0ElMkYlMkZ3d3cuZ29vZ2xlLmNvbSUyRm1hcHMlMkZlbWJlZCUzRnBiJTNEJTIxMW0xOCUyMTFtMTIlMjExbTMlMjExZDMxMjQuODA0NTMxNzE1MjEzNyUyMTJkMjcuNTI3MTg4NDk5OTk5OTk4JTIxM2QzOC40NDU5ODM3MDAwMDAwMDYlMjEybTMlMjExZjAlMjEyZjAlMjEzZjAlMjEzbTIlMjExaTEwMjQlMjEyaTc2OCUyMTRmMTMuMSUyMTNtMyUyMTFtMiUyMTFzMHgxNGI5NjM2Yjc3ZTVjNmJiJTI1M0EweDk0MjE0ZmI4OTRjYzFmOWYlMjEyc0slMjVDMyUyNTk2TE5CRVJHJTI1MjBDbHV0Y2glMjUyMGFuZCUyNTIwQXV0b21vdGl2ZSUyNTIwUHJvZHVjdHMlMjUyMEluZHVzdHJ5JTI1MjBhbmQlMjUyMFRyYWRlJTI1MjBDb21wYW55JTI1MjBMaW1pdGVkJTIxNWUwJTIxM20yJTIxMXN0ciUyMTJzdHIlMjE0djE2NTUyNzkzMjYxOTYlMjE1bTIlMjExc3RyJTIxMnN0ciUyMiUyMHdpZHRoJTNEJTIyNjAwJTIyJTIwaGVpZ2h0JTNEJTIyNDUwJTIyJTIwc3R5bGUlM0QlMjJib3JkZXIlM0EwJTNCJTIyJTIwYWxsb3dmdWxsc2NyZWVuJTNEJTIyJTIyJTIwbG9hZGluZyUzRCUyMmxhenklMjIlMjByZWZlcnJlcnBvbGljeSUzRCUyMm5vLXJlZmVycmVyLXdoZW4tZG93bmdyYWRlJTIyJTNFJTNDJTJGaWZyYW1lJTNF\u00bb][vc_empty_space height=\u00bb10&#8243;][\/vc_column][vc_column width=\u00bb1\/2&#8243;][vc_custom_heading text=\u00bbInformaci\u00f3n del Contacto\u00bb font_container=\u00bbtag:h1|font_size:30|text_align:center|color:%23000000&#8243; google_fonts=\u00bbfont_family:Basic%3Aregular|font_style:400%20regular%3A400%3Anormal\u00bb][vc_separator color=\u00bbblack\u00bb style=\u00bbshadow\u00bb][vc_empty_space height=\u00bb10&#8243;][vc_column_text]<span style=\"color: #000000;\"><strong><span style=\"font-size: 14pt;\">Oficina de Ventas Sudam\u00e9rica<\/span><br \/>\nDirecci\u00f3n:<\/strong> Av.Cramer 2742 , Buenos Aires Capital \/ Argentina<\/span><\/p>\n<p><span style=\"color: #000000;\"><strong>Tel\u00e9fono:<\/strong> +54 9 11 5022-8476<\/span><\/p>\n<p><span style=\"color: #000000;\"><strong>Correo Electr\u00f3nico:<\/strong> <a style=\"color: #000000;\" href=\"mailto:berkan.ekinci@kolnberg.com.tr\">berkan.ekinci@kolnberg.com.tr<\/a><\/span>[\/vc_column_text][vc_empty_space height=\u00bb10&#8243;][vc_custom_heading text=\u00bbPara direcciones\u00bb font_container=\u00bbtag:h1|font_size:30|text_align:center|color:%23000000&#8243; google_fonts=\u00bbfont_family:Basic%3Aregular|font_style:400%20regular%3A400%3Anormal\u00bb][vc_separator color=\u00bbblack\u00bb style=\u00bbshadow\u00bb][vc_empty_space height=\u00bb10&#8243;][vc_gmaps link=\u00bb#E-8_JTNDaWZyYW1lJTIwc3JjJTNEJTIyaHR0cHMlM0ElMkYlMkZ3d3cuZ29vZ2xlLmNvbSUyRm1hcHMlMkZlbWJlZCUzRnBiJTNEJTIxMW0xNyUyMTFtMTIlMjExbTMlMjExZDMyODUuNzc3MzEyNDUzNTc3JTIxMmQtNTguNDY5MDc1MzI0MjYxNjglMjEzZC0zNC41NTkxOTMyNzI5NzAyNCUyMTJtMyUyMTFmMCUyMTJmMCUyMTNmMCUyMTNtMiUyMTFpMTAyNCUyMTJpNzY4JTIxNGYxMy4xJTIxM20yJTIxMW0xJTIxMnpNelRDc0RNekp6TXpMakVpVXlBMU9NS3dNamNuTlRrdU5DSlglMjE1ZTAlMjEzbTIlMjExc3RyJTIxMnN0ciUyMTR2MTcyNTQ3NzMzMjYyMCUyMTVtMiUyMTFzdHIlMjEyc3RyJTIyJTIwd2lkdGglM0QlMjI2MDAlMjIlMjBoZWlnaHQlM0QlMjI0NTAlMjIlMjBzdHlsZSUzRCUyMmJvcmRlciUzQTAlM0IlMjIlMjBhbGxvd2Z1bGxzY3JlZW4lM0QlMjIlMjIlMjBsb2FkaW5nJTNEJTIybGF6eSUyMiUyMHJlZmVycmVycG9saWN5JTNEJTIybm8tcmVmZXJyZXItd2hlbi1kb3duZ3JhZGUlMjIlM0UlM0MlMkZpZnJhbWUlM0U=\u00bb][vc_empty_space height=\u00bb10&#8243;][\/vc_column][vc_column][\/vc_column][vc_column width=\u00bb1\/2&#8243;][vc_custom_heading text=\u00bbFormulario de Contacto\u00bb font_container=\u00bbtag:h1|font_size:30|text_align:center|color:%23000000&#8243; google_fonts=\u00bbfont_family:Basic%3Aregular|font_style:400%20regular%3A400%3Anormal\u00bb][vc_separator color=\u00bbblack\u00bb style=\u00bbshadow\u00bb][vc_empty_space height=\u00bb10&#8243;]<div role=\"form\" class=\"wpcf7\" id=\"wpcf7-f1298-o1\" lang=\"tr-TR\" dir=\"ltr\">\n<div class=\"screen-reader-response\"><p role=\"status\" aria-live=\"polite\" aria-atomic=\"true\"><\/p> <ul><\/ul><\/div>\n<form action=\"\/es\/wp-json\/wp\/v2\/pages\/1368#wpcf7-f1298-o1\" method=\"post\" class=\"wpcf7-form init\" novalidate=\"novalidate\" data-status=\"init\">\n<div style=\"display: none;\">\n<input type=\"hidden\" name=\"_wpcf7\" value=\"1298\" \/>\n<input type=\"hidden\" name=\"_wpcf7_version\" value=\"5.6.3\" \/>\n<input type=\"hidden\" name=\"_wpcf7_locale\" value=\"tr_TR\" \/>\n<input type=\"hidden\" name=\"_wpcf7_unit_tag\" value=\"wpcf7-f1298-o1\" \/>\n<input type=\"hidden\" name=\"_wpcf7_container_post\" value=\"0\" \/>\n<input type=\"hidden\" name=\"_wpcf7_posted_data_hash\" value=\"\" \/>\n<input type=\"hidden\" name=\"lang\" value=\"es\" \/>\n<\/div>\n<p><label> Su Nombre y Apellido<br \/>\n    <span class=\"wpcf7-form-control-wrap\" data-name=\"your-name\"><input type=\"text\" name=\"your-name\" value=\"\" size=\"40\" class=\"wpcf7-form-control wpcf7-text wpcf7-validates-as-required\" aria-required=\"true\" aria-invalid=\"false\" \/><\/span> <\/label><\/p>\n<p><label> Tu correo electr\u00f3nico<br \/>\n    <span class=\"wpcf7-form-control-wrap\" data-name=\"your-email\"><input type=\"email\" name=\"your-email\" value=\"\" size=\"40\" class=\"wpcf7-form-control wpcf7-text wpcf7-email wpcf7-validates-as-required wpcf7-validates-as-email\" aria-required=\"true\" aria-invalid=\"false\" \/><\/span> <\/label><\/p>\n<p><label> Tema<br \/>\n    <span class=\"wpcf7-form-control-wrap\" data-name=\"your-subject\"><input type=\"text\" name=\"your-subject\" value=\"\" size=\"40\" class=\"wpcf7-form-control wpcf7-text wpcf7-validates-as-required\" aria-required=\"true\" aria-invalid=\"false\" \/><\/span> <\/label><\/p>\n<p><label> Tu Mensaje (Opcional)<br \/>\n    <span class=\"wpcf7-form-control-wrap\" data-name=\"your-message\"><textarea name=\"your-message\" cols=\"40\" rows=\"10\" class=\"wpcf7-form-control wpcf7-textarea\" aria-invalid=\"false\"><\/textarea><\/span> <\/label><\/p>\n<p><input type=\"submit\" value=\"Env\u0131ar\" class=\"wpcf7-form-control has-spinner wpcf7-submit\" \/><\/p>\n<div class=\"wpcf7-response-output\" aria-hidden=\"true\"><\/div><\/form><\/div>[\/vc_column][\/vc_row]<\/p>\n","protected":false},"excerpt":{"rendered":"<p>[vc_row][vc_column width=\u00bb1\/2&#8243;][vc_custom_heading text=\u00bbInformaci\u00f3n del Contacto\u00bb font_container=\u00bbtag:h1|font_size:30|text_align:center|color:%23000000&#8243; google_fonts=\u00bbfont_family:Basic%3Aregular|font_style:400%20regular%3A400%3Anormal\u00bb][vc_separator color=\u00bbblack\u00bb style=\u00bbshadow\u00bb][vc_empty_space height=\u00bb10&#8243;][vc_column_text]F\u00e1brica Direcci\u00f3n: Armutlu 85.Y\u0131l Cumhuriyet Mh. S\u00f6\u011f\u00fctl\u00fc \u00c7e\u015fme Sk. No: 6 Kemalpa\u015fa &#8211; \u0130zmir \/ T\u00dcRK\u0130YE Tel\u00e9fono: +90 232 878 70 07 Correo Electr\u00f3nico: info@kolnberg.com.tr[\/vc_column_text][vc_empty_space height=\u00bb10&#8243;][vc_custom_heading text=\u00bbPara direcciones\u00bb font_container=\u00bbtag:h1|font_size:30|text_align:center|color:%23000000&#8243; google_fonts=\u00bbfont_family:Basic%3Aregular|font_style:400%20regular%3A400%3Anormal\u00bb][vc_separator color=\u00bbblack\u00bb style=\u00bbshadow\u00bb][vc_empty_space height=\u00bb10&#8243;][vc_gmaps link=\u00bb#E-8_JTNDaWZyYW1lJTIwc3JjJTNEJTIyaHR0cHMlM0ElMkYlMkZ3d3cuZ29vZ2xlLmNvbSUyRm1hcHMlMkZlbWJlZCUzRnBiJTNEJTIxMW0xOCUyMTFtMTIlMjExbTMlMjExZDMxMjQuODA0NTMxNzE1MjEzNyUyMTJkMjcuNTI3MTg4NDk5OTk5OTk4JTIxM2QzOC40NDU5ODM3MDAwMDAwMDYlMjEybTMlMjExZjAlMjEyZjAlMjEzZjAlMjEzbTIlMjExaTEwMjQlMjEyaTc2OCUyMTRmMTMuMSUyMTNtMyUyMTFtMiUyMTFzMHgxNGI5NjM2Yjc3ZTVjNmJiJTI1M0EweDk0MjE0ZmI4OTRjYzFmOWYlMjEyc0slMjVDMyUyNTk2TE5CRVJHJTI1MjBDbHV0Y2glMjUyMGFuZCUyNTIwQXV0b21vdGl2ZSUyNTIwUHJvZHVjdHMlMjUyMEluZHVzdHJ5JTI1MjBhbmQlMjUyMFRyYWRlJTI1MjBDb21wYW55JTI1MjBMaW1pdGVkJTIxNWUwJTIxM20yJTIxMXN0ciUyMTJzdHIlMjE0djE2NTUyNzkzMjYxOTYlMjE1bTIlMjExc3RyJTIxMnN0ciUyMiUyMHdpZHRoJTNEJTIyNjAwJTIyJTIwaGVpZ2h0JTNEJTIyNDUwJTIyJTIwc3R5bGUlM0QlMjJib3JkZXIlM0EwJTNCJTIyJTIwYWxsb3dmdWxsc2NyZWVuJTNEJTIyJTIyJTIwbG9hZGluZyUzRCUyMmxhenklMjIlMjByZWZlcnJlcnBvbGljeSUzRCUyMm5vLXJlZmVycmVyLXdoZW4tZG93bmdyYWRlJTIyJTNFJTNDJTJGaWZyYW1lJTNF\u00bb][vc_empty_space height=\u00bb10&#8243;][\/vc_column][vc_column width=\u00bb1\/2&#8243;][vc_custom_heading text=\u00bbInformaci\u00f3n del Contacto\u00bb font_container=\u00bbtag:h1|font_size:30|text_align:center|color:%23000000&#8243; google_fonts=\u00bbfont_family:Basic%3Aregular|font_style:400%20regular%3A400%3Anormal\u00bb][vc_separator color=\u00bbblack\u00bb style=\u00bbshadow\u00bb][vc_empty_space height=\u00bb10&#8243;][vc_column_text]Oficina de Ventas [&hellip;]<\/p>\n","protected":false},"author":3,"featured_media":0,"parent":0,"menu_order":0,"comment_status":"closed","ping_status":"closed","template":"","meta":[],"yoast_head":"<!-- This site is optimized with the Yoast SEO plugin v19.7.2 - https:\/\/yoast.com\/wordpress\/plugins\/seo\/ -->\n<title>Comunicaci\u00f3n - K\u00f6lnberg Clutch<\/title>\n<meta name=\"robots\" content=\"index, follow, max-snippet:-1, max-image-preview:large, max-video-preview:-1\" \/>\n<link rel=\"canonical\" href=\"https:\/\/kolnberg.com.tr\/ru\/iletisim\/\" \/>\n<meta property=\"og:locale\" content=\"es_ES\" \/>\n<meta property=\"og:type\" content=\"article\" \/>\n<meta property=\"og:title\" content=\"Comunicaci\u00f3n\" \/>\n<meta property=\"og:description\" content=\"[vc_row][vc_column width=\u00bb1\/2&#8243;][vc_custom_heading text=\u00bbInformaci\u00f3n del Contacto\u00bb font_container=\u00bbtag:h1|font_size:30|text_align:center|color:%23000000&#8243; google_fonts=\u00bbfont_family:Basic%3Aregular|font_style:400%20regular%3A400%3Anormal\u00bb][vc_separator color=\u00bbblack\u00bb style=\u00bbshadow\u00bb][vc_empty_space height=\u00bb10&#8243;][vc_column_text]F\u00e1brica Direcci\u00f3n: Armutlu 85.Y\u0131l Cumhuriyet Mh. S\u00f6\u011f\u00fctl\u00fc \u00c7e\u015fme Sk. No: 6 Kemalpa\u015fa &#8211; \u0130zmir \/ T\u00dcRK\u0130YE Tel\u00e9fono: +90 232 878 70 07 Correo Electr\u00f3nico: info@kolnberg.com.tr[\/vc_column_text][vc_empty_space height=\u00bb10&#8243;][vc_custom_heading text=\u00bbPara direcciones\u00bb font_container=\u00bbtag:h1|font_size:30|text_align:center|color:%23000000&#8243; google_fonts=\u00bbfont_family:Basic%3Aregular|font_style:400%20regular%3A400%3Anormal\u00bb][vc_separator color=\u00bbblack\u00bb style=\u00bbshadow\u00bb][vc_empty_space height=\u00bb10&#8243;][vc_gmaps link=\u00bb#E-8_JTNDaWZyYW1lJTIwc3JjJTNEJTIyaHR0cHMlM0ElMkYlMkZ3d3cuZ29vZ2xlLmNvbSUyRm1hcHMlMkZlbWJlZCUzRnBiJTNEJTIxMW0xOCUyMTFtMTIlMjExbTMlMjExZDMxMjQuODA0NTMxNzE1MjEzNyUyMTJkMjcuNTI3MTg4NDk5OTk5OTk4JTIxM2QzOC40NDU5ODM3MDAwMDAwMDYlMjEybTMlMjExZjAlMjEyZjAlMjEzZjAlMjEzbTIlMjExaTEwMjQlMjEyaTc2OCUyMTRmMTMuMSUyMTNtMyUyMTFtMiUyMTFzMHgxNGI5NjM2Yjc3ZTVjNmJiJTI1M0EweDk0MjE0ZmI4OTRjYzFmOWYlMjEyc0slMjVDMyUyNTk2TE5CRVJHJTI1MjBDbHV0Y2glMjUyMGFuZCUyNTIwQXV0b21vdGl2ZSUyNTIwUHJvZHVjdHMlMjUyMEluZHVzdHJ5JTI1MjBhbmQlMjUyMFRyYWRlJTI1MjBDb21wYW55JTI1MjBMaW1pdGVkJTIxNWUwJTIxM20yJTIxMXN0ciUyMTJzdHIlMjE0djE2NTUyNzkzMjYxOTYlMjE1bTIlMjExc3RyJTIxMnN0ciUyMiUyMHdpZHRoJTNEJTIyNjAwJTIyJTIwaGVpZ2h0JTNEJTIyNDUwJTIyJTIwc3R5bGUlM0QlMjJib3JkZXIlM0EwJTNCJTIyJTIwYWxsb3dmdWxsc2NyZWVuJTNEJTIyJTIyJTIwbG9hZGluZyUzRCUyMmxhenklMjIlMjByZWZlcnJlcnBvbGljeSUzRCUyMm5vLXJlZmVycmVyLXdoZW4tZG93bmdyYWRlJTIyJTNFJTNDJTJGaWZyYW1lJTNF\u00bb][vc_empty_space height=\u00bb10&#8243;][\/vc_column][vc_column width=\u00bb1\/2&#8243;][vc_custom_heading text=\u00bbInformaci\u00f3n del Contacto\u00bb font_container=\u00bbtag:h1|font_size:30|text_align:center|color:%23000000&#8243; google_fonts=\u00bbfont_family:Basic%3Aregular|font_style:400%20regular%3A400%3Anormal\u00bb][vc_separator color=\u00bbblack\u00bb style=\u00bbshadow\u00bb][vc_empty_space height=\u00bb10&#8243;][vc_column_text]Oficina de Ventas [&hellip;]\" \/>\n<meta property=\"og:url\" content=\"https:\/\/kolnberg.com.tr\/ru\/iletisim\/\" \/>\n<meta property=\"og:site_name\" content=\"K\u00f6lnberg Clutch\" \/>\n<meta property=\"article:modified_time\" content=\"2024-10-13T14:39:39+00:00\" \/>\n<meta name=\"twitter:card\" content=\"summary_large_image\" \/>\n<meta name=\"twitter:label1\" content=\"Tiempo de lectura\" \/>\n\t<meta name=\"twitter:data1\" content=\"1 minuto\" \/>\n<script type=\"application\/ld+json\" class=\"yoast-schema-graph\">{\"@context\":\"https:\/\/schema.org\",\"@graph\":[{\"@type\":\"WebPage\",\"@id\":\"https:\/\/kolnberg.com.tr\/ru\/iletisim\/\",\"url\":\"https:\/\/kolnberg.com.tr\/ru\/iletisim\/\",\"name\":\"[:tr]\u0130leti\u015fim[:en]Contact[:fr]Communication[:es]Comunicaci\u00f3n[:ru]\u041a\u043e\u043c\u043c\u0443\u043d\u0438\u043a\u0430\u0446\u0438\u044f[:] - K\u00f6lnberg Clutch\",\"isPartOf\":{\"@id\":\"https:\/\/kolnberg.com.tr\/#website\"},\"datePublished\":\"2022-06-10T09:45:32+00:00\",\"dateModified\":\"2024-10-13T14:39:39+00:00\",\"breadcrumb\":{\"@id\":\"https:\/\/kolnberg.com.tr\/ru\/iletisim\/#breadcrumb\"},\"inLanguage\":\"es-ESE\",\"potentialAction\":[{\"@type\":\"ReadAction\",\"target\":[\"https:\/\/kolnberg.com.tr\/ru\/iletisim\/\"]}]},{\"@type\":\"BreadcrumbList\",\"@id\":\"https:\/\/kolnberg.com.tr\/ru\/iletisim\/#breadcrumb\",\"itemListElement\":[{\"@type\":\"ListItem\",\"position\":1,\"name\":\"Anasayfa\",\"item\":\"https:\/\/kolnberg.com.tr\/es\/\"},{\"@type\":\"ListItem\",\"position\":2,\"name\":\"\u041a\u043e\u043c\u043c\u0443\u043d\u0438\u043a\u0430\u0446\u0438\u044f\"}]},{\"@type\":\"WebSite\",\"@id\":\"https:\/\/kolnberg.com.tr\/#website\",\"url\":\"https:\/\/kolnberg.com.tr\/\",\"name\":\"K\u00f6lnberg Clutch\",\"description\":\"Smart Solutions\",\"publisher\":{\"@id\":\"https:\/\/kolnberg.com.tr\/#organization\"},\"potentialAction\":[{\"@type\":\"SearchAction\",\"target\":{\"@type\":\"EntryPoint\",\"urlTemplate\":\"https:\/\/kolnberg.com.tr\/?s={search_term_string}\"},\"query-input\":\"required name=search_term_string\"}],\"inLanguage\":\"es-ESE\"},{\"@type\":\"Organization\",\"@id\":\"https:\/\/kolnberg.com.tr\/#organization\",\"name\":\"K\u00f6lnberg Clutch\",\"url\":\"https:\/\/kolnberg.com.tr\/\",\"sameAs\":[],\"logo\":{\"@type\":\"ImageObject\",\"inLanguage\":\"es-ESE\",\"@id\":\"https:\/\/kolnberg.com.tr\/#\/schema\/logo\/image\/\",\"url\":\"https:\/\/kolnberg.com.tr\/wp-content\/uploads\/2022\/06\/kolnberg-kurumsal-logo.png\",\"contentUrl\":\"https:\/\/kolnberg.com.tr\/wp-content\/uploads\/2022\/06\/kolnberg-kurumsal-logo.png\",\"width\":270,\"height\":70,\"caption\":\"K\u00f6lnberg Clutch\"},\"image\":{\"@id\":\"https:\/\/kolnberg.com.tr\/#\/schema\/logo\/image\/\"}}]}<\/script>\n<!-- \/ Yoast SEO plugin. -->","yoast_head_json":{"title":"Comunicaci\u00f3n - K\u00f6lnberg Clutch","robots":{"index":"index","follow":"follow","max-snippet":"max-snippet:-1","max-image-preview":"max-image-preview:large","max-video-preview":"max-video-preview:-1"},"canonical":"https:\/\/kolnberg.com.tr\/ru\/iletisim\/","og_locale":"es_ES","og_type":"article","og_title":"[:tr]\u0130leti\u015fim[:en]Contact[:fr]Communication[:es]Comunicaci\u00f3n[:ru]\u041a\u043e\u043c\u043c\u0443\u043d\u0438\u043a\u0430\u0446\u0438\u044f[:] - K\u00f6lnberg Clutch","og_description":"[vc_row][vc_column width=\u00bb1\/2&#8243;][vc_custom_heading text=\u00bbInformaci\u00f3n del Contacto\u00bb font_container=\u00bbtag:h1|font_size:30|text_align:center|color:%23000000&#8243; google_fonts=\u00bbfont_family:Basic%3Aregular|font_style:400%20regular%3A400%3Anormal\u00bb][vc_separator color=\u00bbblack\u00bb style=\u00bbshadow\u00bb][vc_empty_space height=\u00bb10&#8243;][vc_column_text]F\u00e1brica Direcci\u00f3n: Armutlu 85.Y\u0131l Cumhuriyet Mh. S\u00f6\u011f\u00fctl\u00fc \u00c7e\u015fme Sk. No: 6 Kemalpa\u015fa &#8211; \u0130zmir \/ T\u00dcRK\u0130YE Tel\u00e9fono: +90 232 878 70 07 Correo Electr\u00f3nico: info@kolnberg.com.tr[\/vc_column_text][vc_empty_space height=\u00bb10&#8243;][vc_custom_heading text=\u00bbPara direcciones\u00bb font_container=\u00bbtag:h1|font_size:30|text_align:center|color:%23000000&#8243; google_fonts=\u00bbfont_family:Basic%3Aregular|font_style:400%20regular%3A400%3Anormal\u00bb][vc_separator color=\u00bbblack\u00bb style=\u00bbshadow\u00bb][vc_empty_space height=\u00bb10&#8243;][vc_gmaps link=\u00bb#E-8_JTNDaWZyYW1lJTIwc3JjJTNEJTIyaHR0cHMlM0ElMkYlMkZ3d3cuZ29vZ2xlLmNvbSUyRm1hcHMlMkZlbWJlZCUzRnBiJTNEJTIxMW0xOCUyMTFtMTIlMjExbTMlMjExZDMxMjQuODA0NTMxNzE1MjEzNyUyMTJkMjcuNTI3MTg4NDk5OTk5OTk4JTIxM2QzOC40NDU5ODM3MDAwMDAwMDYlMjEybTMlMjExZjAlMjEyZjAlMjEzZjAlMjEzbTIlMjExaTEwMjQlMjEyaTc2OCUyMTRmMTMuMSUyMTNtMyUyMTFtMiUyMTFzMHgxNGI5NjM2Yjc3ZTVjNmJiJTI1M0EweDk0MjE0ZmI4OTRjYzFmOWYlMjEyc0slMjVDMyUyNTk2TE5CRVJHJTI1MjBDbHV0Y2glMjUyMGFuZCUyNTIwQXV0b21vdGl2ZSUyNTIwUHJvZHVjdHMlMjUyMEluZHVzdHJ5JTI1MjBhbmQlMjUyMFRyYWRlJTI1MjBDb21wYW55JTI1MjBMaW1pdGVkJTIxNWUwJTIxM20yJTIxMXN0ciUyMTJzdHIlMjE0djE2NTUyNzkzMjYxOTYlMjE1bTIlMjExc3RyJTIxMnN0ciUyMiUyMHdpZHRoJTNEJTIyNjAwJTIyJTIwaGVpZ2h0JTNEJTIyNDUwJTIyJTIwc3R5bGUlM0QlMjJib3JkZXIlM0EwJTNCJTIyJTIwYWxsb3dmdWxsc2NyZWVuJTNEJTIyJTIyJTIwbG9hZGluZyUzRCUyMmxhenklMjIlMjByZWZlcnJlcnBvbGljeSUzRCUyMm5vLXJlZmVycmVyLXdoZW4tZG93bmdyYWRlJTIyJTNFJTNDJTJGaWZyYW1lJTNF\u00bb][vc_empty_space height=\u00bb10&#8243;][\/vc_column][vc_column width=\u00bb1\/2&#8243;][vc_custom_heading text=\u00bbInformaci\u00f3n del Contacto\u00bb font_container=\u00bbtag:h1|font_size:30|text_align:center|color:%23000000&#8243; google_fonts=\u00bbfont_family:Basic%3Aregular|font_style:400%20regular%3A400%3Anormal\u00bb][vc_separator color=\u00bbblack\u00bb style=\u00bbshadow\u00bb][vc_empty_space height=\u00bb10&#8243;][vc_column_text]Oficina de Ventas [&hellip;]","og_url":"https:\/\/kolnberg.com.tr\/ru\/iletisim\/","og_site_name":"K\u00f6lnberg Clutch","article_modified_time":"2024-10-13T14:39:39+00:00","twitter_card":"summary_large_image","twitter_misc":{"Tiempo de lectura":"1 minuto"},"schema":{"@context":"https:\/\/schema.org","@graph":[{"@type":"WebPage","@id":"https:\/\/kolnberg.com.tr\/ru\/iletisim\/","url":"https:\/\/kolnberg.com.tr\/ru\/iletisim\/","name":"[:tr]\u0130leti\u015fim[:en]Contact[:fr]Communication[:es]Comunicaci\u00f3n[:ru]\u041a\u043e\u043c\u043c\u0443\u043d\u0438\u043a\u0430\u0446\u0438\u044f[:] - K\u00f6lnberg Clutch","isPartOf":{"@id":"https:\/\/kolnberg.com.tr\/#website"},"datePublished":"2022-06-10T09:45:32+00:00","dateModified":"2024-10-13T14:39:39+00:00","breadcrumb":{"@id":"https:\/\/kolnberg.com.tr\/ru\/iletisim\/#breadcrumb"},"inLanguage":"es-ESE","potentialAction":[{"@type":"ReadAction","target":["https:\/\/kolnberg.com.tr\/ru\/iletisim\/"]}]},{"@type":"BreadcrumbList","@id":"https:\/\/kolnberg.com.tr\/ru\/iletisim\/#breadcrumb","itemListElement":[{"@type":"ListItem","position":1,"name":"Anasayfa","item":"https:\/\/kolnberg.com.tr\/es\/"},{"@type":"ListItem","position":2,"name":"\u041a\u043e\u043c\u043c\u0443\u043d\u0438\u043a\u0430\u0446\u0438\u044f"}]},{"@type":"WebSite","@id":"https:\/\/kolnberg.com.tr\/#website","url":"https:\/\/kolnberg.com.tr\/","name":"K\u00f6lnberg Clutch","description":"Smart Solutions","publisher":{"@id":"https:\/\/kolnberg.com.tr\/#organization"},"potentialAction":[{"@type":"SearchAction","target":{"@type":"EntryPoint","urlTemplate":"https:\/\/kolnberg.com.tr\/?s={search_term_string}"},"query-input":"required name=search_term_string"}],"inLanguage":"es-ESE"},{"@type":"Organization","@id":"https:\/\/kolnberg.com.tr\/#organization","name":"K\u00f6lnberg Clutch","url":"https:\/\/kolnberg.com.tr\/","sameAs":[],"logo":{"@type":"ImageObject","inLanguage":"es-ESE","@id":"https:\/\/kolnberg.com.tr\/#\/schema\/logo\/image\/","url":"https:\/\/kolnberg.com.tr\/wp-content\/uploads\/2022\/06\/kolnberg-kurumsal-logo.png","contentUrl":"https:\/\/kolnberg.com.tr\/wp-content\/uploads\/2022\/06\/kolnberg-kurumsal-logo.png","width":270,"height":70,"caption":"K\u00f6lnberg Clutch"},"image":{"@id":"https:\/\/kolnberg.com.tr\/#\/schema\/logo\/image\/"}}]}},"_links":{"self":[{"href":"https:\/\/kolnberg.com.tr\/es\/wp-json\/wp\/v2\/pages\/1368"}],"collection":[{"href":"https:\/\/kolnberg.com.tr\/es\/wp-json\/wp\/v2\/pages"}],"about":[{"href":"https:\/\/kolnberg.com.tr\/es\/wp-json\/wp\/v2\/types\/page"}],"author":[{"embeddable":true,"href":"https:\/\/kolnberg.com.tr\/es\/wp-json\/wp\/v2\/users\/3"}],"replies":[{"embeddable":true,"href":"https:\/\/kolnberg.com.tr\/es\/wp-json\/wp\/v2\/comments?post=1368"}],"version-history":[{"count":52,"href":"https:\/\/kolnberg.com.tr\/es\/wp-json\/wp\/v2\/pages\/1368\/revisions"}],"predecessor-version":[{"id":2006,"href":"https:\/\/kolnberg.com.tr\/es\/wp-json\/wp\/v2\/pages\/1368\/revisions\/2006"}],"wp:attachment":[{"href":"https:\/\/kolnberg.com.tr\/es\/wp-json\/wp\/v2\/media?parent=1368"}],"curies":[{"name":"wp","href":"https:\/\/api.w.org\/{rel}","templated":true}]}}