{"id":1357,"date":"2022-06-10T09:17:46","date_gmt":"2022-06-10T09:17:46","guid":{"rendered":"https:\/\/kolnberg.com.tr\/?page_id=1357"},"modified":"2024-10-13T14:33:44","modified_gmt":"2024-10-13T14:33:44","slug":"hakkimizda","status":"publish","type":"page","link":"https:\/\/kolnberg.com.tr\/es\/hakkimizda\/","title":{"rendered":"Sobre Nosotros"},"content":{"rendered":"<p>[vc_row][vc_column width=\u00bb1\/2&#8243;][vc_column_text]K\u00d6LNBERG Debriyaj se fund\u00f3 en Esmirna. K\u00d6LNBERG Clutch produce juegos de embrague, volantes monomasa, volantes bimasa (DMF) y kits reconvertidos adecuados para veh\u00edculos pesados \u200b\u200b(tractores, camiones y autobuses), veh\u00edculos comerciales ligeros, turismos y tractores para el mercado de posventa. Desde su creaci\u00f3n, ha estado transfiriendo la cultura y la experiencia adquirida de los grupos OEM y OES de la industria automotriz al mercado de posventa con la marca K\u00d6LNBERG Clutch. Con su infraestructura tecnol\u00f3gica y personal experto, lleva a cabo el dise\u00f1o y pruebas de productos de acuerdo con los est\u00e1ndares de la industria automotriz. Cada d\u00eda a\u00f1ade nuevos productos a su gama de productos en l\u00ednea con sus estudios de I+D y P&#038;D.<\/p>\n<p style=\"text-align: justify;\"><span style=\"color: #000000;\"><strong>Misi\u00f3n:\u00a0<\/strong> Ofrecer alternativas eficientes al mercado de posventa automotriz nacional e internacional mediante el dise\u00f1o y la producci\u00f3n de repuestos asequibles y de alta calidad sin comprometer sus valores.<\/span><\/p>\n<p style=\"text-align: justify;\"><span style=\"color: #000000;\"><strong>Visi\u00f3n:<\/strong>\u00a0 Ser de confianza para todos los socios comerciales y usuarios finales del sector, con el lema de \u201cSoluciones racionales\u201d y \u201cecon\u00f3mico, no barato\u201d.\u00a0 Convertirnos en una marca cotizada por el alto valor agregado que genera.\u00a0 Ofrecer repuestos de alta calidad al mercado de repuestos en las condiciones m\u00e1s favorables con dise\u00f1os y soluciones originales.<\/span><\/p>\n<p>[\/vc_column_text][\/vc_column][vc_column width=\u00bb1\/2&#8243;][vc_empty_space height=\u00bb20px\u00bb][vc_single_image image=\u00bb1838&#8243; img_size=\u00bbfull\u00bb][vc_empty_space height=\u00bb20px\u00bb][\/vc_column][\/vc_row]<\/p>\n","protected":false},"excerpt":{"rendered":"<p>[vc_row][vc_column width=\u00bb1\/2&#8243;][vc_column_text]K\u00d6LNBERG Debriyaj se fund\u00f3 en Esmirna. K\u00d6LNBERG Clutch produce juegos de embrague, volantes monomasa, volantes bimasa (DMF) y kits reconvertidos adecuados para veh\u00edculos pesados \u200b\u200b(tractores, camiones y autobuses), veh\u00edculos comerciales ligeros, turismos y tractores para el mercado de posventa. Desde su creaci\u00f3n, ha estado transfiriendo la cultura y la experiencia adquirida de los grupos [&hellip;]<\/p>\n","protected":false},"author":3,"featured_media":0,"parent":0,"menu_order":0,"comment_status":"closed","ping_status":"closed","template":"","meta":[],"yoast_head":"<!-- This site is optimized with the Yoast SEO plugin v19.7.2 - https:\/\/yoast.com\/wordpress\/plugins\/seo\/ -->\n<title>Sobre Nosotros - K\u00f6lnberg Clutch<\/title>\n<meta name=\"robots\" content=\"index, follow, max-snippet:-1, max-image-preview:large, max-video-preview:-1\" \/>\n<link rel=\"canonical\" href=\"https:\/\/kolnberg.com.tr\/fr\/hakkimizda\/\" \/>\n<meta property=\"og:locale\" content=\"es_ES\" \/>\n<meta property=\"og:type\" content=\"article\" \/>\n<meta property=\"og:title\" content=\"Sobre Nosotros\" \/>\n<meta property=\"og:description\" content=\"[vc_row][vc_column width=\u00bb1\/2&#8243;][vc_column_text]K\u00d6LNBERG Debriyaj se fund\u00f3 en Esmirna. K\u00d6LNBERG Clutch produce juegos de embrague, volantes monomasa, volantes bimasa (DMF) y kits reconvertidos adecuados para veh\u00edculos pesados \u200b\u200b(tractores, camiones y autobuses), veh\u00edculos comerciales ligeros, turismos y tractores para el mercado de posventa. Desde su creaci\u00f3n, ha estado transfiriendo la cultura y la experiencia adquirida de los grupos [&hellip;]\" \/>\n<meta property=\"og:url\" content=\"https:\/\/kolnberg.com.tr\/fr\/hakkimizda\/\" \/>\n<meta property=\"og:site_name\" content=\"K\u00f6lnberg Clutch\" \/>\n<meta property=\"article:modified_time\" content=\"2024-10-13T14:33:44+00:00\" \/>\n<meta name=\"twitter:card\" content=\"summary_large_image\" \/>\n<meta name=\"twitter:label1\" content=\"Tiempo de lectura\" \/>\n\t<meta name=\"twitter:data1\" content=\"2 minutos\" \/>\n<script type=\"application\/ld+json\" class=\"yoast-schema-graph\">{\"@context\":\"https:\/\/schema.org\",\"@graph\":[{\"@type\":\"WebPage\",\"@id\":\"https:\/\/kolnberg.com.tr\/fr\/hakkimizda\/\",\"url\":\"https:\/\/kolnberg.com.tr\/fr\/hakkimizda\/\",\"name\":\"[:tr]Hakk\u0131m\u0131zda[:en]About Us[:fr]\u00c2 propos de nous[:es]Sobre Nosotros[:ru]\u041e \u043d\u0430\u0441[:] - K\u00f6lnberg Clutch\",\"isPartOf\":{\"@id\":\"https:\/\/kolnberg.com.tr\/#website\"},\"datePublished\":\"2022-06-10T09:17:46+00:00\",\"dateModified\":\"2024-10-13T14:33:44+00:00\",\"breadcrumb\":{\"@id\":\"https:\/\/kolnberg.com.tr\/fr\/hakkimizda\/#breadcrumb\"},\"inLanguage\":\"es-ESE\",\"potentialAction\":[{\"@type\":\"ReadAction\",\"target\":[\"https:\/\/kolnberg.com.tr\/fr\/hakkimizda\/\"]}]},{\"@type\":\"BreadcrumbList\",\"@id\":\"https:\/\/kolnberg.com.tr\/fr\/hakkimizda\/#breadcrumb\",\"itemListElement\":[{\"@type\":\"ListItem\",\"position\":1,\"name\":\"Anasayfa\",\"item\":\"https:\/\/kolnberg.com.tr\/es\/\"},{\"@type\":\"ListItem\",\"position\":2,\"name\":\"\u00c2 propos de nous\"}]},{\"@type\":\"WebSite\",\"@id\":\"https:\/\/kolnberg.com.tr\/#website\",\"url\":\"https:\/\/kolnberg.com.tr\/\",\"name\":\"K\u00f6lnberg Clutch\",\"description\":\"Smart Solutions\",\"publisher\":{\"@id\":\"https:\/\/kolnberg.com.tr\/#organization\"},\"potentialAction\":[{\"@type\":\"SearchAction\",\"target\":{\"@type\":\"EntryPoint\",\"urlTemplate\":\"https:\/\/kolnberg.com.tr\/?s={search_term_string}\"},\"query-input\":\"required name=search_term_string\"}],\"inLanguage\":\"es-ESE\"},{\"@type\":\"Organization\",\"@id\":\"https:\/\/kolnberg.com.tr\/#organization\",\"name\":\"K\u00f6lnberg Clutch\",\"url\":\"https:\/\/kolnberg.com.tr\/\",\"sameAs\":[],\"logo\":{\"@type\":\"ImageObject\",\"inLanguage\":\"es-ESE\",\"@id\":\"https:\/\/kolnberg.com.tr\/#\/schema\/logo\/image\/\",\"url\":\"https:\/\/kolnberg.com.tr\/wp-content\/uploads\/2022\/06\/kolnberg-kurumsal-logo.png\",\"contentUrl\":\"https:\/\/kolnberg.com.tr\/wp-content\/uploads\/2022\/06\/kolnberg-kurumsal-logo.png\",\"width\":270,\"height\":70,\"caption\":\"K\u00f6lnberg Clutch\"},\"image\":{\"@id\":\"https:\/\/kolnberg.com.tr\/#\/schema\/logo\/image\/\"}}]}<\/script>\n<!-- \/ Yoast SEO plugin. -->","yoast_head_json":{"title":"Sobre Nosotros - K\u00f6lnberg Clutch","robots":{"index":"index","follow":"follow","max-snippet":"max-snippet:-1","max-image-preview":"max-image-preview:large","max-video-preview":"max-video-preview:-1"},"canonical":"https:\/\/kolnberg.com.tr\/fr\/hakkimizda\/","og_locale":"es_ES","og_type":"article","og_title":"[:tr]Hakk\u0131m\u0131zda[:en]About Us[:fr]\u00c2 propos de nous[:es]Sobre Nosotros[:ru]\u041e \u043d\u0430\u0441[:] - K\u00f6lnberg Clutch","og_description":"[vc_row][vc_column width=\u00bb1\/2&#8243;][vc_column_text]K\u00d6LNBERG Debriyaj se fund\u00f3 en Esmirna. K\u00d6LNBERG Clutch produce juegos de embrague, volantes monomasa, volantes bimasa (DMF) y kits reconvertidos adecuados para veh\u00edculos pesados \u200b\u200b(tractores, camiones y autobuses), veh\u00edculos comerciales ligeros, turismos y tractores para el mercado de posventa. Desde su creaci\u00f3n, ha estado transfiriendo la cultura y la experiencia adquirida de los grupos [&hellip;]","og_url":"https:\/\/kolnberg.com.tr\/fr\/hakkimizda\/","og_site_name":"K\u00f6lnberg Clutch","article_modified_time":"2024-10-13T14:33:44+00:00","twitter_card":"summary_large_image","twitter_misc":{"Tiempo de lectura":"2 minutos"},"schema":{"@context":"https:\/\/schema.org","@graph":[{"@type":"WebPage","@id":"https:\/\/kolnberg.com.tr\/fr\/hakkimizda\/","url":"https:\/\/kolnberg.com.tr\/fr\/hakkimizda\/","name":"[:tr]Hakk\u0131m\u0131zda[:en]About Us[:fr]\u00c2 propos de nous[:es]Sobre Nosotros[:ru]\u041e \u043d\u0430\u0441[:] - K\u00f6lnberg Clutch","isPartOf":{"@id":"https:\/\/kolnberg.com.tr\/#website"},"datePublished":"2022-06-10T09:17:46+00:00","dateModified":"2024-10-13T14:33:44+00:00","breadcrumb":{"@id":"https:\/\/kolnberg.com.tr\/fr\/hakkimizda\/#breadcrumb"},"inLanguage":"es-ESE","potentialAction":[{"@type":"ReadAction","target":["https:\/\/kolnberg.com.tr\/fr\/hakkimizda\/"]}]},{"@type":"BreadcrumbList","@id":"https:\/\/kolnberg.com.tr\/fr\/hakkimizda\/#breadcrumb","itemListElement":[{"@type":"ListItem","position":1,"name":"Anasayfa","item":"https:\/\/kolnberg.com.tr\/es\/"},{"@type":"ListItem","position":2,"name":"\u00c2 propos de nous"}]},{"@type":"WebSite","@id":"https:\/\/kolnberg.com.tr\/#website","url":"https:\/\/kolnberg.com.tr\/","name":"K\u00f6lnberg Clutch","description":"Smart Solutions","publisher":{"@id":"https:\/\/kolnberg.com.tr\/#organization"},"potentialAction":[{"@type":"SearchAction","target":{"@type":"EntryPoint","urlTemplate":"https:\/\/kolnberg.com.tr\/?s={search_term_string}"},"query-input":"required name=search_term_string"}],"inLanguage":"es-ESE"},{"@type":"Organization","@id":"https:\/\/kolnberg.com.tr\/#organization","name":"K\u00f6lnberg Clutch","url":"https:\/\/kolnberg.com.tr\/","sameAs":[],"logo":{"@type":"ImageObject","inLanguage":"es-ESE","@id":"https:\/\/kolnberg.com.tr\/#\/schema\/logo\/image\/","url":"https:\/\/kolnberg.com.tr\/wp-content\/uploads\/2022\/06\/kolnberg-kurumsal-logo.png","contentUrl":"https:\/\/kolnberg.com.tr\/wp-content\/uploads\/2022\/06\/kolnberg-kurumsal-logo.png","width":270,"height":70,"caption":"K\u00f6lnberg Clutch"},"image":{"@id":"https:\/\/kolnberg.com.tr\/#\/schema\/logo\/image\/"}}]}},"_links":{"self":[{"href":"https:\/\/kolnberg.com.tr\/es\/wp-json\/wp\/v2\/pages\/1357"}],"collection":[{"href":"https:\/\/kolnberg.com.tr\/es\/wp-json\/wp\/v2\/pages"}],"about":[{"href":"https:\/\/kolnberg.com.tr\/es\/wp-json\/wp\/v2\/types\/page"}],"author":[{"embeddable":true,"href":"https:\/\/kolnberg.com.tr\/es\/wp-json\/wp\/v2\/users\/3"}],"replies":[{"embeddable":true,"href":"https:\/\/kolnberg.com.tr\/es\/wp-json\/wp\/v2\/comments?post=1357"}],"version-history":[{"count":45,"href":"https:\/\/kolnberg.com.tr\/es\/wp-json\/wp\/v2\/pages\/1357\/revisions"}],"predecessor-version":[{"id":2001,"href":"https:\/\/kolnberg.com.tr\/es\/wp-json\/wp\/v2\/pages\/1357\/revisions\/2001"}],"wp:attachment":[{"href":"https:\/\/kolnberg.com.tr\/es\/wp-json\/wp\/v2\/media?parent=1357"}],"curies":[{"name":"wp","href":"https:\/\/api.w.org\/{rel}","templated":true}]}}