{"id":20,"date":"2016-05-19T06:50:06","date_gmt":"2016-05-19T06:50:06","guid":{"rendered":"http:\/\/themes.g5plus.net\/pithree\/?page_id=20"},"modified":"2024-10-13T14:27:31","modified_gmt":"2024-10-13T14:27:31","slug":"home-1","status":"publish","type":"page","link":"https:\/\/kolnberg.com.tr\/en\/","title":{"rendered":"Home"},"content":{"rendered":"<p>[vc_row][vc_column][rev_slider_vc alias=&#8221;pithree-slider&#8221;][\/vc_column][\/vc_row][vc_row layout=&#8221;container&#8221;][vc_column][vc_empty_space height=&#8221;20px&#8221;][vc_custom_heading text=&#8221;OUR PRODUCTS&#8221; font_container=&#8221;tag:h1|font_size:60|text_align:center|color:%23000000&#8243; google_fonts=&#8221;font_family:Basic%3Aregular|font_style:400%20regular%3A400%3Anormal&#8221;][vc_separator color=&#8221;black&#8221; style=&#8221;shadow&#8221;][vc_empty_space height=&#8221;20px&#8221;][\/vc_column][vc_column width=&#8221;1\/3&#8243;][vc_single_image image=&#8221;1825&#8243; img_size=&#8221;medium&#8221; alignment=&#8221;center&#8221; style=&#8221;vc_box_shadow_3d&#8221; onclick=&#8221;custom_link&#8221;][vc_custom_heading text=&#8221;Clutch Kit&#8221; font_container=&#8221;tag:h2|font_size:30|text_align:center|color:%23000000&#8243; google_fonts=&#8221;font_family:Basic%3Aregular|font_style:400%20regular%3A400%3Anormal&#8221;][vc_custom_heading text=&#8221;More Information&#8221; font_container=&#8221;tag:h4|font_size:18|text_align:center|color:%23f0ce11&#8243; link=&#8221;url:https%3A%2F%2Fkolnberg.com.tr%2Fen%2Furunlerimiz%2F|title:Products||&#8221;][\/vc_column][vc_column width=&#8221;1\/3&#8243;][vc_single_image image=&#8221;1827&#8243; img_size=&#8221;medium&#8221; alignment=&#8221;center&#8221; style=&#8221;vc_box_shadow_3d&#8221; onclick=&#8221;custom_link&#8221;][vc_custom_heading text=&#8221;Single-Mass Flywheel&#8221; font_container=&#8221;tag:h2|font_size:28|text_align:center|color:%23000000&#8243; google_fonts=&#8221;font_family:Basic%3Aregular|font_style:400%20regular%3A400%3Anormal&#8221;][vc_custom_heading text=&#8221;More Information&#8221; font_container=&#8221;tag:h4|font_size:18|text_align:center|color:%23f0ce11&#8243; link=&#8221;url:https%3A%2F%2Fkolnberg.com.tr%2Fen%2Furunlerimiz%2F|title:Products||&#8221;][\/vc_column][vc_column width=&#8221;1\/3&#8243;][vc_single_image image=&#8221;1831&#8243; img_size=&#8221;medium&#8221; alignment=&#8221;center&#8221; style=&#8221;vc_box_shadow_3d&#8221; onclick=&#8221;custom_link&#8221;][vc_custom_heading text=&#8221;Clutch Kit + Flywheel&#8221; font_container=&#8221;tag:h2|font_size:30|text_align:center|color:%23000000&#8243; google_fonts=&#8221;font_family:Basic%3Aregular|font_style:400%20regular%3A400%3Anormal&#8221;][vc_custom_heading text=&#8221;More Information&#8221; font_container=&#8221;tag:h4|font_size:18|text_align:center|color:%23f0ce11&#8243; link=&#8221;url:https%3A%2F%2Fkolnberg.com.tr%2Fen%2Furunlerimiz%2F|title:Products||&#8221;][\/vc_column][vc_column][vc_empty_space height=&#8221;20&#8243;][vc_separator][vc_empty_space height=&#8221;20&#8243;][\/vc_column][vc_column width=&#8221;1\/3&#8243;][vc_single_image image=&#8221;1828&#8243; img_size=&#8221;medium&#8221; alignment=&#8221;center&#8221; style=&#8221;vc_box_shadow_3d&#8221; onclick=&#8221;custom_link&#8221;][vc_custom_heading text=&#8221;Dual-Mass Flywheel&#8221; font_container=&#8221;tag:h2|font_size:30|text_align:center|color:%23000000&#8243; google_fonts=&#8221;font_family:Basic%3Aregular|font_style:400%20regular%3A400%3Anormal&#8221;][vc_custom_heading text=&#8221;More Information&#8221; font_container=&#8221;tag:h4|font_size:18|text_align:center|color:%23f0ce11&#8243; link=&#8221;url:https%3A%2F%2Fkolnberg.com.tr%2Fen%2Furunlerimiz%2F|title:Products||&#8221;][\/vc_column][vc_column width=&#8221;1\/3&#8243;][vc_single_image image=&#8221;1946&#8243; img_size=&#8221;medium&#8221; alignment=&#8221;center&#8221; style=&#8221;vc_box_shadow_3d&#8221; onclick=&#8221;custom_link&#8221;][vc_custom_heading text=&#8221;Tractor Group&#8221; font_container=&#8221;tag:h2|font_size:30|text_align:center|color:%23000000&#8243; google_fonts=&#8221;font_family:Basic%3Aregular|font_style:400%20regular%3A400%3Anormal&#8221;][vc_custom_heading text=&#8221;More Information&#8221; font_container=&#8221;tag:h4|font_size:18|text_align:center|color:%23f0ce11&#8243; link=&#8221;url:https%3A%2F%2Fkolnberg.com.tr%2Fen%2Ftraktor-grubu%2F|title:Products||&#8221;][\/vc_column][vc_column][\/vc_column][\/vc_row][vc_row layout=&#8221;container&#8221; gap=&#8221;10&#8243; equal_height=&#8221;yes&#8221;][vc_column][vc_empty_space height=&#8221;20px&#8221;][vc_custom_heading text=&#8221;CORPORATE&#8221; font_container=&#8221;tag:h1|font_size:60|text_align:center|color:%23000000&#8243; google_fonts=&#8221;font_family:Basic%3Aregular|font_style:400%20regular%3A400%3Anormal&#8221;][vc_separator color=&#8221;black&#8221; style=&#8221;shadow&#8221;][vc_empty_space height=&#8221;20px&#8221;][\/vc_column][vc_column offset=&#8221;vc_col-lg-6&#8243;][vc_empty_space height=&#8221;20px&#8221;][vc_custom_heading text=&#8221;About Us&#8221; font_container=&#8221;tag:h3|text_align:left|color:%23000000&#8243; google_fonts=&#8221;font_family:Basic%3Aregular|font_style:400%20regular%3A400%3Anormal&#8221;][vc_empty_space height=&#8221;15px&#8221;][vc_column_text]K\u00d6LNBERG Clutch was established in Izmir. K\u00d6LNBERG Clutch manufactures clutch sets, single-mass flywheels, dual-mass flywheels (DMF) and converted kits suitable for heavy vehicles (trucks, trucks and buses), light commercial vehicles, passenger cars and tractors for the replacement market. Since its establishment, it has transferred the culture and experience it has gained from the OEM and OES groups of the automotive sector to the replacement market with the K\u00d6LNBERG Clutch brand. With its technological infrastructure and expert staff, it carries out product design and tests in accordance with automotive sector standards within its own structure. It adds new products to its product range every day in line with R&#038;D and P&#038;D studies.<\/p>\n<p><a href=\"https:\/\/kolnberg.com.tr\/en\/hakkimizda\/\">>>> Get to know us >>><\/a>[\/vc_column_text][\/vc_column][vc_column offset=&#8221;vc_col-lg-6&#8243;][vc_column_text]<div id=\"wpfp_8b3b73f3b008c07d77e7ee15e65e4f1f\" data-item=\"{&quot;sources&quot;:[{&quot;src&quot;:&quot;https:\\\/\\\/kolnberg.com.tr\\\/wp-content\\\/uploads\\\/2022\\\/10\\\/KOLNBERG-Introduction_Video.mp4&quot;,&quot;type&quot;:&quot;video\\\/mp4&quot;}],&quot;id&quot;:&quot;13&quot;,&quot;splash&quot;:&quot;https:\\\/\\\/kolnberg.com.tr\\\/wp-content\\\/uploads\\\/2022\\\/07\\\/ekran.png&quot;}\" class=\"flowplayer no-brand is-splash no-svg is-paused skin-slim fp-slim fp-edgy\" data-fv-embed=\"https:\/\/kolnberg.com.tr\/en\/fvp-13\/\" style=\"position:relative; max-width: 1366px; max-height: 768px; \" data-ratio=\"0.5622\">\n\t<div class=\"fp-ratio\" style=\"padding-top: 56.22%\"><\/div>\n\t<img class=\"fp-splash\" alt=\"video\" src=\"https:\/\/kolnberg.com.tr\/wp-content\/uploads\/2022\/07\/ekran.png\" style=\"position:absolute;top:0;width:100%\" \/>\n\t<div class=\"fp-ui\"><noscript>Please enable JavaScript<\/noscript><div class=\"fp-play fp-visible\"><svg class=\"fp-play-sharp-fill\" xmlns=\"http:\/\/www.w3.org\/2000\/svg\" viewBox=\"0 0 100 100\"><defs><style>.fp-color-play{opacity:0.65;}.controlbutton{fill:#fff;}<\/style><\/defs><title>play-sharp-fill<\/title><path class=\"fp-color-play\" d=\"M49.9217-.078a50,50,0,1,0,50,50A50.0564,50.0564,0,0,0,49.9217-.078Z\"\/><polygon class=\"controlbutton\" points=\"73.601 50 37.968 70.573 37.968 29.427 73.601 50\" filter=\"url(#f1)\"\/><\/svg><\/div><div class=\"fp-preload\"><b><\/b><b><\/b><b><\/b><b><\/b><\/div><\/div>\n<div class='fvp-share-bar'><ul class=\"fvp-sharing\">\n    <li><a class=\"sharing-facebook\" href=\"https:\/\/www.facebook.com\/sharer\/sharer.php?u=https%3A%2F%2Fkolnberg.com.tr%2Fen%2F\" target=\"_blank\"><\/a><\/li>\n    <li><a class=\"sharing-twitter\" href=\"https:\/\/twitter.com\/intent\/tweet?text=K%C3%B6lnberg+Clutch+&url=https%3A%2F%2Fkolnberg.com.tr%2Fen%2F\" target=\"_blank\"><\/a><\/li>\n    <li><a class=\"sharing-email\" href=\"mailto:?body=Check%20out%20the%20amazing%20video%20here%3A%20https%3A%2F%2Fkolnberg.com.tr%2Fen%2F\" target=\"_blank\"><\/a><\/li><\/ul><div><a class=\"sharing-link\" href=\"https:\/\/kolnberg.com.tr\/en\/\" target=\"_blank\">Link<\/a><\/div><div><label><a class=\"embed-code-toggle\" href=\"#\"><strong>Embed<\/strong><\/a><\/label><\/div><div class=\"embed-code\"><label>Copy and paste this HTML code into your webpage to embed.<\/label><textarea><\/textarea><\/div><\/div>\n<\/div>\n[\/vc_column_text][vc_empty_space height=&#8221;20px&#8221;][vc_column_text]<a href=\"https:\/\/kolnberg.com.tr\/wp-content\/uploads\/2022\/10\/KOLNBERG-Introduction_Video.mp4\" target=\"_blank\" rel=\"noopener\"><strong><span style=\"color: #ff6600;\">DOWNLOAD VIDEO <\/span><\/strong><\/a>(Right Click On The <strong>&#8220;New Page&#8221;<\/strong> That Opens)[\/vc_column_text][\/vc_column][vc_column][vc_empty_space height=&#8221;20px&#8221;][\/vc_column][\/vc_row][vc_row overlay_mode=&#8221;color&#8221; overlay_color=&#8221;rgba(51,66,81,0.85)&#8221; el_class=&#8221;pd-top-90 pd-bottom-90&#8243; css=&#8221;.vc_custom_1665835145196{background-image: url(https:\/\/kolnberg.com.tr\/wp-content\/uploads\/2022\/06\/slidde.jpg?id=1363) !important;background-position: center !important;background-repeat: no-repeat !important;background-size: cover !important;}&#8221;][vc_column][vc_row_inner layout=&#8221;container&#8221;][vc_column_inner width=&#8221;1\/12&#8243;][vc_empty_space height=&#8221;1px&#8221;][\/vc_column_inner][vc_column_inner width=&#8221;5\/6&#8243; offset=&#8221;vc_col-lg-10&#8243;][vc_custom_heading text=&#8221;Contact Us Now&#8221; font_container=&#8221;tag:h2|font_size:40|text_align:center|color:%23ffffff&#8221; google_fonts=&#8221;font_family:Basic%3Aregular|font_style:400%20regular%3A400%3Anormal&#8221;][vc_custom_heading text=&#8221;For Product Order and Detailed Information, Fill Out the Contact Form.&#8221; font_container=&#8221;tag:h3|font_size:20|text_align:center|color:%23ffffff&#8221; google_fonts=&#8221;font_family:Basic%3Aregular|font_style:400%20regular%3A400%3Anormal&#8221;][vc_btn title=&#8221;Contact Us&#8221; color=&#8221;warning&#8221; size=&#8221;sm&#8221; align=&#8221;center&#8221; i_align=&#8221;right&#8221; i_icon_fontawesome=&#8221;fa fa-phone&#8221; add_icon=&#8221;true&#8221; link=&#8221;url:https%3A%2F%2Fkolnberg.com.tr%2Fen%2Filetisim%2F|title:Contact||&#8221;][\/vc_column_inner][vc_column_inner width=&#8221;1\/12&#8243;][vc_empty_space height=&#8221;1px&#8221;][\/vc_column_inner][\/vc_row_inner][vc_empty_space height=&#8221;10&#8243;][\/vc_column][\/vc_row][vc_row layout=&#8221;container&#8221; gap=&#8221;10&#8243; equal_height=&#8221;yes&#8221;][vc_column][vc_empty_space height=&#8221;20px&#8221;][vc_separator color=&#8221;black&#8221; style=&#8221;shadow&#8221;][vc_empty_space height=&#8221;20px&#8221;][\/vc_column][vc_column width=&#8221;1\/3&#8243;][vc_custom_heading text=&#8221;News | Fair&#8221; font_container=&#8221;tag:h3|text_align:left|color:%23000000&#8243; google_fonts=&#8221;font_family:Basic%3Aregular|font_style:400%20regular%3A400%3Anormal&#8221;][g5plus_posts number=&#8221;5&#8243; columns=&#8221;1&#8243; autoplaytimeout=&#8221;5000&#8243;][\/vc_column][vc_column width=&#8221;1\/3&#8243;][vc_custom_heading text=&#8221;Photo Gallery&#8221; font_container=&#8221;tag:h3|text_align:left|color:%23000000&#8243; google_fonts=&#8221;font_family:Basic%3Aregular|font_style:400%20regular%3A400%3Anormal&#8221;][vc_images_carousel images=&#8221;1891&#8243; img_size=&#8221;medium&#8221;][\/vc_column][vc_column width=&#8221;1\/3&#8243;][\/vc_column][\/vc_row]<\/p>\n","protected":false},"excerpt":{"rendered":"<p>[vc_row][vc_column][rev_slider_vc alias=&#8221;pithree-slider&#8221;][\/vc_column][\/vc_row][vc_row layout=&#8221;container&#8221;][vc_column][vc_empty_space height=&#8221;20px&#8221;][vc_custom_heading text=&#8221;OUR PRODUCTS&#8221; font_container=&#8221;tag:h1|font_size:60|text_align:center|color:%23000000&#8243; google_fonts=&#8221;font_family:Basic%3Aregular|font_style:400%20regular%3A400%3Anormal&#8221;][vc_separator color=&#8221;black&#8221; style=&#8221;shadow&#8221;][vc_empty_space height=&#8221;20px&#8221;][\/vc_column][vc_column width=&#8221;1\/3&#8243;][vc_single_image image=&#8221;1825&#8243; img_size=&#8221;medium&#8221; alignment=&#8221;center&#8221; style=&#8221;vc_box_shadow_3d&#8221; onclick=&#8221;custom_link&#8221;][vc_custom_heading text=&#8221;Clutch Kit&#8221; font_container=&#8221;tag:h2|font_size:30|text_align:center|color:%23000000&#8243; google_fonts=&#8221;font_family:Basic%3Aregular|font_style:400%20regular%3A400%3Anormal&#8221;][vc_custom_heading text=&#8221;More Information&#8221; font_container=&#8221;tag:h4|font_size:18|text_align:center|color:%23f0ce11&#8243; link=&#8221;url:https%3A%2F%2Fkolnberg.com.tr%2Fen%2Furunlerimiz%2F|title:Products||&#8221;][\/vc_column][vc_column width=&#8221;1\/3&#8243;][vc_single_image image=&#8221;1827&#8243; img_size=&#8221;medium&#8221; alignment=&#8221;center&#8221; style=&#8221;vc_box_shadow_3d&#8221; onclick=&#8221;custom_link&#8221;][vc_custom_heading text=&#8221;Single-Mass Flywheel&#8221; font_container=&#8221;tag:h2|font_size:28|text_align:center|color:%23000000&#8243; google_fonts=&#8221;font_family:Basic%3Aregular|font_style:400%20regular%3A400%3Anormal&#8221;][vc_custom_heading text=&#8221;More Information&#8221; font_container=&#8221;tag:h4|font_size:18|text_align:center|color:%23f0ce11&#8243; link=&#8221;url:https%3A%2F%2Fkolnberg.com.tr%2Fen%2Furunlerimiz%2F|title:Products||&#8221;][\/vc_column][vc_column width=&#8221;1\/3&#8243;][vc_single_image image=&#8221;1831&#8243; img_size=&#8221;medium&#8221; alignment=&#8221;center&#8221; style=&#8221;vc_box_shadow_3d&#8221; onclick=&#8221;custom_link&#8221;][vc_custom_heading text=&#8221;Clutch Kit + Flywheel&#8221; font_container=&#8221;tag:h2|font_size:30|text_align:center|color:%23000000&#8243; google_fonts=&#8221;font_family:Basic%3Aregular|font_style:400%20regular%3A400%3Anormal&#8221;][vc_custom_heading text=&#8221;More Information&#8221; font_container=&#8221;tag:h4|font_size:18|text_align:center|color:%23f0ce11&#8243; link=&#8221;url:https%3A%2F%2Fkolnberg.com.tr%2Fen%2Furunlerimiz%2F|title:Products||&#8221;][\/vc_column][vc_column][vc_empty_space [&hellip;]<\/p>\n","protected":false},"author":3,"featured_media":1550,"parent":0,"menu_order":0,"comment_status":"closed","ping_status":"closed","template":"","meta":[],"yoast_head":"<!-- This site is optimized with the Yoast SEO plugin v19.7.2 - https:\/\/yoast.com\/wordpress\/plugins\/seo\/ -->\n<title>K\u00f6lnberg Debriyaj ve Volan<\/title>\n<meta name=\"description\" content=\"K\u00f6lnberg debriyaj fabrikam\u0131z \u0130zmir&#039;de \u00fcretim yapmaktad\u0131r. Aftermarket i\u00e7in debriyaj, tek k\u00fctleli volan, \u00e7ift k\u00fctleli volan (DMF), debriyaj seti ve d\u00f6n\u00fc\u015ft\u00fcr\u00fclm\u00fc\u015f set \u00fcreticisidir. Uzman kadroya ve teknolojik altyap\u0131ya sahiptir. Y\u00fcksek kalitede ve uygun fiyatta \u00fcretir. K\u00f6lnberg ve Volmerk markas\u0131 ile \u00fcretim yapmaktad\u0131r. Bast debriyaj.\" \/>\n<meta name=\"robots\" content=\"index, follow, max-snippet:-1, max-image-preview:large, max-video-preview:-1\" \/>\n<link rel=\"canonical\" href=\"https:\/\/kolnberg.com.tr\/es\/\" \/>\n<meta property=\"og:locale\" content=\"en_US\" \/>\n<meta property=\"og:type\" content=\"article\" \/>\n<meta property=\"og:title\" content=\"K\u00f6lnberg Debriyaj ve Volan\" \/>\n<meta property=\"og:description\" content=\"K\u00f6lnberg debriyaj fabrikam\u0131z \u0130zmir&#039;de \u00fcretim yapmaktad\u0131r. Aftermarket i\u00e7in debriyaj, tek k\u00fctleli volan, \u00e7ift k\u00fctleli volan (DMF), debriyaj seti ve d\u00f6n\u00fc\u015ft\u00fcr\u00fclm\u00fc\u015f set \u00fcreticisidir. Uzman kadroya ve teknolojik altyap\u0131ya sahiptir. Y\u00fcksek kalitede ve uygun fiyatta \u00fcretir. K\u00f6lnberg ve Volmerk markas\u0131 ile \u00fcretim yapmaktad\u0131r. Bast debriyaj.\" \/>\n<meta property=\"og:url\" content=\"https:\/\/kolnberg.com.tr\/es\/\" \/>\n<meta property=\"og:site_name\" content=\"K\u00f6lnberg Clutch\" \/>\n<meta property=\"article:modified_time\" content=\"2024-10-13T14:27:31+00:00\" \/>\n<meta property=\"og:image\" content=\"https:\/\/kolnberg.com.tr\/wp-content\/uploads\/2022\/07\/ekran.png\" \/>\n\t<meta property=\"og:image:width\" content=\"1366\" \/>\n\t<meta property=\"og:image:height\" content=\"768\" \/>\n\t<meta property=\"og:image:type\" content=\"image\/png\" \/>\n<meta name=\"twitter:card\" content=\"summary_large_image\" \/>\n<meta name=\"twitter:label1\" content=\"Est. reading time\" \/>\n\t<meta name=\"twitter:data1\" content=\"2 minutes\" \/>\n<script type=\"application\/ld+json\" class=\"yoast-schema-graph\">{\"@context\":\"https:\/\/schema.org\",\"@graph\":[{\"@type\":\"WebPage\",\"@id\":\"https:\/\/kolnberg.com.tr\/es\/\",\"url\":\"https:\/\/kolnberg.com.tr\/es\/\",\"name\":\"K\u00f6lnberg Debriyaj ve Volan\",\"isPartOf\":{\"@id\":\"https:\/\/kolnberg.com.tr\/#website\"},\"datePublished\":\"2016-05-19T06:50:06+00:00\",\"dateModified\":\"2024-10-13T14:27:31+00:00\",\"description\":\"K\u00f6lnberg debriyaj fabrikam\u0131z \u0130zmir'de \u00fcretim yapmaktad\u0131r. Aftermarket i\u00e7in debriyaj, tek k\u00fctleli volan, \u00e7ift k\u00fctleli volan (DMF), debriyaj seti ve d\u00f6n\u00fc\u015ft\u00fcr\u00fclm\u00fc\u015f set \u00fcreticisidir. Uzman kadroya ve teknolojik altyap\u0131ya sahiptir. Y\u00fcksek kalitede ve uygun fiyatta \u00fcretir. K\u00f6lnberg ve Volmerk markas\u0131 ile \u00fcretim yapmaktad\u0131r. Bast debriyaj.\",\"breadcrumb\":{\"@id\":\"https:\/\/kolnberg.com.tr\/es\/#breadcrumb\"},\"inLanguage\":\"en-US\",\"potentialAction\":[{\"@type\":\"ReadAction\",\"target\":[\"https:\/\/kolnberg.com.tr\/es\/\"]}]},{\"@type\":\"BreadcrumbList\",\"@id\":\"https:\/\/kolnberg.com.tr\/es\/#breadcrumb\",\"itemListElement\":[{\"@type\":\"ListItem\",\"position\":1,\"name\":\"Anasayfa\",\"item\":\"https:\/\/kolnberg.com.tr\/es\/\"},{\"@type\":\"ListItem\",\"position\":2,\"name\":\"P\u00e1gina de inicio\"}]},{\"@type\":\"WebSite\",\"@id\":\"https:\/\/kolnberg.com.tr\/#website\",\"url\":\"https:\/\/kolnberg.com.tr\/\",\"name\":\"K\u00f6lnberg Clutch\",\"description\":\"Smart Solutions\",\"publisher\":{\"@id\":\"https:\/\/kolnberg.com.tr\/#organization\"},\"potentialAction\":[{\"@type\":\"SearchAction\",\"target\":{\"@type\":\"EntryPoint\",\"urlTemplate\":\"https:\/\/kolnberg.com.tr\/?s={search_term_string}\"},\"query-input\":\"required name=search_term_string\"}],\"inLanguage\":\"en-US\"},{\"@type\":\"Organization\",\"@id\":\"https:\/\/kolnberg.com.tr\/#organization\",\"name\":\"K\u00f6lnberg Clutch\",\"url\":\"https:\/\/kolnberg.com.tr\/\",\"sameAs\":[],\"logo\":{\"@type\":\"ImageObject\",\"inLanguage\":\"en-US\",\"@id\":\"https:\/\/kolnberg.com.tr\/#\/schema\/logo\/image\/\",\"url\":\"https:\/\/kolnberg.com.tr\/wp-content\/uploads\/2022\/06\/kolnberg-kurumsal-logo.png\",\"contentUrl\":\"https:\/\/kolnberg.com.tr\/wp-content\/uploads\/2022\/06\/kolnberg-kurumsal-logo.png\",\"width\":270,\"height\":70,\"caption\":\"K\u00f6lnberg Clutch\"},\"image\":{\"@id\":\"https:\/\/kolnberg.com.tr\/#\/schema\/logo\/image\/\"}}]}<\/script>\n<!-- \/ Yoast SEO plugin. -->","yoast_head_json":{"title":"K\u00f6lnberg Debriyaj ve Volan","description":"K\u00f6lnberg debriyaj fabrikam\u0131z \u0130zmir'de \u00fcretim yapmaktad\u0131r. Aftermarket i\u00e7in debriyaj, tek k\u00fctleli volan, \u00e7ift k\u00fctleli volan (DMF), debriyaj seti ve d\u00f6n\u00fc\u015ft\u00fcr\u00fclm\u00fc\u015f set \u00fcreticisidir. Uzman kadroya ve teknolojik altyap\u0131ya sahiptir. Y\u00fcksek kalitede ve uygun fiyatta \u00fcretir. K\u00f6lnberg ve Volmerk markas\u0131 ile \u00fcretim yapmaktad\u0131r. Bast debriyaj.","robots":{"index":"index","follow":"follow","max-snippet":"max-snippet:-1","max-image-preview":"max-image-preview:large","max-video-preview":"max-video-preview:-1"},"canonical":"https:\/\/kolnberg.com.tr\/es\/","og_locale":"en_US","og_type":"article","og_title":"K\u00f6lnberg Debriyaj ve Volan","og_description":"K\u00f6lnberg debriyaj fabrikam\u0131z \u0130zmir'de \u00fcretim yapmaktad\u0131r. Aftermarket i\u00e7in debriyaj, tek k\u00fctleli volan, \u00e7ift k\u00fctleli volan (DMF), debriyaj seti ve d\u00f6n\u00fc\u015ft\u00fcr\u00fclm\u00fc\u015f set \u00fcreticisidir. Uzman kadroya ve teknolojik altyap\u0131ya sahiptir. Y\u00fcksek kalitede ve uygun fiyatta \u00fcretir. K\u00f6lnberg ve Volmerk markas\u0131 ile \u00fcretim yapmaktad\u0131r. Bast debriyaj.","og_url":"https:\/\/kolnberg.com.tr\/es\/","og_site_name":"K\u00f6lnberg Clutch","article_modified_time":"2024-10-13T14:27:31+00:00","og_image":[{"width":1366,"height":768,"url":"https:\/\/kolnberg.com.tr\/wp-content\/uploads\/2022\/07\/ekran.png","type":"image\/png"}],"twitter_card":"summary_large_image","twitter_misc":{"Est. reading time":"2 minutes"},"schema":{"@context":"https:\/\/schema.org","@graph":[{"@type":"WebPage","@id":"https:\/\/kolnberg.com.tr\/es\/","url":"https:\/\/kolnberg.com.tr\/es\/","name":"K\u00f6lnberg Debriyaj ve Volan","isPartOf":{"@id":"https:\/\/kolnberg.com.tr\/#website"},"datePublished":"2016-05-19T06:50:06+00:00","dateModified":"2024-10-13T14:27:31+00:00","description":"K\u00f6lnberg debriyaj fabrikam\u0131z \u0130zmir'de \u00fcretim yapmaktad\u0131r. Aftermarket i\u00e7in debriyaj, tek k\u00fctleli volan, \u00e7ift k\u00fctleli volan (DMF), debriyaj seti ve d\u00f6n\u00fc\u015ft\u00fcr\u00fclm\u00fc\u015f set \u00fcreticisidir. Uzman kadroya ve teknolojik altyap\u0131ya sahiptir. Y\u00fcksek kalitede ve uygun fiyatta \u00fcretir. K\u00f6lnberg ve Volmerk markas\u0131 ile \u00fcretim yapmaktad\u0131r. Bast debriyaj.","breadcrumb":{"@id":"https:\/\/kolnberg.com.tr\/es\/#breadcrumb"},"inLanguage":"en-US","potentialAction":[{"@type":"ReadAction","target":["https:\/\/kolnberg.com.tr\/es\/"]}]},{"@type":"BreadcrumbList","@id":"https:\/\/kolnberg.com.tr\/es\/#breadcrumb","itemListElement":[{"@type":"ListItem","position":1,"name":"Anasayfa","item":"https:\/\/kolnberg.com.tr\/es\/"},{"@type":"ListItem","position":2,"name":"P\u00e1gina de inicio"}]},{"@type":"WebSite","@id":"https:\/\/kolnberg.com.tr\/#website","url":"https:\/\/kolnberg.com.tr\/","name":"K\u00f6lnberg Clutch","description":"Smart Solutions","publisher":{"@id":"https:\/\/kolnberg.com.tr\/#organization"},"potentialAction":[{"@type":"SearchAction","target":{"@type":"EntryPoint","urlTemplate":"https:\/\/kolnberg.com.tr\/?s={search_term_string}"},"query-input":"required name=search_term_string"}],"inLanguage":"en-US"},{"@type":"Organization","@id":"https:\/\/kolnberg.com.tr\/#organization","name":"K\u00f6lnberg Clutch","url":"https:\/\/kolnberg.com.tr\/","sameAs":[],"logo":{"@type":"ImageObject","inLanguage":"en-US","@id":"https:\/\/kolnberg.com.tr\/#\/schema\/logo\/image\/","url":"https:\/\/kolnberg.com.tr\/wp-content\/uploads\/2022\/06\/kolnberg-kurumsal-logo.png","contentUrl":"https:\/\/kolnberg.com.tr\/wp-content\/uploads\/2022\/06\/kolnberg-kurumsal-logo.png","width":270,"height":70,"caption":"K\u00f6lnberg Clutch"},"image":{"@id":"https:\/\/kolnberg.com.tr\/#\/schema\/logo\/image\/"}}]}},"_links":{"self":[{"href":"https:\/\/kolnberg.com.tr\/en\/wp-json\/wp\/v2\/pages\/20"}],"collection":[{"href":"https:\/\/kolnberg.com.tr\/en\/wp-json\/wp\/v2\/pages"}],"about":[{"href":"https:\/\/kolnberg.com.tr\/en\/wp-json\/wp\/v2\/types\/page"}],"author":[{"embeddable":true,"href":"https:\/\/kolnberg.com.tr\/en\/wp-json\/wp\/v2\/users\/3"}],"replies":[{"embeddable":true,"href":"https:\/\/kolnberg.com.tr\/en\/wp-json\/wp\/v2\/comments?post=20"}],"version-history":[{"count":175,"href":"https:\/\/kolnberg.com.tr\/en\/wp-json\/wp\/v2\/pages\/20\/revisions"}],"predecessor-version":[{"id":1998,"href":"https:\/\/kolnberg.com.tr\/en\/wp-json\/wp\/v2\/pages\/20\/revisions\/1998"}],"wp:featuredmedia":[{"embeddable":true,"href":"https:\/\/kolnberg.com.tr\/en\/wp-json\/wp\/v2\/media\/1550"}],"wp:attachment":[{"href":"https:\/\/kolnberg.com.tr\/en\/wp-json\/wp\/v2\/media?parent=20"}],"curies":[{"name":"wp","href":"https:\/\/api.w.org\/{rel}","templated":true}]}}