{"id":1357,"date":"2022-06-10T09:17:46","date_gmt":"2022-06-10T09:17:46","guid":{"rendered":"https:\/\/kolnberg.com.tr\/?page_id=1357"},"modified":"2024-10-13T14:33:44","modified_gmt":"2024-10-13T14:33:44","slug":"hakkimizda","status":"publish","type":"page","link":"https:\/\/kolnberg.com.tr\/en\/hakkimizda\/","title":{"rendered":"About Us"},"content":{"rendered":"<p>[vc_row][vc_column width=&#8221;1\/2&#8243;][vc_column_text]K\u00d6LNBERG Clutch was established in Izmir. K\u00d6LNBERG Clutch manufactures clutch sets, single-mass flywheels, dual-mass flywheels (DMF) and converted kits suitable for heavy vehicles (trucks, trucks and buses), light commercial vehicles, passenger cars and tractors for the replacement market. Since its establishment, it has transferred the culture and experience it has gained from the OEM and OES groups of the automotive sector to the replacement market with the K\u00d6LNBERG Clutch brand. With its technological infrastructure and expert staff, it carries out product design and tests in accordance with automotive sector standards within its own structure. It adds new products to its product range every day in line with R&#038;D and P&#038;D studies.<\/p>\n<p style=\"text-align: justify;\"><span style=\"color: black;\"><strong>Mission:<\/strong> To offer efficient alternatives to the national and international automotive aftermarket by designing and producing high quality and affordable spare parts without compromising their values.<\/span><\/p>\n<p style=\"text-align: justify;\"><span style=\"color: black;\"><strong>Vision:<\/strong> To be reliable for all business partners and end users in the sector, with the motto of \u201cRational solutions\u201d and \u201cEconomical, Not Cheap\u201d. To become a sought-after brand with the high added value it creates. To offer high quality spare parts to the aftermarket under the most favorable conditions with original designs and solutions.<\/span><\/p>\n<p>[\/vc_column_text][\/vc_column][vc_column width=&#8221;1\/2&#8243;][vc_empty_space height=&#8221;15px&#8221;][vc_single_image image=&#8221;1838&#8243; img_size=&#8221;full&#8221;][vc_empty_space height=&#8221;15px&#8221;][\/vc_column][\/vc_row]<\/p>\n","protected":false},"excerpt":{"rendered":"<p>[vc_row][vc_column width=&#8221;1\/2&#8243;][vc_column_text]K\u00d6LNBERG Clutch was established in Izmir. K\u00d6LNBERG Clutch manufactures clutch sets, single-mass flywheels, dual-mass flywheels (DMF) and converted kits suitable for heavy vehicles (trucks, trucks and buses), light commercial vehicles, passenger cars and tractors for the replacement market. Since its establishment, it has transferred the culture and experience it has gained from the OEM [&hellip;]<\/p>\n","protected":false},"author":3,"featured_media":0,"parent":0,"menu_order":0,"comment_status":"closed","ping_status":"closed","template":"","meta":[],"yoast_head":"<!-- This site is optimized with the Yoast SEO plugin v19.7.2 - https:\/\/yoast.com\/wordpress\/plugins\/seo\/ -->\n<title>About Us - K\u00f6lnberg Clutch<\/title>\n<meta name=\"robots\" content=\"index, follow, max-snippet:-1, max-image-preview:large, max-video-preview:-1\" \/>\n<link rel=\"canonical\" href=\"https:\/\/kolnberg.com.tr\/fr\/hakkimizda\/\" \/>\n<meta property=\"og:locale\" content=\"en_US\" \/>\n<meta property=\"og:type\" content=\"article\" \/>\n<meta property=\"og:title\" content=\"About Us\" \/>\n<meta property=\"og:description\" content=\"[vc_row][vc_column width=&#8221;1\/2&#8243;][vc_column_text]K\u00d6LNBERG Clutch was established in Izmir. K\u00d6LNBERG Clutch manufactures clutch sets, single-mass flywheels, dual-mass flywheels (DMF) and converted kits suitable for heavy vehicles (trucks, trucks and buses), light commercial vehicles, passenger cars and tractors for the replacement market. Since its establishment, it has transferred the culture and experience it has gained from the OEM [&hellip;]\" \/>\n<meta property=\"og:url\" content=\"https:\/\/kolnberg.com.tr\/fr\/hakkimizda\/\" \/>\n<meta property=\"og:site_name\" content=\"K\u00f6lnberg Clutch\" \/>\n<meta property=\"article:modified_time\" content=\"2024-10-13T14:33:44+00:00\" \/>\n<meta name=\"twitter:card\" content=\"summary_large_image\" \/>\n<meta name=\"twitter:label1\" content=\"Est. reading time\" \/>\n\t<meta name=\"twitter:data1\" content=\"2 minutes\" \/>\n<script type=\"application\/ld+json\" class=\"yoast-schema-graph\">{\"@context\":\"https:\/\/schema.org\",\"@graph\":[{\"@type\":\"WebPage\",\"@id\":\"https:\/\/kolnberg.com.tr\/fr\/hakkimizda\/\",\"url\":\"https:\/\/kolnberg.com.tr\/fr\/hakkimizda\/\",\"name\":\"[:tr]Hakk\u0131m\u0131zda[:en]About Us[:fr]\u00c2 propos de nous[:es]Sobre Nosotros[:ru]\u041e \u043d\u0430\u0441[:] - K\u00f6lnberg Clutch\",\"isPartOf\":{\"@id\":\"https:\/\/kolnberg.com.tr\/#website\"},\"datePublished\":\"2022-06-10T09:17:46+00:00\",\"dateModified\":\"2024-10-13T14:33:44+00:00\",\"breadcrumb\":{\"@id\":\"https:\/\/kolnberg.com.tr\/fr\/hakkimizda\/#breadcrumb\"},\"inLanguage\":\"en-US\",\"potentialAction\":[{\"@type\":\"ReadAction\",\"target\":[\"https:\/\/kolnberg.com.tr\/fr\/hakkimizda\/\"]}]},{\"@type\":\"BreadcrumbList\",\"@id\":\"https:\/\/kolnberg.com.tr\/fr\/hakkimizda\/#breadcrumb\",\"itemListElement\":[{\"@type\":\"ListItem\",\"position\":1,\"name\":\"Anasayfa\",\"item\":\"https:\/\/kolnberg.com.tr\/es\/\"},{\"@type\":\"ListItem\",\"position\":2,\"name\":\"\u00c2 propos de nous\"}]},{\"@type\":\"WebSite\",\"@id\":\"https:\/\/kolnberg.com.tr\/#website\",\"url\":\"https:\/\/kolnberg.com.tr\/\",\"name\":\"K\u00f6lnberg Clutch\",\"description\":\"Smart Solutions\",\"publisher\":{\"@id\":\"https:\/\/kolnberg.com.tr\/#organization\"},\"potentialAction\":[{\"@type\":\"SearchAction\",\"target\":{\"@type\":\"EntryPoint\",\"urlTemplate\":\"https:\/\/kolnberg.com.tr\/?s={search_term_string}\"},\"query-input\":\"required name=search_term_string\"}],\"inLanguage\":\"en-US\"},{\"@type\":\"Organization\",\"@id\":\"https:\/\/kolnberg.com.tr\/#organization\",\"name\":\"K\u00f6lnberg Clutch\",\"url\":\"https:\/\/kolnberg.com.tr\/\",\"sameAs\":[],\"logo\":{\"@type\":\"ImageObject\",\"inLanguage\":\"en-US\",\"@id\":\"https:\/\/kolnberg.com.tr\/#\/schema\/logo\/image\/\",\"url\":\"https:\/\/kolnberg.com.tr\/wp-content\/uploads\/2022\/06\/kolnberg-kurumsal-logo.png\",\"contentUrl\":\"https:\/\/kolnberg.com.tr\/wp-content\/uploads\/2022\/06\/kolnberg-kurumsal-logo.png\",\"width\":270,\"height\":70,\"caption\":\"K\u00f6lnberg Clutch\"},\"image\":{\"@id\":\"https:\/\/kolnberg.com.tr\/#\/schema\/logo\/image\/\"}}]}<\/script>\n<!-- \/ Yoast SEO plugin. -->","yoast_head_json":{"title":"About Us - K\u00f6lnberg Clutch","robots":{"index":"index","follow":"follow","max-snippet":"max-snippet:-1","max-image-preview":"max-image-preview:large","max-video-preview":"max-video-preview:-1"},"canonical":"https:\/\/kolnberg.com.tr\/fr\/hakkimizda\/","og_locale":"en_US","og_type":"article","og_title":"[:tr]Hakk\u0131m\u0131zda[:en]About Us[:fr]\u00c2 propos de nous[:es]Sobre Nosotros[:ru]\u041e \u043d\u0430\u0441[:] - K\u00f6lnberg Clutch","og_description":"[vc_row][vc_column width=&#8221;1\/2&#8243;][vc_column_text]K\u00d6LNBERG Clutch was established in Izmir. K\u00d6LNBERG Clutch manufactures clutch sets, single-mass flywheels, dual-mass flywheels (DMF) and converted kits suitable for heavy vehicles (trucks, trucks and buses), light commercial vehicles, passenger cars and tractors for the replacement market. Since its establishment, it has transferred the culture and experience it has gained from the OEM [&hellip;]","og_url":"https:\/\/kolnberg.com.tr\/fr\/hakkimizda\/","og_site_name":"K\u00f6lnberg Clutch","article_modified_time":"2024-10-13T14:33:44+00:00","twitter_card":"summary_large_image","twitter_misc":{"Est. reading time":"2 minutes"},"schema":{"@context":"https:\/\/schema.org","@graph":[{"@type":"WebPage","@id":"https:\/\/kolnberg.com.tr\/fr\/hakkimizda\/","url":"https:\/\/kolnberg.com.tr\/fr\/hakkimizda\/","name":"[:tr]Hakk\u0131m\u0131zda[:en]About Us[:fr]\u00c2 propos de nous[:es]Sobre Nosotros[:ru]\u041e \u043d\u0430\u0441[:] - K\u00f6lnberg Clutch","isPartOf":{"@id":"https:\/\/kolnberg.com.tr\/#website"},"datePublished":"2022-06-10T09:17:46+00:00","dateModified":"2024-10-13T14:33:44+00:00","breadcrumb":{"@id":"https:\/\/kolnberg.com.tr\/fr\/hakkimizda\/#breadcrumb"},"inLanguage":"en-US","potentialAction":[{"@type":"ReadAction","target":["https:\/\/kolnberg.com.tr\/fr\/hakkimizda\/"]}]},{"@type":"BreadcrumbList","@id":"https:\/\/kolnberg.com.tr\/fr\/hakkimizda\/#breadcrumb","itemListElement":[{"@type":"ListItem","position":1,"name":"Anasayfa","item":"https:\/\/kolnberg.com.tr\/es\/"},{"@type":"ListItem","position":2,"name":"\u00c2 propos de nous"}]},{"@type":"WebSite","@id":"https:\/\/kolnberg.com.tr\/#website","url":"https:\/\/kolnberg.com.tr\/","name":"K\u00f6lnberg Clutch","description":"Smart Solutions","publisher":{"@id":"https:\/\/kolnberg.com.tr\/#organization"},"potentialAction":[{"@type":"SearchAction","target":{"@type":"EntryPoint","urlTemplate":"https:\/\/kolnberg.com.tr\/?s={search_term_string}"},"query-input":"required name=search_term_string"}],"inLanguage":"en-US"},{"@type":"Organization","@id":"https:\/\/kolnberg.com.tr\/#organization","name":"K\u00f6lnberg Clutch","url":"https:\/\/kolnberg.com.tr\/","sameAs":[],"logo":{"@type":"ImageObject","inLanguage":"en-US","@id":"https:\/\/kolnberg.com.tr\/#\/schema\/logo\/image\/","url":"https:\/\/kolnberg.com.tr\/wp-content\/uploads\/2022\/06\/kolnberg-kurumsal-logo.png","contentUrl":"https:\/\/kolnberg.com.tr\/wp-content\/uploads\/2022\/06\/kolnberg-kurumsal-logo.png","width":270,"height":70,"caption":"K\u00f6lnberg Clutch"},"image":{"@id":"https:\/\/kolnberg.com.tr\/#\/schema\/logo\/image\/"}}]}},"_links":{"self":[{"href":"https:\/\/kolnberg.com.tr\/en\/wp-json\/wp\/v2\/pages\/1357"}],"collection":[{"href":"https:\/\/kolnberg.com.tr\/en\/wp-json\/wp\/v2\/pages"}],"about":[{"href":"https:\/\/kolnberg.com.tr\/en\/wp-json\/wp\/v2\/types\/page"}],"author":[{"embeddable":true,"href":"https:\/\/kolnberg.com.tr\/en\/wp-json\/wp\/v2\/users\/3"}],"replies":[{"embeddable":true,"href":"https:\/\/kolnberg.com.tr\/en\/wp-json\/wp\/v2\/comments?post=1357"}],"version-history":[{"count":45,"href":"https:\/\/kolnberg.com.tr\/en\/wp-json\/wp\/v2\/pages\/1357\/revisions"}],"predecessor-version":[{"id":2001,"href":"https:\/\/kolnberg.com.tr\/en\/wp-json\/wp\/v2\/pages\/1357\/revisions\/2001"}],"wp:attachment":[{"href":"https:\/\/kolnberg.com.tr\/en\/wp-json\/wp\/v2\/media?parent=1357"}],"curies":[{"name":"wp","href":"https:\/\/api.w.org\/{rel}","templated":true}]}}